{"id":6245,"date":"2025-02-03T09:03:16","date_gmt":"2025-02-03T08:03:16","guid":{"rendered":"https:\/\/lucalifestyle.com\/?page_id=6245"},"modified":"2025-02-10T13:53:50","modified_gmt":"2025-02-10T12:53:50","slug":"vielen-dank-fur-ihre-anfrage","status":"publish","type":"page","link":"https:\/\/lucalifestyle.com\/de\/vielen-dank-fur-ihre-anfrage\/","title":{"rendered":"Vielen Dank f\u00fcr Ihre Anfrage"},"content":{"rendered":"\n\n\t<p>Vielen Dank f\u00fcr Ihre Anfrage<\/p>\n\t<p>Wir haben Ihre Anfrage erfolgreich erhalten. Wir werden Sie innerhalb eines Werktages kontaktieren.<\/p>\n\t\t\tHochwertige Qualit\u00e4t\n\t\t\n\t\t\t<p>Luca Lifestyle kombiniert das Beste aus 2 Welten: Pflanzgef\u00e4\u00dfe mit nat\u00fcrlichem Aussehen, aber mit der robusten und pflegeleichten Beschaffenheit von Polyester. Dadurch sind alle Produkte leicht, witterungsbest\u00e4ndig und k\u00f6nnen sowohl im Innen- als auch im Au\u00dfenbereich verwendet werden.<\/p>\n\t\t\tWeltweit verf\u00fcgbar\n\t\t\n\t\t\t<p>Unsere Produkte k\u00f6nnen weltweit per Direktcontainer aus unserer Fabrik in Vietnam oder direkt aus unserem eigenen Lager verschickt werden. In unserem Lager in Veen (Nordbrabant, Niederlande) ist der gr\u00f6\u00dfte Teil der Kollektion sofort verf\u00fcgbar.<\/p>\n\t\t\tAusgezeichneter Service\n\t\t\n\t\t\t<p>Unser erfahrenes Team ber\u00e4t Sie gerne bei der Zusammenstellung einer Kollektion, der richtigen Auswahl von Projekten und hilft bei anderen Fragen. Der pers\u00f6nliche Kontakt gew\u00e4hrleistet eine optimale Zusammenarbeit, auf die wir bei Luca Lifestyle gro\u00dfen Wert legen. Wir freuen uns, Ihnen zur Verf\u00fcgung zu stehen.<\/p>\n\n","protected":false},"excerpt":{"rendered":"<p>Vielen Dank f\u00fcr Ihre Anfrage Wir haben Ihre Anfrage erfolgreich erhalten. Wir werden Sie innerhalb eines Werktages kontaktieren. Hochwertige Qualit\u00e4t Luca Lifestyle kombiniert das Beste aus 2 Welten: Pflanzgef\u00e4\u00dfe mit nat\u00fcrlichem Aussehen, aber mit der robusten und pflegeleichten Beschaffenheit von Polyester. Dadurch sind alle Produkte leicht, witterungsbest\u00e4ndig und k\u00f6nnen sowohl im Innen- als auch im&hellip;<\/p>\n","protected":false},"author":20,"featured_media":0,"parent":0,"menu_order":0,"comment_status":"closed","ping_status":"closed","template":"","meta":{"footnotes":""},"class_list":["post-6245","page","type-page","status-publish","hentry"],"yoast_head":"<!-- This site is optimized with the Yoast SEO plugin v27.4 - https:\/\/yoast.com\/product\/yoast-seo-wordpress\/ -->\n<title>Vielen Dank f\u00fcr Ihre Anfrage - Luca Lifestyle<\/title>\n<meta name=\"robots\" content=\"index, follow, max-snippet:-1, max-image-preview:large, max-video-preview:-1\" \/>\n<link rel=\"canonical\" href=\"https:\/\/lucalifestyle.com\/de\/vielen-dank-fur-ihre-anfrage\/\" \/>\n<meta property=\"og:locale\" content=\"de_DE\" \/>\n<meta property=\"og:type\" content=\"article\" \/>\n<meta property=\"og:title\" content=\"Vielen Dank f\u00fcr Ihre Anfrage - Luca Lifestyle\" \/>\n<meta property=\"og:description\" content=\"Vielen Dank f\u00fcr Ihre Anfrage Wir haben Ihre Anfrage erfolgreich erhalten. Wir werden Sie innerhalb eines Werktages kontaktieren. Hochwertige Qualit\u00e4t Luca Lifestyle kombiniert das Beste aus 2 Welten: Pflanzgef\u00e4\u00dfe mit nat\u00fcrlichem Aussehen, aber mit der robusten und pflegeleichten Beschaffenheit von Polyester. Dadurch sind alle Produkte leicht, witterungsbest\u00e4ndig und k\u00f6nnen sowohl im Innen- als auch im&hellip;\" \/>\n<meta property=\"og:url\" content=\"https:\/\/lucalifestyle.com\/de\/vielen-dank-fur-ihre-anfrage\/\" \/>\n<meta property=\"og:site_name\" content=\"Luca Lifestyle\" \/>\n<meta property=\"article:publisher\" content=\"https:\/\/www.facebook.com\/LucaLifestyle.nl\" \/>\n<meta property=\"article:modified_time\" content=\"2025-02-10T12:53:50+00:00\" \/>\n<meta name=\"twitter:card\" content=\"summary_large_image\" \/>\n<meta name=\"twitter:label1\" content=\"Gesch\u00e4tzte Lesezeit\" \/>\n\t<meta name=\"twitter:data1\" content=\"1\u00a0Minute\" \/>\n<script type=\"application\/ld+json\" class=\"yoast-schema-graph\">{\"@context\":\"https:\\\/\\\/schema.org\",\"@graph\":[{\"@type\":\"WebPage\",\"@id\":\"https:\\\/\\\/lucalifestyle.com\\\/de\\\/vielen-dank-fur-ihre-anfrage\\\/\",\"url\":\"https:\\\/\\\/lucalifestyle.com\\\/de\\\/vielen-dank-fur-ihre-anfrage\\\/\",\"name\":\"Vielen Dank f\u00fcr Ihre Anfrage - Luca Lifestyle\",\"isPartOf\":{\"@id\":\"https:\\\/\\\/lucalifestyle.com\\\/de\\\/#website\"},\"datePublished\":\"2025-02-03T08:03:16+00:00\",\"dateModified\":\"2025-02-10T12:53:50+00:00\",\"breadcrumb\":{\"@id\":\"https:\\\/\\\/lucalifestyle.com\\\/de\\\/vielen-dank-fur-ihre-anfrage\\\/#breadcrumb\"},\"inLanguage\":\"de\",\"potentialAction\":[{\"@type\":\"ReadAction\",\"target\":[\"https:\\\/\\\/lucalifestyle.com\\\/de\\\/vielen-dank-fur-ihre-anfrage\\\/\"]}]},{\"@type\":\"BreadcrumbList\",\"@id\":\"https:\\\/\\\/lucalifestyle.com\\\/de\\\/vielen-dank-fur-ihre-anfrage\\\/#breadcrumb\",\"itemListElement\":[{\"@type\":\"ListItem\",\"position\":1,\"name\":\"Home\",\"item\":\"https:\\\/\\\/lucalifestyle.com\\\/de\\\/\"},{\"@type\":\"ListItem\",\"position\":2,\"name\":\"Vielen Dank f\u00fcr Ihre Anfrage\"}]},{\"@type\":\"WebSite\",\"@id\":\"https:\\\/\\\/lucalifestyle.com\\\/de\\\/#website\",\"url\":\"https:\\\/\\\/lucalifestyle.com\\\/de\\\/\",\"name\":\"Luca Lifestyle\",\"description\":\"Makes the world look better.\",\"publisher\":{\"@id\":\"https:\\\/\\\/lucalifestyle.com\\\/de\\\/#organization\"},\"alternateName\":\"Luca\",\"potentialAction\":[{\"@type\":\"SearchAction\",\"target\":{\"@type\":\"EntryPoint\",\"urlTemplate\":\"https:\\\/\\\/lucalifestyle.com\\\/de\\\/?s={search_term_string}\"},\"query-input\":{\"@type\":\"PropertyValueSpecification\",\"valueRequired\":true,\"valueName\":\"search_term_string\"}}],\"inLanguage\":\"de\"},{\"@type\":\"Organization\",\"@id\":\"https:\\\/\\\/lucalifestyle.com\\\/de\\\/#organization\",\"name\":\"Luca Lifestyle\",\"url\":\"https:\\\/\\\/lucalifestyle.com\\\/de\\\/\",\"logo\":{\"@type\":\"ImageObject\",\"inLanguage\":\"de\",\"@id\":\"https:\\\/\\\/lucalifestyle.com\\\/de\\\/#\\\/schema\\\/logo\\\/image\\\/\",\"url\":\"https:\\\/\\\/lucalifestyle.com\\\/wp-content\\\/uploads\\\/2026\\\/01\\\/Logo-Pinterest.jpg\",\"contentUrl\":\"https:\\\/\\\/lucalifestyle.com\\\/wp-content\\\/uploads\\\/2026\\\/01\\\/Logo-Pinterest.jpg\",\"width\":614,\"height\":648,\"caption\":\"Luca Lifestyle\"},\"image\":{\"@id\":\"https:\\\/\\\/lucalifestyle.com\\\/de\\\/#\\\/schema\\\/logo\\\/image\\\/\"},\"sameAs\":[\"https:\\\/\\\/www.facebook.com\\\/LucaLifestyle.nl\",\"https:\\\/\\\/www.instagram.com\\\/lucalifestyleofficial\\\/\",\"https:\\\/\\\/nl.pinterest.com\\\/lucalifestyle\\\/\",\"https:\\\/\\\/www.linkedin.com\\\/company\\\/luca-lifestyle\\\/\"]}]}<\/script>\n<!-- \/ Yoast SEO plugin. -->","yoast_head_json":{"title":"Vielen Dank f\u00fcr Ihre Anfrage - Luca Lifestyle","robots":{"index":"index","follow":"follow","max-snippet":"max-snippet:-1","max-image-preview":"max-image-preview:large","max-video-preview":"max-video-preview:-1"},"canonical":"https:\/\/lucalifestyle.com\/de\/vielen-dank-fur-ihre-anfrage\/","og_locale":"de_DE","og_type":"article","og_title":"Vielen Dank f\u00fcr Ihre Anfrage - Luca Lifestyle","og_description":"Vielen Dank f\u00fcr Ihre Anfrage Wir haben Ihre Anfrage erfolgreich erhalten. Wir werden Sie innerhalb eines Werktages kontaktieren. Hochwertige Qualit\u00e4t Luca Lifestyle kombiniert das Beste aus 2 Welten: Pflanzgef\u00e4\u00dfe mit nat\u00fcrlichem Aussehen, aber mit der robusten und pflegeleichten Beschaffenheit von Polyester. Dadurch sind alle Produkte leicht, witterungsbest\u00e4ndig und k\u00f6nnen sowohl im Innen- als auch im&hellip;","og_url":"https:\/\/lucalifestyle.com\/de\/vielen-dank-fur-ihre-anfrage\/","og_site_name":"Luca Lifestyle","article_publisher":"https:\/\/www.facebook.com\/LucaLifestyle.nl","article_modified_time":"2025-02-10T12:53:50+00:00","twitter_card":"summary_large_image","twitter_misc":{"Gesch\u00e4tzte Lesezeit":"1\u00a0Minute"},"schema":{"@context":"https:\/\/schema.org","@graph":[{"@type":"WebPage","@id":"https:\/\/lucalifestyle.com\/de\/vielen-dank-fur-ihre-anfrage\/","url":"https:\/\/lucalifestyle.com\/de\/vielen-dank-fur-ihre-anfrage\/","name":"Vielen Dank f\u00fcr Ihre Anfrage - Luca Lifestyle","isPartOf":{"@id":"https:\/\/lucalifestyle.com\/de\/#website"},"datePublished":"2025-02-03T08:03:16+00:00","dateModified":"2025-02-10T12:53:50+00:00","breadcrumb":{"@id":"https:\/\/lucalifestyle.com\/de\/vielen-dank-fur-ihre-anfrage\/#breadcrumb"},"inLanguage":"de","potentialAction":[{"@type":"ReadAction","target":["https:\/\/lucalifestyle.com\/de\/vielen-dank-fur-ihre-anfrage\/"]}]},{"@type":"BreadcrumbList","@id":"https:\/\/lucalifestyle.com\/de\/vielen-dank-fur-ihre-anfrage\/#breadcrumb","itemListElement":[{"@type":"ListItem","position":1,"name":"Home","item":"https:\/\/lucalifestyle.com\/de\/"},{"@type":"ListItem","position":2,"name":"Vielen Dank f\u00fcr Ihre Anfrage"}]},{"@type":"WebSite","@id":"https:\/\/lucalifestyle.com\/de\/#website","url":"https:\/\/lucalifestyle.com\/de\/","name":"Luca Lifestyle","description":"Makes the world look better.","publisher":{"@id":"https:\/\/lucalifestyle.com\/de\/#organization"},"alternateName":"Luca","potentialAction":[{"@type":"SearchAction","target":{"@type":"EntryPoint","urlTemplate":"https:\/\/lucalifestyle.com\/de\/?s={search_term_string}"},"query-input":{"@type":"PropertyValueSpecification","valueRequired":true,"valueName":"search_term_string"}}],"inLanguage":"de"},{"@type":"Organization","@id":"https:\/\/lucalifestyle.com\/de\/#organization","name":"Luca Lifestyle","url":"https:\/\/lucalifestyle.com\/de\/","logo":{"@type":"ImageObject","inLanguage":"de","@id":"https:\/\/lucalifestyle.com\/de\/#\/schema\/logo\/image\/","url":"https:\/\/lucalifestyle.com\/wp-content\/uploads\/2026\/01\/Logo-Pinterest.jpg","contentUrl":"https:\/\/lucalifestyle.com\/wp-content\/uploads\/2026\/01\/Logo-Pinterest.jpg","width":614,"height":648,"caption":"Luca Lifestyle"},"image":{"@id":"https:\/\/lucalifestyle.com\/de\/#\/schema\/logo\/image\/"},"sameAs":["https:\/\/www.facebook.com\/LucaLifestyle.nl","https:\/\/www.instagram.com\/lucalifestyleofficial\/","https:\/\/nl.pinterest.com\/lucalifestyle\/","https:\/\/www.linkedin.com\/company\/luca-lifestyle\/"]}]}},"_links":{"self":[{"href":"https:\/\/lucalifestyle.com\/de\/wp-json\/wp\/v2\/pages\/6245","targetHints":{"allow":["GET"]}}],"collection":[{"href":"https:\/\/lucalifestyle.com\/de\/wp-json\/wp\/v2\/pages"}],"about":[{"href":"https:\/\/lucalifestyle.com\/de\/wp-json\/wp\/v2\/types\/page"}],"author":[{"embeddable":true,"href":"https:\/\/lucalifestyle.com\/de\/wp-json\/wp\/v2\/users\/20"}],"replies":[{"embeddable":true,"href":"https:\/\/lucalifestyle.com\/de\/wp-json\/wp\/v2\/comments?post=6245"}],"version-history":[{"count":0,"href":"https:\/\/lucalifestyle.com\/de\/wp-json\/wp\/v2\/pages\/6245\/revisions"}],"wp:attachment":[{"href":"https:\/\/lucalifestyle.com\/de\/wp-json\/wp\/v2\/media?parent=6245"}],"curies":[{"name":"wp","href":"https:\/\/api.w.org\/{rel}","templated":true}]}}