{"id":5873,"date":"2024-04-15T09:48:50","date_gmt":"2024-04-15T08:48:50","guid":{"rendered":"https:\/\/lucalifestyle.com\/?page_id=5873"},"modified":"2025-03-17T14:00:10","modified_gmt":"2025-03-17T13:00:10","slug":"uber","status":"publish","type":"page","link":"https:\/\/lucalifestyle.com\/de\/uber\/","title":{"rendered":"\u00dcber"},"content":{"rendered":"\n\n\t<p>\u00dcber<\/p>\n\t<p>Erfahren Sie mehr \u00fcber die Entstehung von Luca Lifestyle, lernen Sie die Gesichter hinter Luca Lifestyle kennen und werfen Sie einen Blick in unseren Showroom!<\/p>\n\t<p>M\u00f6chten Sie Luca Lifestyle noch besser kennen lernen?<\/p>\n\t<p>Vereinbaren Sie <a href=\"http:\/\/lucalifesatyle.com\/anfrage\">hier<\/a> einen Termin.<\/p>\n\t\t\t\t\t\t\t\t<a href=\"https:\/\/lucalifestyle.com\/uber-luca-lifestyle\/\" target=\"_self\" itemprop=\"url\" rel=\"noopener\">\n\t\t\t\t\t\t\t\t\t<img loading=\"lazy\" decoding=\"async\" src=\"https:\/\/lucalifestyle.com\/wp-content\/uploads\/2024\/04\/Over-Luca-Lifestyle-3.jpg\" alt=\"\u00dcber Luca Lifestyle\" itemprop=\"image\" height=\"2000\" width=\"1600\" srcset=\"https:\/\/lucalifestyle.com\/wp-content\/uploads\/2024\/04\/Over-Luca-Lifestyle-3.jpg 1600w, https:\/\/lucalifestyle.com\/wp-content\/uploads\/2024\/04\/Over-Luca-Lifestyle-3-240x300.jpg 240w, https:\/\/lucalifestyle.com\/wp-content\/uploads\/2024\/04\/Over-Luca-Lifestyle-3-819x1024.jpg 819w, https:\/\/lucalifestyle.com\/wp-content\/uploads\/2024\/04\/Over-Luca-Lifestyle-3-768x960.jpg 768w, https:\/\/lucalifestyle.com\/wp-content\/uploads\/2024\/04\/Over-Luca-Lifestyle-3-1229x1536.jpg 1229w\" sizes=\"auto, (max-width: 1600px) 100vw, 1600px\" title=\"\u00dcber Luca Lifestyle\" onerror=\"this.style.display='none'\"  \/>\n\t\t\t\t\t\t\t\t\t\t\t\u00dcber Luca Lifestyle\n\t\t\t\t\t\t\t\t\t\t\t\t\t<\/a>\n\t\t\t\t\t\t\t\t<a href=\"https:\/\/lucalifestyle.com\/team-de\/\" target=\"_self\" itemprop=\"url\" rel=\"noopener\">\n\t\t\t\t\t\t\t\t\t<img loading=\"lazy\" decoding=\"async\" src=\"https:\/\/lucalifestyle.com\/wp-content\/uploads\/2024\/04\/Team-2.jpg\" alt=\"Team\" itemprop=\"image\" height=\"2000\" width=\"1600\" srcset=\"https:\/\/lucalifestyle.com\/wp-content\/uploads\/2024\/04\/Team-2.jpg 1600w, https:\/\/lucalifestyle.com\/wp-content\/uploads\/2024\/04\/Team-2-240x300.jpg 240w, https:\/\/lucalifestyle.com\/wp-content\/uploads\/2024\/04\/Team-2-819x1024.jpg 819w, https:\/\/lucalifestyle.com\/wp-content\/uploads\/2024\/04\/Team-2-768x960.jpg 768w, https:\/\/lucalifestyle.com\/wp-content\/uploads\/2024\/04\/Team-2-1229x1536.jpg 1229w\" sizes=\"auto, (max-width: 1600px) 100vw, 1600px\" title=\"Team\" onerror=\"this.style.display='none'\"  \/>\n\t\t\t\t\t\t\t\t\t\t\tTeam\n\t\t\t\t\t\t\t\t\t\t\t\t\t<\/a>\n\t\t\t\t\t\t\t\t<a href=\"https:\/\/lucalifestyle.com\/showroom-de\/\" target=\"_self\" itemprop=\"url\" rel=\"noopener\">\n\t\t\t\t\t\t\t\t\t<img loading=\"lazy\" decoding=\"async\" src=\"https:\/\/lucalifestyle.com\/wp-content\/uploads\/2024\/04\/Showroom-4.jpg\" alt=\"Showroom\" itemprop=\"image\" height=\"2000\" width=\"1600\" srcset=\"https:\/\/lucalifestyle.com\/wp-content\/uploads\/2024\/04\/Showroom-4.jpg 1600w, https:\/\/lucalifestyle.com\/wp-content\/uploads\/2024\/04\/Showroom-4-240x300.jpg 240w, https:\/\/lucalifestyle.com\/wp-content\/uploads\/2024\/04\/Showroom-4-819x1024.jpg 819w, https:\/\/lucalifestyle.com\/wp-content\/uploads\/2024\/04\/Showroom-4-768x960.jpg 768w, https:\/\/lucalifestyle.com\/wp-content\/uploads\/2024\/04\/Showroom-4-1229x1536.jpg 1229w\" sizes=\"auto, (max-width: 1600px) 100vw, 1600px\" title=\"Showroom\" onerror=\"this.style.display='none'\"  \/>\n\t\t\t\t\t\t\t\t\t\t\tShowroom\n\t\t\t\t\t\t\t\t\t\t\t\t\t<\/a>\n\n","protected":false},"excerpt":{"rendered":"<p>\u00dcber Erfahren Sie mehr \u00fcber die Entstehung von Luca Lifestyle, lernen Sie die Gesichter hinter Luca Lifestyle kennen und werfen Sie einen Blick in unseren Showroom! M\u00f6chten Sie Luca Lifestyle noch besser kennen lernen? Vereinbaren Sie hier einen Termin. \u00dcber Luca Lifestyle Team Showroom<\/p>\n","protected":false},"author":20,"featured_media":0,"parent":0,"menu_order":0,"comment_status":"closed","ping_status":"closed","template":"","meta":{"footnotes":""},"class_list":["post-5873","page","type-page","status-publish","hentry"],"yoast_head":"<!-- This site is optimized with the Yoast SEO plugin v27.3 - https:\/\/yoast.com\/product\/yoast-seo-wordpress\/ -->\n<title>\u00dcber - Luca Lifestyle<\/title>\n<meta name=\"robots\" content=\"index, follow, max-snippet:-1, max-image-preview:large, max-video-preview:-1\" \/>\n<link rel=\"canonical\" href=\"https:\/\/lucalifestyle.com\/de\/uber\/\" \/>\n<meta property=\"og:locale\" content=\"de_DE\" \/>\n<meta property=\"og:type\" content=\"article\" \/>\n<meta property=\"og:title\" content=\"\u00dcber - Luca Lifestyle\" \/>\n<meta property=\"og:description\" content=\"\u00dcber Erfahren Sie mehr \u00fcber die Entstehung von Luca Lifestyle, lernen Sie die Gesichter hinter Luca Lifestyle kennen und werfen Sie einen Blick in unseren Showroom! M\u00f6chten Sie Luca Lifestyle noch besser kennen lernen? Vereinbaren Sie hier einen Termin. \u00dcber Luca Lifestyle Team Showroom\" \/>\n<meta property=\"og:url\" content=\"https:\/\/lucalifestyle.com\/de\/uber\/\" \/>\n<meta property=\"og:site_name\" content=\"Luca Lifestyle\" \/>\n<meta property=\"article:publisher\" content=\"https:\/\/www.facebook.com\/LucaLifestyle.nl\" \/>\n<meta property=\"article:modified_time\" content=\"2025-03-17T13:00:10+00:00\" \/>\n<meta property=\"og:image\" content=\"https:\/\/lucalifestyle.com\/wp-content\/uploads\/2024\/04\/Over-Luca-Lifestyle-3.jpg\" \/>\n<meta name=\"twitter:card\" content=\"summary_large_image\" \/>\n<script type=\"application\/ld+json\" class=\"yoast-schema-graph\">{\"@context\":\"https:\\\/\\\/schema.org\",\"@graph\":[{\"@type\":\"WebPage\",\"@id\":\"https:\\\/\\\/lucalifestyle.com\\\/de\\\/uber\\\/\",\"url\":\"https:\\\/\\\/lucalifestyle.com\\\/de\\\/uber\\\/\",\"name\":\"\u00dcber - Luca Lifestyle\",\"isPartOf\":{\"@id\":\"https:\\\/\\\/lucalifestyle.com\\\/de\\\/#website\"},\"primaryImageOfPage\":{\"@id\":\"https:\\\/\\\/lucalifestyle.com\\\/de\\\/uber\\\/#primaryimage\"},\"image\":{\"@id\":\"https:\\\/\\\/lucalifestyle.com\\\/de\\\/uber\\\/#primaryimage\"},\"thumbnailUrl\":\"https:\\\/\\\/lucalifestyle.com\\\/wp-content\\\/uploads\\\/2024\\\/04\\\/Over-Luca-Lifestyle-3.jpg\",\"datePublished\":\"2024-04-15T08:48:50+00:00\",\"dateModified\":\"2025-03-17T13:00:10+00:00\",\"breadcrumb\":{\"@id\":\"https:\\\/\\\/lucalifestyle.com\\\/de\\\/uber\\\/#breadcrumb\"},\"inLanguage\":\"de\",\"potentialAction\":[{\"@type\":\"ReadAction\",\"target\":[\"https:\\\/\\\/lucalifestyle.com\\\/de\\\/uber\\\/\"]}]},{\"@type\":\"ImageObject\",\"inLanguage\":\"de\",\"@id\":\"https:\\\/\\\/lucalifestyle.com\\\/de\\\/uber\\\/#primaryimage\",\"url\":\"https:\\\/\\\/lucalifestyle.com\\\/wp-content\\\/uploads\\\/2024\\\/04\\\/Over-Luca-Lifestyle-3.jpg\",\"contentUrl\":\"https:\\\/\\\/lucalifestyle.com\\\/wp-content\\\/uploads\\\/2024\\\/04\\\/Over-Luca-Lifestyle-3.jpg\"},{\"@type\":\"BreadcrumbList\",\"@id\":\"https:\\\/\\\/lucalifestyle.com\\\/de\\\/uber\\\/#breadcrumb\",\"itemListElement\":[{\"@type\":\"ListItem\",\"position\":1,\"name\":\"Home\",\"item\":\"https:\\\/\\\/lucalifestyle.com\\\/de\\\/\"},{\"@type\":\"ListItem\",\"position\":2,\"name\":\"\u00dcber\"}]},{\"@type\":\"WebSite\",\"@id\":\"https:\\\/\\\/lucalifestyle.com\\\/de\\\/#website\",\"url\":\"https:\\\/\\\/lucalifestyle.com\\\/de\\\/\",\"name\":\"Luca Lifestyle\",\"description\":\"Makes the world look better.\",\"publisher\":{\"@id\":\"https:\\\/\\\/lucalifestyle.com\\\/de\\\/#organization\"},\"alternateName\":\"Luca\",\"potentialAction\":[{\"@type\":\"SearchAction\",\"target\":{\"@type\":\"EntryPoint\",\"urlTemplate\":\"https:\\\/\\\/lucalifestyle.com\\\/de\\\/?s={search_term_string}\"},\"query-input\":{\"@type\":\"PropertyValueSpecification\",\"valueRequired\":true,\"valueName\":\"search_term_string\"}}],\"inLanguage\":\"de\"},{\"@type\":\"Organization\",\"@id\":\"https:\\\/\\\/lucalifestyle.com\\\/de\\\/#organization\",\"name\":\"Luca Lifestyle\",\"url\":\"https:\\\/\\\/lucalifestyle.com\\\/de\\\/\",\"logo\":{\"@type\":\"ImageObject\",\"inLanguage\":\"de\",\"@id\":\"https:\\\/\\\/lucalifestyle.com\\\/de\\\/#\\\/schema\\\/logo\\\/image\\\/\",\"url\":\"https:\\\/\\\/lucalifestyle.com\\\/wp-content\\\/uploads\\\/2026\\\/01\\\/Logo-Pinterest.jpg\",\"contentUrl\":\"https:\\\/\\\/lucalifestyle.com\\\/wp-content\\\/uploads\\\/2026\\\/01\\\/Logo-Pinterest.jpg\",\"width\":614,\"height\":648,\"caption\":\"Luca Lifestyle\"},\"image\":{\"@id\":\"https:\\\/\\\/lucalifestyle.com\\\/de\\\/#\\\/schema\\\/logo\\\/image\\\/\"},\"sameAs\":[\"https:\\\/\\\/www.facebook.com\\\/LucaLifestyle.nl\",\"https:\\\/\\\/www.instagram.com\\\/lucalifestyleofficial\\\/\",\"https:\\\/\\\/nl.pinterest.com\\\/lucalifestyle\\\/\",\"https:\\\/\\\/www.linkedin.com\\\/company\\\/luca-lifestyle\\\/\"]}]}<\/script>\n<!-- \/ Yoast SEO plugin. -->","yoast_head_json":{"title":"\u00dcber - Luca Lifestyle","robots":{"index":"index","follow":"follow","max-snippet":"max-snippet:-1","max-image-preview":"max-image-preview:large","max-video-preview":"max-video-preview:-1"},"canonical":"https:\/\/lucalifestyle.com\/de\/uber\/","og_locale":"de_DE","og_type":"article","og_title":"\u00dcber - Luca Lifestyle","og_description":"\u00dcber Erfahren Sie mehr \u00fcber die Entstehung von Luca Lifestyle, lernen Sie die Gesichter hinter Luca Lifestyle kennen und werfen Sie einen Blick in unseren Showroom! M\u00f6chten Sie Luca Lifestyle noch besser kennen lernen? Vereinbaren Sie hier einen Termin. \u00dcber Luca Lifestyle Team Showroom","og_url":"https:\/\/lucalifestyle.com\/de\/uber\/","og_site_name":"Luca Lifestyle","article_publisher":"https:\/\/www.facebook.com\/LucaLifestyle.nl","article_modified_time":"2025-03-17T13:00:10+00:00","og_image":[{"url":"https:\/\/lucalifestyle.com\/wp-content\/uploads\/2024\/04\/Over-Luca-Lifestyle-3.jpg","type":"","width":"","height":""}],"twitter_card":"summary_large_image","schema":{"@context":"https:\/\/schema.org","@graph":[{"@type":"WebPage","@id":"https:\/\/lucalifestyle.com\/de\/uber\/","url":"https:\/\/lucalifestyle.com\/de\/uber\/","name":"\u00dcber - Luca Lifestyle","isPartOf":{"@id":"https:\/\/lucalifestyle.com\/de\/#website"},"primaryImageOfPage":{"@id":"https:\/\/lucalifestyle.com\/de\/uber\/#primaryimage"},"image":{"@id":"https:\/\/lucalifestyle.com\/de\/uber\/#primaryimage"},"thumbnailUrl":"https:\/\/lucalifestyle.com\/wp-content\/uploads\/2024\/04\/Over-Luca-Lifestyle-3.jpg","datePublished":"2024-04-15T08:48:50+00:00","dateModified":"2025-03-17T13:00:10+00:00","breadcrumb":{"@id":"https:\/\/lucalifestyle.com\/de\/uber\/#breadcrumb"},"inLanguage":"de","potentialAction":[{"@type":"ReadAction","target":["https:\/\/lucalifestyle.com\/de\/uber\/"]}]},{"@type":"ImageObject","inLanguage":"de","@id":"https:\/\/lucalifestyle.com\/de\/uber\/#primaryimage","url":"https:\/\/lucalifestyle.com\/wp-content\/uploads\/2024\/04\/Over-Luca-Lifestyle-3.jpg","contentUrl":"https:\/\/lucalifestyle.com\/wp-content\/uploads\/2024\/04\/Over-Luca-Lifestyle-3.jpg"},{"@type":"BreadcrumbList","@id":"https:\/\/lucalifestyle.com\/de\/uber\/#breadcrumb","itemListElement":[{"@type":"ListItem","position":1,"name":"Home","item":"https:\/\/lucalifestyle.com\/de\/"},{"@type":"ListItem","position":2,"name":"\u00dcber"}]},{"@type":"WebSite","@id":"https:\/\/lucalifestyle.com\/de\/#website","url":"https:\/\/lucalifestyle.com\/de\/","name":"Luca Lifestyle","description":"Makes the world look better.","publisher":{"@id":"https:\/\/lucalifestyle.com\/de\/#organization"},"alternateName":"Luca","potentialAction":[{"@type":"SearchAction","target":{"@type":"EntryPoint","urlTemplate":"https:\/\/lucalifestyle.com\/de\/?s={search_term_string}"},"query-input":{"@type":"PropertyValueSpecification","valueRequired":true,"valueName":"search_term_string"}}],"inLanguage":"de"},{"@type":"Organization","@id":"https:\/\/lucalifestyle.com\/de\/#organization","name":"Luca Lifestyle","url":"https:\/\/lucalifestyle.com\/de\/","logo":{"@type":"ImageObject","inLanguage":"de","@id":"https:\/\/lucalifestyle.com\/de\/#\/schema\/logo\/image\/","url":"https:\/\/lucalifestyle.com\/wp-content\/uploads\/2026\/01\/Logo-Pinterest.jpg","contentUrl":"https:\/\/lucalifestyle.com\/wp-content\/uploads\/2026\/01\/Logo-Pinterest.jpg","width":614,"height":648,"caption":"Luca Lifestyle"},"image":{"@id":"https:\/\/lucalifestyle.com\/de\/#\/schema\/logo\/image\/"},"sameAs":["https:\/\/www.facebook.com\/LucaLifestyle.nl","https:\/\/www.instagram.com\/lucalifestyleofficial\/","https:\/\/nl.pinterest.com\/lucalifestyle\/","https:\/\/www.linkedin.com\/company\/luca-lifestyle\/"]}]}},"_links":{"self":[{"href":"https:\/\/lucalifestyle.com\/de\/wp-json\/wp\/v2\/pages\/5873","targetHints":{"allow":["GET"]}}],"collection":[{"href":"https:\/\/lucalifestyle.com\/de\/wp-json\/wp\/v2\/pages"}],"about":[{"href":"https:\/\/lucalifestyle.com\/de\/wp-json\/wp\/v2\/types\/page"}],"author":[{"embeddable":true,"href":"https:\/\/lucalifestyle.com\/de\/wp-json\/wp\/v2\/users\/20"}],"replies":[{"embeddable":true,"href":"https:\/\/lucalifestyle.com\/de\/wp-json\/wp\/v2\/comments?post=5873"}],"version-history":[{"count":0,"href":"https:\/\/lucalifestyle.com\/de\/wp-json\/wp\/v2\/pages\/5873\/revisions"}],"wp:attachment":[{"href":"https:\/\/lucalifestyle.com\/de\/wp-json\/wp\/v2\/media?parent=5873"}],"curies":[{"name":"wp","href":"https:\/\/api.w.org\/{rel}","templated":true}]}}