{"id":5785,"date":"2024-03-19T13:19:26","date_gmt":"2024-03-19T12:19:26","guid":{"rendered":"https:\/\/lucalifestyle.com\/?page_id=5785"},"modified":"2025-02-10T16:53:13","modified_gmt":"2025-02-10T15:53:13","slug":"uber-luca-lifestyle","status":"publish","type":"page","link":"https:\/\/lucalifestyle.com\/de\/uber\/uber-luca-lifestyle\/","title":{"rendered":"\u00dcber Luca Lifestyle"},"content":{"rendered":"\n\n\t<p>\u00dcber Luca Lifestyle<\/p>\n\t<p><strong>Luca Lifestyle wurde 2015 vom Eigent\u00fcmer Gerard van Tilborg gegr\u00fcndet, der Chancen im Bereich hochwertiger Pflanzgef\u00e4\u00dfe mit geringem Gewicht und wetterfesten Eigenschaften gesehen hat. In Zusammenarbeit mit einer belgischen Universit\u00e4t wurde eine einzigartige Materialzusammensetzung auf Basis von Polyester entwickelt. Dieses Material sorgt daf\u00fcr, dass die Pflanzgef\u00e4\u00dfe stabil und kratzfest sind und sich sowohl f\u00fcr den Innen- als auch f\u00fcr den Au\u00dfenbereich eignen.<\/strong><\/p>\n<p>Heute ist Luca Lifestyle eine internationale Marke mit Verkaufsstellen in der ganzen Welt. Als Gro\u00dfh\u00e4ndler verkaufen wir an eine Vielzahl von Kunden, von Gartenzentren bis hin zu G\u00e4rtnern und Projektplanern.<\/p>\n<p>Die Hauptverwaltung, das Lager und die Ausstellungsr\u00e4ume befinden sich in Veen (Noord-Brabant, Niederlande). Die Produktionsst\u00e4tte befindet sich in Vietnam, von wo aus wir Container direkt an Kunden in aller Welt versenden.<\/p>\n<p>Neben den komplett vom Kunden montierten Containern verkaufen wir unsere Produkte auch direkt ab Lager.<\/p>\n<!-- If both -->\n\t<ul>\n\t\t\t\t<li>\n\t\t\t\t\t\t<!--date-->\n\t\t\t\t\t01-01-2015\t\t\t\t\n\t\t\t<!--\/.date-->\n\t\t\t<!--icon-->\n\t\t\t<!--\/.icon-->\n\t\t\t<!--Timline-Content-->\n\t\t\t\t\t<!--Timline-Title-->\n\t\t\t\t\t<h3>\n\t\t\t\t\t\t2015 &#8211; Gr\u00fcndung Luca Lifestyle\t\t\t\t\t<\/h3>\n\t\t\t\t\t<!--\/.Timline-Title-->\n\t\t\t\t\t<!--Timline-description-->\n\t\t\t\t\t<p>Im 2015 wurde Luca Lifestyle von Gerard van Tilborg gegr\u00fcndet.<\/p>\n\t\t\t\t\t<!--\/.Timline-description-->\n\t\t\t<!--\/.Timline-Content-->\n\t\t<\/li>\n\t\t\t\t<li>\n\t\t\t\t\t\t<!--date-->\n\t\t\t\t\t01-01-2015\t\t\t\t\n\t\t\t<!--\/.date-->\n\t\t\t<!--icon-->\n\t\t\t<!--\/.icon-->\n\t\t\t<!--Timline-Content-->\n\t\t\t\t\t<!--Timline-Title-->\n\t\t\t\t\t<h3>\n\t\t\t\t\t\t2016 &#8211; Erster Mitarbeiter eingestellt\t\t\t\t\t<\/h3>\n\t\t\t\t\t<!--\/.Timline-Title-->\n\t\t\t\t\t<!--Timline-description-->\n\t\t\t\t\t<p>Luca Lifestyle expandiert langsam und stellt schlie\u00dflich seinen ersten Mitarbeiter ein.<\/p>\n\t\t\t\t\t<!--\/.Timline-description-->\n\t\t\t<!--\/.Timline-Content-->\n\t\t<\/li>\n\t\t\t\t<li>\n\t\t\t\t\t\t<!--date-->\n\t\t\t\t\t01-01-2015\t\t\t\t\n\t\t\t<!--\/.date-->\n\t\t\t<!--icon-->\n\t\t\t<!--\/.icon-->\n\t\t\t<!--Timline-Content-->\n\t\t\t\t\t<!--Timline-Title-->\n\t\t\t\t\t<h3>\n\t\t\t\t\t\t2016 &#8211; Verschiffung des ersten Containers\t\t\t\t\t<\/h3>\n\t\t\t\t\t<!--\/.Timline-Title-->\n\t\t\t\t\t<!--Timline-description-->\n\t\t\t\t\t<p>Im Jahr 2016 wurde der erste vollst\u00e4ndig ma\u00dfgeschneiderte Container direkt aus Vietnam an den Kunden verschifft.<\/p>\n\t\t\t\t\t<!--\/.Timline-description-->\n\t\t\t<!--\/.Timline-Content-->\n\t\t<\/li>\n\t\t\t\t<li>\n\t\t\t\t\t\t<!--date-->\n\t\t\t\t\t01-01-2015\t\t\t\t\n\t\t\t<!--\/.date-->\n\t\t\t<!--icon-->\n\t\t\t<!--\/.icon-->\n\t\t\t<!--Timline-Content-->\n\t\t\t\t\t<!--Timline-Title-->\n\t\t\t\t\t<h3>\n\t\t\t\t\t\t2016 &#8211; Umzug in die derzeitigen R\u00e4umlichkeiten\t\t\t\t\t<\/h3>\n\t\t\t\t\t<!--\/.Timline-Title-->\n\t\t\t\t\t<!--Timline-description-->\n\t\t\t\t\t<p>Von einem kleinen Arbeitsplatz zu Hause zu einem Gesch\u00e4ftsraum! Auch heute noch arbeiten wir von diesem Standort in Veen (Nordbrabant) aus, der mehrere Metamorphosen durchlaufen hat.<img loading=\"lazy\" decoding=\"async\" src=\"https:\/\/lucalifestyle.com\/wp-content\/uploads\/2024\/03\/timeline-1-300x204.png\" alt=\"\" width=\"300\" height=\"204\" \/><\/p>\n\t\t\t\t\t<!--\/.Timline-description-->\n\t\t\t<!--\/.Timline-Content-->\n\t\t<\/li>\n\t\t\t\t<li>\n\t\t\t\t\t\t<!--date-->\n\t\t\t\t\t01-01-2015\t\t\t\t\n\t\t\t<!--\/.date-->\n\t\t\t<!--icon-->\n\t\t\t<!--\/.icon-->\n\t\t\t<!--Timline-Content-->\n\t\t\t\t\t<!--Timline-Title-->\n\t\t\t\t\t<h3>\n\t\t\t\t\t\t2017 &#8211; Kooperation mit Fabrik Vietnam\t\t\t\t\t<\/h3>\n\t\t\t\t\t<!--\/.Timline-Title-->\n\t\t\t\t\t<!--Timline-description-->\n\t\t\t\t\t<p>Im Jahr 2017 bot sich die Gelegenheit, eine Partnerschaft mit einer der besten Fabriken in Vietnam einzugehen. Diese Partnerschaft erm\u00f6glichte es uns, wirklich innovativ zu sein, indem wir ganze Serien in der einzigartigen Materialzusammensetzung produzierten.<\/p>\n\t\t\t\t\t<!--\/.Timline-description-->\n\t\t\t<!--\/.Timline-Content-->\n\t\t<\/li>\n\t\t\t\t<li>\n\t\t\t\t\t\t<!--date-->\n\t\t\t\t\t01-01-2015\t\t\t\t\n\t\t\t<!--\/.date-->\n\t\t\t<!--icon-->\n\t\t\t<!--\/.icon-->\n\t\t\t<!--Timline-Content-->\n\t\t\t\t\t<!--Timline-Title-->\n\t\t\t\t\t<h3>\n\t\t\t\t\t\t2017 &#8211; Erste Teilnahme Meesters in de Tuin\t\t\t\t\t<\/h3>\n\t\t\t\t\t<!--\/.Timline-Title-->\n\t\t\t\t\t<!--Timline-description-->\n\t\t\t\t\t<p>Um Luca Lifestyle der gr\u00fcnen Spitzenbranche in den Niederlanden vorzustellen, haben wir uns 2017 der Plattform <strong><a href=\"https:\/\/www.meestersindetuin.nl\/\">Meesters in de Tuin<\/a><\/strong> angeschlossen. Es macht uns jedes Jahr wieder Spa\u00df, an dieser Veranstaltung teilzunehmen!<\/p>\n\t\t\t\t\t<!--\/.Timline-description-->\n\t\t\t<!--\/.Timline-Content-->\n\t\t<\/li>\n\t\t\t\t<li>\n\t\t\t\t\t\t<!--date-->\n\t\t\t\t\t01-01-2015\t\t\t\t\n\t\t\t<!--\/.date-->\n\t\t\t<!--icon-->\n\t\t\t<!--\/.icon-->\n\t\t\t<!--Timline-Content-->\n\t\t\t\t\t<!--Timline-Title-->\n\t\t\t\t\t<h3>\n\t\t\t\t\t\t2018 &#8211; \u00d6ffnung Ausstellungsraum Vietnam\t\t\t\t\t<\/h3>\n\t\t\t\t\t<!--\/.Timline-Title-->\n\t\t\t\t\t<!--Timline-description-->\n\t\t\t\t\t<p>Dank der guten Zusammenarbeit mit unserer Fabrik in Vietnam wurde hier ein Showroom eingerichtet, um unsere Kollektionen internationalen Kunden vor Ort in Vietnam zu pr\u00e4sentieren.<\/p>\n\t\t\t\t\t<!--\/.Timline-description-->\n\t\t\t<!--\/.Timline-Content-->\n\t\t<\/li>\n\t\t\t\t<li>\n\t\t\t\t\t\t<!--date-->\n\t\t\t\t\t01-01-2015\t\t\t\t\n\t\t\t<!--\/.date-->\n\t\t\t<!--icon-->\n\t\t\t<!--\/.icon-->\n\t\t\t<!--Timline-Content-->\n\t\t\t\t\t<!--Timline-Title-->\n\t\t\t\t\t<h3>\n\t\t\t\t\t\t2018 &#8211; Erste Ausstellungsbeteiligung Spoga+Gafa\t\t\t\t\t<\/h3>\n\t\t\t\t\t<!--\/.Timline-Title-->\n\t\t\t\t\t<!--Timline-description-->\n\t\t\t\t\t<p>Die Spoga+Gafa ist die internationale gr\u00fcne Fachmesse. Seit 2018 treffen wir hier jedes Jahr internationale Kunden und pr\u00e4sentieren unsere neuesten Produkte!<img loading=\"lazy\" decoding=\"async\" src=\"https:\/\/lucalifestyle.com\/wp-content\/uploads\/2024\/03\/timeline-3-300x204.png\" alt=\"\" width=\"300\" height=\"204\" \/><\/p>\n\t\t\t\t\t<!--\/.Timline-description-->\n\t\t\t<!--\/.Timline-Content-->\n\t\t<\/li>\n\t\t\t\t<li>\n\t\t\t\t\t\t<!--date-->\n\t\t\t\t\t01-01-2015\t\t\t\t\n\t\t\t<!--\/.date-->\n\t\t\t<!--icon-->\n\t\t\t<!--\/.icon-->\n\t\t\t<!--Timline-Content-->\n\t\t\t\t\t<!--Timline-Title-->\n\t\t\t\t\t<h3>\n\t\t\t\t\t\t2019 &#8211; Teilnahme Lifestyle Fair Vietnam\t\t\t\t\t<\/h3>\n\t\t\t\t\t<!--\/.Timline-Title-->\n\t\t\t\t\t<!--Timline-description-->\n\t\t\t\t\t<p>Im April 2019 nahmen wir zum ersten Mal an der Lifestyle-Messe in Vietnam teil und pr\u00e4sentierten unsere Kollektion internationalen Kunden in unserem Produktionsland.<\/p>\n\t\t\t\t\t<!--\/.Timline-description-->\n\t\t\t<!--\/.Timline-Content-->\n\t\t<\/li>\n\t\t\t\t<li>\n\t\t\t\t\t\t<!--date-->\n\t\t\t\t\t01-01-2015\t\t\t\t\n\t\t\t<!--\/.date-->\n\t\t\t<!--icon-->\n\t\t\t<!--\/.icon-->\n\t\t\t<!--Timline-Content-->\n\t\t\t\t\t<!--Timline-Title-->\n\t\t\t\t\t<h3>\n\t\t\t\t\t\t2020 &#8211; Covid\t\t\t\t\t<\/h3>\n\t\t\t\t\t<!--\/.Timline-Title-->\n\t\t\t\t\t<!--Timline-description-->\n\t\t\t\t\t<p>Covid hat unser Produktionsland Vietnam hart getroffen und damit auch unsere Mitarbeiter. Wir sind stolz darauf, dass wir in der Lage waren, die Mitarbeiter zu unterst\u00fctzen und mit ihnen zusammenzuarbeiten, um die Produktion so weit wie m\u00f6glich aufrechtzuerhalten.<\/p>\n\t\t\t\t\t<!--\/.Timline-description-->\n\t\t\t<!--\/.Timline-Content-->\n\t\t<\/li>\n\t\t\t\t<li>\n\t\t\t\t\t\t<!--date-->\n\t\t\t\t\t01-01-2015\t\t\t\t\n\t\t\t<!--\/.date-->\n\t\t\t<!--icon-->\n\t\t\t<!--\/.icon-->\n\t\t\t<!--Timline-Content-->\n\t\t\t\t\t<!--Timline-Title-->\n\t\t\t\t\t<h3>\n\t\t\t\t\t\t2020 &#8211; Renovierung des Showroom\t\t\t\t\t<\/h3>\n\t\t\t\t\t<!--\/.Timline-Title-->\n\t\t\t\t\t<!--Timline-description-->\n\t\t\t\t\t<p>Der zuvor schlichte <strong><a href=\"https:\/\/lucalifestyle.com\/showroom-de\/\">Showroom<\/a> <\/strong>wurde in einen stimmungsvollen Raum verwandelt, in dem sich die Kunden inspirieren lassen k\u00f6nnen.<img loading=\"lazy\" decoding=\"async\" src=\"https:\/\/lucalifestyle.com\/wp-content\/uploads\/2024\/04\/timeline-7-1-300x204.png\" alt=\"\" width=\"300\" height=\"204\" \/><\/p>\n\t\t\t\t\t<!--\/.Timline-description-->\n\t\t\t<!--\/.Timline-Content-->\n\t\t<\/li>\n\t\t\t\t<li>\n\t\t\t\t\t\t<!--date-->\n\t\t\t\t\t01-01-2015\t\t\t\t\n\t\t\t<!--\/.date-->\n\t\t\t<!--icon-->\n\t\t\t<!--\/.icon-->\n\t\t\t<!--Timline-Content-->\n\t\t\t\t\t<!--Timline-Title-->\n\t\t\t\t\t<h3>\n\t\t\t\t\t\t2021 &#8211; Umzug des Lagers\t\t\t\t\t<\/h3>\n\t\t\t\t\t<!--\/.Timline-Title-->\n\t\t\t\t\t<!--Timline-description-->\n\t\t\t\t\t<p>Das Wachstum von Luca Lifestyle setzte sich auch in der Corona-Zeit fort. Infolgedessen wurde unser Lager zu einem neuen Logistikpartner verlagert, wodurch wir weiter wachsen konnten.<\/p>\n\t\t\t\t\t<!--\/.Timline-description-->\n\t\t\t<!--\/.Timline-Content-->\n\t\t<\/li>\n\t\t\t\t<li>\n\t\t\t\t\t\t<!--date-->\n\t\t\t\t\t01-01-2015\t\t\t\t\n\t\t\t<!--\/.date-->\n\t\t\t<!--icon-->\n\t\t\t<!--\/.icon-->\n\t\t\t<!--Timline-Content-->\n\t\t\t\t\t<!--Timline-Title-->\n\t\t\t\t\t<h3>\n\t\t\t\t\t\t2021 &#8211; Neue Corporate Identity + Slogan\t\t\t\t\t<\/h3>\n\t\t\t\t\t<!--\/.Timline-Title-->\n\t\t\t\t\t<!--Timline-description-->\n\t\t\t\t\t<p>Zeit f\u00fcr Luca Lifestyle 2.0! Mit einer aktualisierten Corporate Identity, einem Slogan und einem wiedererkennbaren Look &amp; Feel ist Luca bereit f\u00fcr die Zukunft. Mit dieser Grundlage und einem neuen Kollegen sorgen wir daf\u00fcr, dass alle grafischen Arbeiten im Haus erledigt werden.<\/p>\n\t\t\t\t\t<!--\/.Timline-description-->\n\t\t\t<!--\/.Timline-Content-->\n\t\t<\/li>\n\t\t\t\t<li>\n\t\t\t\t\t\t<!--date-->\n\t\t\t\t\t01-01-2015\t\t\t\t\n\t\t\t<!--\/.date-->\n\t\t\t<!--icon-->\n\t\t\t<!--\/.icon-->\n\t\t\t<!--Timline-Content-->\n\t\t\t\t\t<!--Timline-Title-->\n\t\t\t\t\t<h3>\n\t\t\t\t\t\t2022 &#8211; Er\u00f6ffnung des 2. Showroom\t\t\t\t\t<\/h3>\n\t\t\t\t\t<!--\/.Timline-Title-->\n\t\t\t\t\t<!--Timline-description-->\n\t\t\t\t\t<p>Um unseren Kunden noch mehr von unserer umfangreichen Kollektion zu zeigen, haben wir einen zweiten <strong><a href=\"https:\/\/lucalifestyle.com\/showroom-de\/\">Showroom<\/a> <\/strong>er\u00f6ffnet.<img loading=\"lazy\" decoding=\"async\" src=\"https:\/\/lucalifestyle.com\/wp-content\/uploads\/2024\/04\/timeline-6-300x204.png\" alt=\"\" width=\"300\" height=\"204\" \/><\/p>\n\t\t\t\t\t<!--\/.Timline-description-->\n\t\t\t<!--\/.Timline-Content-->\n\t\t<\/li>\n\t\t\t\t<li>\n\t\t\t\t\t\t<!--date-->\n\t\t\t\t\t01-01-2015\t\t\t\t\n\t\t\t<!--\/.date-->\n\t\t\t<!--icon-->\n\t\t\t<!--\/.icon-->\n\t\t\t<!--Timline-Content-->\n\t\t\t\t\t<!--Timline-Title-->\n\t\t\t\t\t<h3>\n\t\t\t\t\t\t2022 &#8211; Erster Tag der offenen T\u00fcr\t\t\t\t\t<\/h3>\n\t\t\t\t\t<!--\/.Timline-Title-->\n\t\t\t\t\t<!--Timline-description-->\n\t\t\t\t\t<p>Nach der Renovierung des zweiten Ausstellungsraums \u00f6ffneten wir unsere T\u00fcren f\u00fcr (neue) Kunden und pr\u00e4sentierten stolz unsere Produkte. Der Tag der offenen T\u00fcr wurde somit zu einem j\u00e4hrlichen Ereignis im September.<img loading=\"lazy\" decoding=\"async\" src=\"https:\/\/lucalifestyle.com\/wp-content\/uploads\/2024\/03\/timeline-5-300x204.png\" alt=\"\" width=\"300\" height=\"204\" \/><\/p>\n\t\t\t\t\t<!--\/.Timline-description-->\n\t\t\t<!--\/.Timline-Content-->\n\t\t<\/li>\n\t\t\t\t<li>\n\t\t\t\t\t\t<!--date-->\n\t\t\t\t\t01-01-2015\t\t\t\t\n\t\t\t<!--\/.date-->\n\t\t\t<!--icon-->\n\t\t\t<!--\/.icon-->\n\t\t\t<!--Timline-Content-->\n\t\t\t\t\t<!--Timline-Title-->\n\t\t\t\t\t<h3>\n\t\t\t\t\t\t2022 &#8211; Luca cares\t\t\t\t\t<\/h3>\n\t\t\t\t\t<!--\/.Timline-Title-->\n\t\t\t\t\t<!--Timline-description-->\n\t\t\t\t\t<p>Als Geste der Dankbarkeit gegen\u00fcber unserem Erzeugerland Vietnam haben wir im Dezember 2022 begonnen, ein Waisenhaus in Ho Chi Minh, Vietnam, pers\u00f6nlich zu unterst\u00fctzen. Diese Unterst\u00fctzung wurde 2023 auf ein lokales Krankenhaus ausgeweitet, das sich auf die Behandlung von Krebserkrankungen bei Kindern spezialisiert hat.Dar\u00fcber hinaus haben wir eine Patenschaft mit <strong><a href=\"https:\/\/treesforall.nl\/\">Trees for All<\/a><\/strong> \u00fcbernommen, die es uns erm\u00f6glicht, B\u00e4ume in Vietnam zu pflanzen.<\/p>\n\t\t\t\t\t<!--\/.Timline-description-->\n\t\t\t<!--\/.Timline-Content-->\n\t\t<\/li>\n\t\t\t\t<li>\n\t\t\t\t\t\t<!--date-->\n\t\t\t\t\t01-01-2015\t\t\t\t\n\t\t\t<!--\/.date-->\n\t\t\t<!--icon-->\n\t\t\t<!--\/.icon-->\n\t\t\t<!--Timline-Content-->\n\t\t\t\t\t<!--Timline-Title-->\n\t\t\t\t\t<h3>\n\t\t\t\t\t\t2023 &#8211; Erweiterung des Teams\t\t\t\t\t<\/h3>\n\t\t\t\t\t<!--\/.Timline-Title-->\n\t\t\t\t\t<!--Timline-description-->\n\t\t\t\t\t<p>Von einem Mitarbeiter im Jahr 2016 auf acht Mitarbeiter im Jahr 2024&#8230; Das Team Luca w\u00e4chst und w\u00e4chst! Sind Sie neugierig, welche Gesichter hinter diesem Team stecken? Schau auf unserer Teamseite vorbei.<\/p>\n\t\t\t\t\t<!--\/.Timline-description-->\n\t\t\t<!--\/.Timline-Content-->\n\t\t<\/li>\n\t\t\t\t<li>\n\t\t\t\t\t\t<!--date-->\n\t\t\t\t\t01-01-2015\t\t\t\t\n\t\t\t<!--\/.date-->\n\t\t\t<!--icon-->\n\t\t\t<!--\/.icon-->\n\t\t\t<!--Timline-Content-->\n\t\t\t\t\t<!--Timline-Title-->\n\t\t\t\t\t<h3>\n\t\t\t\t\t\t2024 &#8211; Neue Produktionsst\u00e4tte Vietnam\t\t\t\t\t<\/h3>\n\t\t\t\t\t<!--\/.Timline-Title-->\n\t\t\t\t\t<!--Timline-description-->\n\t\t\t\t\t<p>Auch die Produktionsst\u00e4tte in Vietnam wird erweitert. Der Bau einer neuen, nachhaltigen Fabrik begann 2024. Auf unserer <strong><a href=\"https:\/\/lucalifestyle.com\/produktion\/\">Produktionsseite<\/a> <\/strong>erfahren Sie mehr dar\u00fcber.<\/p>\n\t\t\t\t\t<!--\/.Timline-description-->\n\t\t\t<!--\/.Timline-Content-->\n\t\t<\/li>\n\t\t\t\t<li>\n\t\t\t\t\t\t<!--date-->\n\t\t\t\t\t02-05-2025\t\t\t\t\n\t\t\t<!--\/.date-->\n\t\t\t<!--icon-->\n\t\t\t<!--\/.icon-->\n\t\t\t<!--Timline-Content-->\n\t\t\t\t\t<!--Timline-Title-->\n\t\t\t\t\t<h3>\n\t\t\t\t\t\t2025 &#8211; 10 Jahre Luca Lifestyle \ud83c\udf89\t\t\t\t\t<\/h3>\n\t\t\t\t\t<!--\/.Timline-Title-->\n\t\t\t\t\t<!--Timline-description-->\n\t\t\t\t\t<p>Luca Lifestyle gibt es seit 10 Jahren. Das werden wir nat\u00fcrlich mit einer wundersch\u00f6nen Jubil\u00e4umsfeier feiern. Bleiben Sie dran f\u00fcr mehr!<\/p>\n\t\t\t\t\t<!--\/.Timline-description-->\n\t\t\t<!--\/.Timline-Content-->\n\t\t<\/li>\n\t\t\t<\/ul>\n\n","protected":false},"excerpt":{"rendered":"<p>\u00dcber Luca Lifestyle Luca Lifestyle wurde 2015 vom Eigent\u00fcmer Gerard van Tilborg gegr\u00fcndet, der Chancen im Bereich hochwertiger Pflanzgef\u00e4\u00dfe mit geringem Gewicht und wetterfesten Eigenschaften gesehen hat. In Zusammenarbeit mit einer belgischen Universit\u00e4t wurde eine einzigartige Materialzusammensetzung auf Basis von Polyester entwickelt. Dieses Material sorgt daf\u00fcr, dass die Pflanzgef\u00e4\u00dfe stabil und kratzfest sind und sich&hellip;<\/p>\n","protected":false},"author":20,"featured_media":0,"parent":5873,"menu_order":0,"comment_status":"closed","ping_status":"closed","template":"","meta":{"footnotes":""},"class_list":["post-5785","page","type-page","status-publish","hentry"],"yoast_head":"<!-- This site is optimized with the Yoast SEO plugin v27.3 - https:\/\/yoast.com\/product\/yoast-seo-wordpress\/ -->\n<title>\u00dcber Luca Lifestyle - Luca Lifestyle<\/title>\n<meta name=\"robots\" content=\"index, follow, max-snippet:-1, max-image-preview:large, max-video-preview:-1\" \/>\n<link rel=\"canonical\" href=\"https:\/\/lucalifestyle.com\/de\/uber\/uber-luca-lifestyle\/\" \/>\n<meta property=\"og:locale\" content=\"de_DE\" \/>\n<meta property=\"og:type\" content=\"article\" \/>\n<meta property=\"og:title\" content=\"\u00dcber Luca Lifestyle - Luca Lifestyle\" \/>\n<meta property=\"og:description\" content=\"\u00dcber Luca Lifestyle Luca Lifestyle wurde 2015 vom Eigent\u00fcmer Gerard van Tilborg gegr\u00fcndet, der Chancen im Bereich hochwertiger Pflanzgef\u00e4\u00dfe mit geringem Gewicht und wetterfesten Eigenschaften gesehen hat. In Zusammenarbeit mit einer belgischen Universit\u00e4t wurde eine einzigartige Materialzusammensetzung auf Basis von Polyester entwickelt. Dieses Material sorgt daf\u00fcr, dass die Pflanzgef\u00e4\u00dfe stabil und kratzfest sind und sich&hellip;\" \/>\n<meta property=\"og:url\" content=\"https:\/\/lucalifestyle.com\/de\/uber\/uber-luca-lifestyle\/\" \/>\n<meta property=\"og:site_name\" content=\"Luca Lifestyle\" \/>\n<meta property=\"article:publisher\" content=\"https:\/\/www.facebook.com\/LucaLifestyle.nl\" \/>\n<meta property=\"article:modified_time\" content=\"2025-02-10T15:53:13+00:00\" \/>\n<meta property=\"og:image\" content=\"https:\/\/lucalifestyle.com\/wp-content\/uploads\/2024\/03\/timeline-1-300x204.png\" \/>\n<meta name=\"twitter:card\" content=\"summary_large_image\" \/>\n<meta name=\"twitter:label1\" content=\"Gesch\u00e4tzte Lesezeit\" \/>\n\t<meta name=\"twitter:data1\" content=\"4\u00a0Minuten\" \/>\n<script type=\"application\/ld+json\" class=\"yoast-schema-graph\">{\"@context\":\"https:\\\/\\\/schema.org\",\"@graph\":[{\"@type\":\"WebPage\",\"@id\":\"https:\\\/\\\/lucalifestyle.com\\\/de\\\/uber\\\/uber-luca-lifestyle\\\/\",\"url\":\"https:\\\/\\\/lucalifestyle.com\\\/de\\\/uber\\\/uber-luca-lifestyle\\\/\",\"name\":\"\u00dcber Luca Lifestyle - Luca Lifestyle\",\"isPartOf\":{\"@id\":\"https:\\\/\\\/lucalifestyle.com\\\/de\\\/#website\"},\"primaryImageOfPage\":{\"@id\":\"https:\\\/\\\/lucalifestyle.com\\\/de\\\/uber\\\/uber-luca-lifestyle\\\/#primaryimage\"},\"image\":{\"@id\":\"https:\\\/\\\/lucalifestyle.com\\\/de\\\/uber\\\/uber-luca-lifestyle\\\/#primaryimage\"},\"thumbnailUrl\":\"https:\\\/\\\/lucalifestyle.com\\\/wp-content\\\/uploads\\\/2024\\\/03\\\/timeline-1-300x204.png\",\"datePublished\":\"2024-03-19T12:19:26+00:00\",\"dateModified\":\"2025-02-10T15:53:13+00:00\",\"breadcrumb\":{\"@id\":\"https:\\\/\\\/lucalifestyle.com\\\/de\\\/uber\\\/uber-luca-lifestyle\\\/#breadcrumb\"},\"inLanguage\":\"de\",\"potentialAction\":[{\"@type\":\"ReadAction\",\"target\":[\"https:\\\/\\\/lucalifestyle.com\\\/de\\\/uber\\\/uber-luca-lifestyle\\\/\"]}]},{\"@type\":\"ImageObject\",\"inLanguage\":\"de\",\"@id\":\"https:\\\/\\\/lucalifestyle.com\\\/de\\\/uber\\\/uber-luca-lifestyle\\\/#primaryimage\",\"url\":\"https:\\\/\\\/lucalifestyle.com\\\/wp-content\\\/uploads\\\/2024\\\/03\\\/timeline-1-300x204.png\",\"contentUrl\":\"https:\\\/\\\/lucalifestyle.com\\\/wp-content\\\/uploads\\\/2024\\\/03\\\/timeline-1-300x204.png\"},{\"@type\":\"BreadcrumbList\",\"@id\":\"https:\\\/\\\/lucalifestyle.com\\\/de\\\/uber\\\/uber-luca-lifestyle\\\/#breadcrumb\",\"itemListElement\":[{\"@type\":\"ListItem\",\"position\":1,\"name\":\"Home\",\"item\":\"https:\\\/\\\/lucalifestyle.com\\\/de\\\/\"},{\"@type\":\"ListItem\",\"position\":2,\"name\":\"\u00dcber\",\"item\":\"https:\\\/\\\/lucalifestyle.com\\\/de\\\/uber\\\/\"},{\"@type\":\"ListItem\",\"position\":3,\"name\":\"\u00dcber Luca Lifestyle\"}]},{\"@type\":\"WebSite\",\"@id\":\"https:\\\/\\\/lucalifestyle.com\\\/de\\\/#website\",\"url\":\"https:\\\/\\\/lucalifestyle.com\\\/de\\\/\",\"name\":\"Luca Lifestyle\",\"description\":\"Makes the world look better.\",\"publisher\":{\"@id\":\"https:\\\/\\\/lucalifestyle.com\\\/de\\\/#organization\"},\"alternateName\":\"Luca\",\"potentialAction\":[{\"@type\":\"SearchAction\",\"target\":{\"@type\":\"EntryPoint\",\"urlTemplate\":\"https:\\\/\\\/lucalifestyle.com\\\/de\\\/?s={search_term_string}\"},\"query-input\":{\"@type\":\"PropertyValueSpecification\",\"valueRequired\":true,\"valueName\":\"search_term_string\"}}],\"inLanguage\":\"de\"},{\"@type\":\"Organization\",\"@id\":\"https:\\\/\\\/lucalifestyle.com\\\/de\\\/#organization\",\"name\":\"Luca Lifestyle\",\"url\":\"https:\\\/\\\/lucalifestyle.com\\\/de\\\/\",\"logo\":{\"@type\":\"ImageObject\",\"inLanguage\":\"de\",\"@id\":\"https:\\\/\\\/lucalifestyle.com\\\/de\\\/#\\\/schema\\\/logo\\\/image\\\/\",\"url\":\"https:\\\/\\\/lucalifestyle.com\\\/wp-content\\\/uploads\\\/2026\\\/01\\\/Logo-Pinterest.jpg\",\"contentUrl\":\"https:\\\/\\\/lucalifestyle.com\\\/wp-content\\\/uploads\\\/2026\\\/01\\\/Logo-Pinterest.jpg\",\"width\":614,\"height\":648,\"caption\":\"Luca Lifestyle\"},\"image\":{\"@id\":\"https:\\\/\\\/lucalifestyle.com\\\/de\\\/#\\\/schema\\\/logo\\\/image\\\/\"},\"sameAs\":[\"https:\\\/\\\/www.facebook.com\\\/LucaLifestyle.nl\",\"https:\\\/\\\/www.instagram.com\\\/lucalifestyleofficial\\\/\",\"https:\\\/\\\/nl.pinterest.com\\\/lucalifestyle\\\/\",\"https:\\\/\\\/www.linkedin.com\\\/company\\\/luca-lifestyle\\\/\"]}]}<\/script>\n<!-- \/ Yoast SEO plugin. -->","yoast_head_json":{"title":"\u00dcber Luca Lifestyle - Luca Lifestyle","robots":{"index":"index","follow":"follow","max-snippet":"max-snippet:-1","max-image-preview":"max-image-preview:large","max-video-preview":"max-video-preview:-1"},"canonical":"https:\/\/lucalifestyle.com\/de\/uber\/uber-luca-lifestyle\/","og_locale":"de_DE","og_type":"article","og_title":"\u00dcber Luca Lifestyle - Luca Lifestyle","og_description":"\u00dcber Luca Lifestyle Luca Lifestyle wurde 2015 vom Eigent\u00fcmer Gerard van Tilborg gegr\u00fcndet, der Chancen im Bereich hochwertiger Pflanzgef\u00e4\u00dfe mit geringem Gewicht und wetterfesten Eigenschaften gesehen hat. In Zusammenarbeit mit einer belgischen Universit\u00e4t wurde eine einzigartige Materialzusammensetzung auf Basis von Polyester entwickelt. Dieses Material sorgt daf\u00fcr, dass die Pflanzgef\u00e4\u00dfe stabil und kratzfest sind und sich&hellip;","og_url":"https:\/\/lucalifestyle.com\/de\/uber\/uber-luca-lifestyle\/","og_site_name":"Luca Lifestyle","article_publisher":"https:\/\/www.facebook.com\/LucaLifestyle.nl","article_modified_time":"2025-02-10T15:53:13+00:00","og_image":[{"url":"https:\/\/lucalifestyle.com\/wp-content\/uploads\/2024\/03\/timeline-1-300x204.png","type":"","width":"","height":""}],"twitter_card":"summary_large_image","twitter_misc":{"Gesch\u00e4tzte Lesezeit":"4\u00a0Minuten"},"schema":{"@context":"https:\/\/schema.org","@graph":[{"@type":"WebPage","@id":"https:\/\/lucalifestyle.com\/de\/uber\/uber-luca-lifestyle\/","url":"https:\/\/lucalifestyle.com\/de\/uber\/uber-luca-lifestyle\/","name":"\u00dcber Luca Lifestyle - Luca Lifestyle","isPartOf":{"@id":"https:\/\/lucalifestyle.com\/de\/#website"},"primaryImageOfPage":{"@id":"https:\/\/lucalifestyle.com\/de\/uber\/uber-luca-lifestyle\/#primaryimage"},"image":{"@id":"https:\/\/lucalifestyle.com\/de\/uber\/uber-luca-lifestyle\/#primaryimage"},"thumbnailUrl":"https:\/\/lucalifestyle.com\/wp-content\/uploads\/2024\/03\/timeline-1-300x204.png","datePublished":"2024-03-19T12:19:26+00:00","dateModified":"2025-02-10T15:53:13+00:00","breadcrumb":{"@id":"https:\/\/lucalifestyle.com\/de\/uber\/uber-luca-lifestyle\/#breadcrumb"},"inLanguage":"de","potentialAction":[{"@type":"ReadAction","target":["https:\/\/lucalifestyle.com\/de\/uber\/uber-luca-lifestyle\/"]}]},{"@type":"ImageObject","inLanguage":"de","@id":"https:\/\/lucalifestyle.com\/de\/uber\/uber-luca-lifestyle\/#primaryimage","url":"https:\/\/lucalifestyle.com\/wp-content\/uploads\/2024\/03\/timeline-1-300x204.png","contentUrl":"https:\/\/lucalifestyle.com\/wp-content\/uploads\/2024\/03\/timeline-1-300x204.png"},{"@type":"BreadcrumbList","@id":"https:\/\/lucalifestyle.com\/de\/uber\/uber-luca-lifestyle\/#breadcrumb","itemListElement":[{"@type":"ListItem","position":1,"name":"Home","item":"https:\/\/lucalifestyle.com\/de\/"},{"@type":"ListItem","position":2,"name":"\u00dcber","item":"https:\/\/lucalifestyle.com\/de\/uber\/"},{"@type":"ListItem","position":3,"name":"\u00dcber Luca Lifestyle"}]},{"@type":"WebSite","@id":"https:\/\/lucalifestyle.com\/de\/#website","url":"https:\/\/lucalifestyle.com\/de\/","name":"Luca Lifestyle","description":"Makes the world look better.","publisher":{"@id":"https:\/\/lucalifestyle.com\/de\/#organization"},"alternateName":"Luca","potentialAction":[{"@type":"SearchAction","target":{"@type":"EntryPoint","urlTemplate":"https:\/\/lucalifestyle.com\/de\/?s={search_term_string}"},"query-input":{"@type":"PropertyValueSpecification","valueRequired":true,"valueName":"search_term_string"}}],"inLanguage":"de"},{"@type":"Organization","@id":"https:\/\/lucalifestyle.com\/de\/#organization","name":"Luca Lifestyle","url":"https:\/\/lucalifestyle.com\/de\/","logo":{"@type":"ImageObject","inLanguage":"de","@id":"https:\/\/lucalifestyle.com\/de\/#\/schema\/logo\/image\/","url":"https:\/\/lucalifestyle.com\/wp-content\/uploads\/2026\/01\/Logo-Pinterest.jpg","contentUrl":"https:\/\/lucalifestyle.com\/wp-content\/uploads\/2026\/01\/Logo-Pinterest.jpg","width":614,"height":648,"caption":"Luca Lifestyle"},"image":{"@id":"https:\/\/lucalifestyle.com\/de\/#\/schema\/logo\/image\/"},"sameAs":["https:\/\/www.facebook.com\/LucaLifestyle.nl","https:\/\/www.instagram.com\/lucalifestyleofficial\/","https:\/\/nl.pinterest.com\/lucalifestyle\/","https:\/\/www.linkedin.com\/company\/luca-lifestyle\/"]}]}},"_links":{"self":[{"href":"https:\/\/lucalifestyle.com\/de\/wp-json\/wp\/v2\/pages\/5785","targetHints":{"allow":["GET"]}}],"collection":[{"href":"https:\/\/lucalifestyle.com\/de\/wp-json\/wp\/v2\/pages"}],"about":[{"href":"https:\/\/lucalifestyle.com\/de\/wp-json\/wp\/v2\/types\/page"}],"author":[{"embeddable":true,"href":"https:\/\/lucalifestyle.com\/de\/wp-json\/wp\/v2\/users\/20"}],"replies":[{"embeddable":true,"href":"https:\/\/lucalifestyle.com\/de\/wp-json\/wp\/v2\/comments?post=5785"}],"version-history":[{"count":0,"href":"https:\/\/lucalifestyle.com\/de\/wp-json\/wp\/v2\/pages\/5785\/revisions"}],"up":[{"embeddable":true,"href":"https:\/\/lucalifestyle.com\/de\/wp-json\/wp\/v2\/pages\/5873"}],"wp:attachment":[{"href":"https:\/\/lucalifestyle.com\/de\/wp-json\/wp\/v2\/media?parent=5785"}],"curies":[{"name":"wp","href":"https:\/\/api.w.org\/{rel}","templated":true}]}}