{"id":5704,"date":"2024-01-11T10:13:54","date_gmt":"2024-01-11T09:13:54","guid":{"rendered":"https:\/\/lucalifestyle.com\/?page_id=5704"},"modified":"2025-02-12T13:28:58","modified_gmt":"2025-02-12T12:28:58","slug":"formen","status":"publish","type":"page","link":"https:\/\/lucalifestyle.com\/de\/kollektion\/formen\/","title":{"rendered":"Formen"},"content":{"rendered":"\n<p>Formen<\/p>\n\t<p>\u00dcberzeugen Sie sich selbst von der Vielseitigkeit unserer Kollektion und lassen Sie sich von den unbegrenzten M\u00f6glichkeiten unserer Pflanzgef\u00e4\u00dfe inspirieren. Aufgrund des einzigartigen Materials sind die Produkte in vielen verschiedenen Formen und Gr\u00f6\u00dfen erh\u00e4ltlich (bis zu 125 cm Durchmesser). Die Vielfalt der Formen macht es einfach, verschiedene Gr\u00f6\u00dfen und Stile miteinander zu kombinieren.<\/p>\n\t<p>Detaillierte Informationen \u00fcber unsere Produkte?<\/p>\n\t<p>Klicken Sie <a href=\"https:\/\/we.tl\/t-dyvlKmYdLQ\" target=\"_blank\" rel=\"noopener\">hier<\/a> f\u00fcr den Produktkatalog.<\/p>\n","protected":false},"excerpt":{"rendered":"<p>Formen \u00dcberzeugen Sie sich selbst von der Vielseitigkeit unserer Kollektion und lassen Sie sich von den unbegrenzten M\u00f6glichkeiten unserer Pflanzgef\u00e4\u00dfe inspirieren. Aufgrund des einzigartigen Materials sind die Produkte in vielen verschiedenen Formen und Gr\u00f6\u00dfen erh\u00e4ltlich (bis zu 125 cm Durchmesser). Die Vielfalt der Formen macht es einfach, verschiedene Gr\u00f6\u00dfen und Stile miteinander zu kombinieren. Detaillierte&hellip;<\/p>\n","protected":false},"author":20,"featured_media":0,"parent":5645,"menu_order":0,"comment_status":"closed","ping_status":"closed","template":"","meta":{"footnotes":""},"class_list":["post-5704","page","type-page","status-publish","hentry"],"yoast_head":"<!-- This site is optimized with the Yoast SEO plugin v27.3 - https:\/\/yoast.com\/product\/yoast-seo-wordpress\/ -->\n<title>Formen - Luca Lifestyle<\/title>\n<meta name=\"robots\" content=\"index, follow, max-snippet:-1, max-image-preview:large, max-video-preview:-1\" \/>\n<link rel=\"canonical\" href=\"https:\/\/lucalifestyle.com\/de\/kollektion\/formen\/\" \/>\n<meta property=\"og:locale\" content=\"de_DE\" \/>\n<meta property=\"og:type\" content=\"article\" \/>\n<meta property=\"og:title\" content=\"Formen - Luca Lifestyle\" \/>\n<meta property=\"og:description\" content=\"Formen \u00dcberzeugen Sie sich selbst von der Vielseitigkeit unserer Kollektion und lassen Sie sich von den unbegrenzten M\u00f6glichkeiten unserer Pflanzgef\u00e4\u00dfe inspirieren. Aufgrund des einzigartigen Materials sind die Produkte in vielen verschiedenen Formen und Gr\u00f6\u00dfen erh\u00e4ltlich (bis zu 125 cm Durchmesser). Die Vielfalt der Formen macht es einfach, verschiedene Gr\u00f6\u00dfen und Stile miteinander zu kombinieren. Detaillierte&hellip;\" \/>\n<meta property=\"og:url\" content=\"https:\/\/lucalifestyle.com\/de\/kollektion\/formen\/\" \/>\n<meta property=\"og:site_name\" content=\"Luca Lifestyle\" \/>\n<meta property=\"article:publisher\" content=\"https:\/\/www.facebook.com\/LucaLifestyle.nl\" \/>\n<meta property=\"article:modified_time\" content=\"2025-02-12T12:28:58+00:00\" \/>\n<meta name=\"twitter:card\" content=\"summary_large_image\" \/>\n<script type=\"application\/ld+json\" class=\"yoast-schema-graph\">{\"@context\":\"https:\\\/\\\/schema.org\",\"@graph\":[{\"@type\":\"WebPage\",\"@id\":\"https:\\\/\\\/lucalifestyle.com\\\/de\\\/kollektion\\\/formen\\\/\",\"url\":\"https:\\\/\\\/lucalifestyle.com\\\/de\\\/kollektion\\\/formen\\\/\",\"name\":\"Formen - Luca Lifestyle\",\"isPartOf\":{\"@id\":\"https:\\\/\\\/lucalifestyle.com\\\/de\\\/#website\"},\"datePublished\":\"2024-01-11T09:13:54+00:00\",\"dateModified\":\"2025-02-12T12:28:58+00:00\",\"breadcrumb\":{\"@id\":\"https:\\\/\\\/lucalifestyle.com\\\/de\\\/kollektion\\\/formen\\\/#breadcrumb\"},\"inLanguage\":\"de\",\"potentialAction\":[{\"@type\":\"ReadAction\",\"target\":[\"https:\\\/\\\/lucalifestyle.com\\\/de\\\/kollektion\\\/formen\\\/\"]}]},{\"@type\":\"BreadcrumbList\",\"@id\":\"https:\\\/\\\/lucalifestyle.com\\\/de\\\/kollektion\\\/formen\\\/#breadcrumb\",\"itemListElement\":[{\"@type\":\"ListItem\",\"position\":1,\"name\":\"Home\",\"item\":\"https:\\\/\\\/lucalifestyle.com\\\/de\\\/\"},{\"@type\":\"ListItem\",\"position\":2,\"name\":\"Kollektion\",\"item\":\"https:\\\/\\\/lucalifestyle.com\\\/de\\\/kollektion\\\/\"},{\"@type\":\"ListItem\",\"position\":3,\"name\":\"Formen\"}]},{\"@type\":\"WebSite\",\"@id\":\"https:\\\/\\\/lucalifestyle.com\\\/de\\\/#website\",\"url\":\"https:\\\/\\\/lucalifestyle.com\\\/de\\\/\",\"name\":\"Luca Lifestyle\",\"description\":\"Makes the world look better.\",\"publisher\":{\"@id\":\"https:\\\/\\\/lucalifestyle.com\\\/de\\\/#organization\"},\"alternateName\":\"Luca\",\"potentialAction\":[{\"@type\":\"SearchAction\",\"target\":{\"@type\":\"EntryPoint\",\"urlTemplate\":\"https:\\\/\\\/lucalifestyle.com\\\/de\\\/?s={search_term_string}\"},\"query-input\":{\"@type\":\"PropertyValueSpecification\",\"valueRequired\":true,\"valueName\":\"search_term_string\"}}],\"inLanguage\":\"de\"},{\"@type\":\"Organization\",\"@id\":\"https:\\\/\\\/lucalifestyle.com\\\/de\\\/#organization\",\"name\":\"Luca Lifestyle\",\"url\":\"https:\\\/\\\/lucalifestyle.com\\\/de\\\/\",\"logo\":{\"@type\":\"ImageObject\",\"inLanguage\":\"de\",\"@id\":\"https:\\\/\\\/lucalifestyle.com\\\/de\\\/#\\\/schema\\\/logo\\\/image\\\/\",\"url\":\"https:\\\/\\\/lucalifestyle.com\\\/wp-content\\\/uploads\\\/2026\\\/01\\\/Logo-Pinterest.jpg\",\"contentUrl\":\"https:\\\/\\\/lucalifestyle.com\\\/wp-content\\\/uploads\\\/2026\\\/01\\\/Logo-Pinterest.jpg\",\"width\":614,\"height\":648,\"caption\":\"Luca Lifestyle\"},\"image\":{\"@id\":\"https:\\\/\\\/lucalifestyle.com\\\/de\\\/#\\\/schema\\\/logo\\\/image\\\/\"},\"sameAs\":[\"https:\\\/\\\/www.facebook.com\\\/LucaLifestyle.nl\",\"https:\\\/\\\/www.instagram.com\\\/lucalifestyleofficial\\\/\",\"https:\\\/\\\/nl.pinterest.com\\\/lucalifestyle\\\/\",\"https:\\\/\\\/www.linkedin.com\\\/company\\\/luca-lifestyle\\\/\"]}]}<\/script>\n<!-- \/ Yoast SEO plugin. -->","yoast_head_json":{"title":"Formen - Luca Lifestyle","robots":{"index":"index","follow":"follow","max-snippet":"max-snippet:-1","max-image-preview":"max-image-preview:large","max-video-preview":"max-video-preview:-1"},"canonical":"https:\/\/lucalifestyle.com\/de\/kollektion\/formen\/","og_locale":"de_DE","og_type":"article","og_title":"Formen - Luca Lifestyle","og_description":"Formen \u00dcberzeugen Sie sich selbst von der Vielseitigkeit unserer Kollektion und lassen Sie sich von den unbegrenzten M\u00f6glichkeiten unserer Pflanzgef\u00e4\u00dfe inspirieren. Aufgrund des einzigartigen Materials sind die Produkte in vielen verschiedenen Formen und Gr\u00f6\u00dfen erh\u00e4ltlich (bis zu 125 cm Durchmesser). Die Vielfalt der Formen macht es einfach, verschiedene Gr\u00f6\u00dfen und Stile miteinander zu kombinieren. Detaillierte&hellip;","og_url":"https:\/\/lucalifestyle.com\/de\/kollektion\/formen\/","og_site_name":"Luca Lifestyle","article_publisher":"https:\/\/www.facebook.com\/LucaLifestyle.nl","article_modified_time":"2025-02-12T12:28:58+00:00","twitter_card":"summary_large_image","schema":{"@context":"https:\/\/schema.org","@graph":[{"@type":"WebPage","@id":"https:\/\/lucalifestyle.com\/de\/kollektion\/formen\/","url":"https:\/\/lucalifestyle.com\/de\/kollektion\/formen\/","name":"Formen - Luca Lifestyle","isPartOf":{"@id":"https:\/\/lucalifestyle.com\/de\/#website"},"datePublished":"2024-01-11T09:13:54+00:00","dateModified":"2025-02-12T12:28:58+00:00","breadcrumb":{"@id":"https:\/\/lucalifestyle.com\/de\/kollektion\/formen\/#breadcrumb"},"inLanguage":"de","potentialAction":[{"@type":"ReadAction","target":["https:\/\/lucalifestyle.com\/de\/kollektion\/formen\/"]}]},{"@type":"BreadcrumbList","@id":"https:\/\/lucalifestyle.com\/de\/kollektion\/formen\/#breadcrumb","itemListElement":[{"@type":"ListItem","position":1,"name":"Home","item":"https:\/\/lucalifestyle.com\/de\/"},{"@type":"ListItem","position":2,"name":"Kollektion","item":"https:\/\/lucalifestyle.com\/de\/kollektion\/"},{"@type":"ListItem","position":3,"name":"Formen"}]},{"@type":"WebSite","@id":"https:\/\/lucalifestyle.com\/de\/#website","url":"https:\/\/lucalifestyle.com\/de\/","name":"Luca Lifestyle","description":"Makes the world look better.","publisher":{"@id":"https:\/\/lucalifestyle.com\/de\/#organization"},"alternateName":"Luca","potentialAction":[{"@type":"SearchAction","target":{"@type":"EntryPoint","urlTemplate":"https:\/\/lucalifestyle.com\/de\/?s={search_term_string}"},"query-input":{"@type":"PropertyValueSpecification","valueRequired":true,"valueName":"search_term_string"}}],"inLanguage":"de"},{"@type":"Organization","@id":"https:\/\/lucalifestyle.com\/de\/#organization","name":"Luca Lifestyle","url":"https:\/\/lucalifestyle.com\/de\/","logo":{"@type":"ImageObject","inLanguage":"de","@id":"https:\/\/lucalifestyle.com\/de\/#\/schema\/logo\/image\/","url":"https:\/\/lucalifestyle.com\/wp-content\/uploads\/2026\/01\/Logo-Pinterest.jpg","contentUrl":"https:\/\/lucalifestyle.com\/wp-content\/uploads\/2026\/01\/Logo-Pinterest.jpg","width":614,"height":648,"caption":"Luca Lifestyle"},"image":{"@id":"https:\/\/lucalifestyle.com\/de\/#\/schema\/logo\/image\/"},"sameAs":["https:\/\/www.facebook.com\/LucaLifestyle.nl","https:\/\/www.instagram.com\/lucalifestyleofficial\/","https:\/\/nl.pinterest.com\/lucalifestyle\/","https:\/\/www.linkedin.com\/company\/luca-lifestyle\/"]}]}},"_links":{"self":[{"href":"https:\/\/lucalifestyle.com\/de\/wp-json\/wp\/v2\/pages\/5704","targetHints":{"allow":["GET"]}}],"collection":[{"href":"https:\/\/lucalifestyle.com\/de\/wp-json\/wp\/v2\/pages"}],"about":[{"href":"https:\/\/lucalifestyle.com\/de\/wp-json\/wp\/v2\/types\/page"}],"author":[{"embeddable":true,"href":"https:\/\/lucalifestyle.com\/de\/wp-json\/wp\/v2\/users\/20"}],"replies":[{"embeddable":true,"href":"https:\/\/lucalifestyle.com\/de\/wp-json\/wp\/v2\/comments?post=5704"}],"version-history":[{"count":0,"href":"https:\/\/lucalifestyle.com\/de\/wp-json\/wp\/v2\/pages\/5704\/revisions"}],"up":[{"embeddable":true,"href":"https:\/\/lucalifestyle.com\/de\/wp-json\/wp\/v2\/pages\/5645"}],"wp:attachment":[{"href":"https:\/\/lucalifestyle.com\/de\/wp-json\/wp\/v2\/media?parent=5704"}],"curies":[{"name":"wp","href":"https:\/\/api.w.org\/{rel}","templated":true}]}}