{"id":5645,"date":"2024-02-27T17:04:07","date_gmt":"2024-02-27T16:04:07","guid":{"rendered":"https:\/\/lucalifestyle.com\/?page_id=5645"},"modified":"2026-01-28T13:46:16","modified_gmt":"2026-01-28T12:46:16","slug":"kollektion","status":"publish","type":"page","link":"https:\/\/lucalifestyle.com\/de\/kollektion\/","title":{"rendered":"Kollektion"},"content":{"rendered":"\n\n\t<p>Produkte<\/p>\n\t<p>Schauen Sie sich alle unsere Kollektionen \u00fcbersichtlich an, sehen Sie, in welchen Gr\u00f6\u00dfen unsere T\u00f6pfe erh\u00e4ltlich sind und lesen Sie mehr \u00fcber die Produktion, indem Sie auf die Bilder unten klicken.<\/p>\n\t\t\t\t\t\t\t\t<a href=\"https:\/\/lucalifestyle.com\/de\/pflanzkubel\/kollektionen\/\" target=\"_self\" itemprop=\"url\">\n\t\t\t\t\t\t\t\t\t<img loading=\"lazy\" decoding=\"async\" src=\"https:\/\/lucalifestyle.com\/wp-content\/uploads\/2024\/02\/Collecties-2.jpg\" alt=\"Kollektionen\" itemprop=\"image\" height=\"2000\" width=\"1600\" srcset=\"https:\/\/lucalifestyle.com\/wp-content\/uploads\/2024\/02\/Collecties-2.jpg 1600w, https:\/\/lucalifestyle.com\/wp-content\/uploads\/2024\/02\/Collecties-2-240x300.jpg 240w, https:\/\/lucalifestyle.com\/wp-content\/uploads\/2024\/02\/Collecties-2-819x1024.jpg 819w, https:\/\/lucalifestyle.com\/wp-content\/uploads\/2024\/02\/Collecties-2-768x960.jpg 768w, https:\/\/lucalifestyle.com\/wp-content\/uploads\/2024\/02\/Collecties-2-1229x1536.jpg 1229w\" sizes=\"auto, (max-width: 1600px) 100vw, 1600px\" title=\"Kollektionen\" onerror=\"this.style.display='none'\"  \/>\n\t\t\t\t\t\t\t\t\t\t\tKollektionen\n\t\t\t\t\t\t\t\t\t\t\t\t\t<\/a>\n\t\t\t<a href=\"https:\/\/lucalifestyle.com\/de\/kollektion\/pflanzkuebeln\/\" target=\"_self\"  role=\"button\">\n\t\t\t\t\t\tKollektionen Ansehen\n\t\t<\/a>\n\t\t\t\t\t\t\t\t<a href=\"https:\/\/lucalifestyle.com\/de\/pflanzkubel\/formen\/\" target=\"_self\" itemprop=\"url\">\n\t\t\t\t\t\t\t\t\t<img loading=\"lazy\" decoding=\"async\" src=\"https:\/\/lucalifestyle.com\/wp-content\/uploads\/2024\/02\/Vormen-2.jpg\" alt=\"Formen\" itemprop=\"image\" height=\"2000\" width=\"1600\" srcset=\"https:\/\/lucalifestyle.com\/wp-content\/uploads\/2024\/02\/Vormen-2.jpg 1600w, https:\/\/lucalifestyle.com\/wp-content\/uploads\/2024\/02\/Vormen-2-240x300.jpg 240w, https:\/\/lucalifestyle.com\/wp-content\/uploads\/2024\/02\/Vormen-2-819x1024.jpg 819w, https:\/\/lucalifestyle.com\/wp-content\/uploads\/2024\/02\/Vormen-2-768x960.jpg 768w, https:\/\/lucalifestyle.com\/wp-content\/uploads\/2024\/02\/Vormen-2-1229x1536.jpg 1229w\" sizes=\"auto, (max-width: 1600px) 100vw, 1600px\" title=\"Formen\" onerror=\"this.style.display='none'\"  \/>\n\t\t\t\t\t\t\t\t\t\t\tFormen\n\t\t\t\t\t\t\t\t\t\t\t\t\t<\/a>\n\t\t\t<a href=\"https:\/\/lucalifestyle.com\/de\/kollektion\/formen\/\" target=\"_self\"  role=\"button\">\n\t\t\t\t\t\tFormen Ansehen\n\t\t<\/a>\n\t\t\t\t\t\t\t\t<a href=\"https:\/\/lucalifestyle.com\/de\/pflanzkubel\/produktion\/\" target=\"_self\" itemprop=\"url\">\n\t\t\t\t\t\t\t\t\t<img loading=\"lazy\" decoding=\"async\" src=\"https:\/\/lucalifestyle.com\/wp-content\/uploads\/2024\/02\/Productie-2.jpg\" alt=\"Produktion\" itemprop=\"image\" height=\"2000\" width=\"1600\" srcset=\"https:\/\/lucalifestyle.com\/wp-content\/uploads\/2024\/02\/Productie-2.jpg 1600w, https:\/\/lucalifestyle.com\/wp-content\/uploads\/2024\/02\/Productie-2-240x300.jpg 240w, https:\/\/lucalifestyle.com\/wp-content\/uploads\/2024\/02\/Productie-2-819x1024.jpg 819w, https:\/\/lucalifestyle.com\/wp-content\/uploads\/2024\/02\/Productie-2-768x960.jpg 768w, https:\/\/lucalifestyle.com\/wp-content\/uploads\/2024\/02\/Productie-2-1229x1536.jpg 1229w\" sizes=\"auto, (max-width: 1600px) 100vw, 1600px\" title=\"Produktion\" onerror=\"this.style.display='none'\"  \/>\n\t\t\t\t\t\t\t\t\t\t\tProduktion\n\t\t\t\t\t\t\t\t\t\t\t\t\t<\/a>\n\t\t\t<a href=\"https:\/\/lucalifestyle.com\/de\/kollektion\/produktion\/\" target=\"_self\"  role=\"button\">\n\t\t\t\t\t\tProduktion Ansehen\n\t\t<\/a>\n\t<p>M\u00f6chten Sie Ihren Kunden die Farben und Texturen zeigen?<\/p>\n\t<p>Fordern Sie\u00a0hier unsere Musterplatten an.<\/p>\n<ul>\n<li>14 lebensechte Miniaturen<\/li>\n<li>Material- &amp; Farbmuster<\/li>\n<li>Speziell f\u00fcr Wiederverk\u00e4ufer<\/li>\n<\/ul>\n\t\t\t<a href=\"https:\/\/lucalifestyle.com\/de\/anfrage\/\" target=\"_self\">\n\t\t\t\t\t\t\tAnfrage\n\t\t\t\t\t<\/a>\n\n","protected":false},"excerpt":{"rendered":"<p>Produkte Schauen Sie sich alle unsere Kollektionen \u00fcbersichtlich an, sehen Sie, in welchen Gr\u00f6\u00dfen unsere T\u00f6pfe erh\u00e4ltlich sind und lesen Sie mehr \u00fcber die Produktion, indem Sie auf die Bilder unten klicken. Kollektionen Kollektionen Ansehen Formen Formen Ansehen Produktion Produktion Ansehen M\u00f6chten Sie Ihren Kunden die Farben und Texturen zeigen? Fordern Sie\u00a0hier unsere Musterplatten an.&hellip;<\/p>\n","protected":false},"author":20,"featured_media":0,"parent":0,"menu_order":0,"comment_status":"closed","ping_status":"closed","template":"","meta":{"footnotes":""},"class_list":["post-5645","page","type-page","status-publish","hentry"],"yoast_head":"<!-- This site is optimized with the Yoast SEO plugin v27.4 - https:\/\/yoast.com\/product\/yoast-seo-wordpress\/ -->\n<title>Kollektion - Luca Lifestyle<\/title>\n<meta name=\"robots\" content=\"index, follow, max-snippet:-1, max-image-preview:large, max-video-preview:-1\" \/>\n<link rel=\"canonical\" href=\"https:\/\/lucalifestyle.com\/de\/kollektion\/\" \/>\n<meta property=\"og:locale\" content=\"de_DE\" \/>\n<meta property=\"og:type\" content=\"article\" \/>\n<meta property=\"og:title\" content=\"Kollektion - Luca Lifestyle\" \/>\n<meta property=\"og:description\" content=\"Produkte Schauen Sie sich alle unsere Kollektionen \u00fcbersichtlich an, sehen Sie, in welchen Gr\u00f6\u00dfen unsere T\u00f6pfe erh\u00e4ltlich sind und lesen Sie mehr \u00fcber die Produktion, indem Sie auf die Bilder unten klicken. Kollektionen Kollektionen Ansehen Formen Formen Ansehen Produktion Produktion Ansehen M\u00f6chten Sie Ihren Kunden die Farben und Texturen zeigen? Fordern Sie\u00a0hier unsere Musterplatten an.&hellip;\" \/>\n<meta property=\"og:url\" content=\"https:\/\/lucalifestyle.com\/de\/kollektion\/\" \/>\n<meta property=\"og:site_name\" content=\"Luca Lifestyle\" \/>\n<meta property=\"article:publisher\" content=\"https:\/\/www.facebook.com\/LucaLifestyle.nl\" \/>\n<meta property=\"article:modified_time\" content=\"2026-01-28T12:46:16+00:00\" \/>\n<meta property=\"og:image\" content=\"https:\/\/lucalifestyle.com\/wp-content\/uploads\/2024\/02\/Collecties-2.jpg\" \/>\n<meta name=\"twitter:card\" content=\"summary_large_image\" \/>\n<script type=\"application\/ld+json\" class=\"yoast-schema-graph\">{\"@context\":\"https:\\\/\\\/schema.org\",\"@graph\":[{\"@type\":\"WebPage\",\"@id\":\"https:\\\/\\\/lucalifestyle.com\\\/de\\\/kollektion\\\/\",\"url\":\"https:\\\/\\\/lucalifestyle.com\\\/de\\\/kollektion\\\/\",\"name\":\"Kollektion - Luca Lifestyle\",\"isPartOf\":{\"@id\":\"https:\\\/\\\/lucalifestyle.com\\\/de\\\/#website\"},\"primaryImageOfPage\":{\"@id\":\"https:\\\/\\\/lucalifestyle.com\\\/de\\\/kollektion\\\/#primaryimage\"},\"image\":{\"@id\":\"https:\\\/\\\/lucalifestyle.com\\\/de\\\/kollektion\\\/#primaryimage\"},\"thumbnailUrl\":\"https:\\\/\\\/lucalifestyle.com\\\/wp-content\\\/uploads\\\/2024\\\/02\\\/Collecties-2.jpg\",\"datePublished\":\"2024-02-27T16:04:07+00:00\",\"dateModified\":\"2026-01-28T12:46:16+00:00\",\"breadcrumb\":{\"@id\":\"https:\\\/\\\/lucalifestyle.com\\\/de\\\/kollektion\\\/#breadcrumb\"},\"inLanguage\":\"de\",\"potentialAction\":[{\"@type\":\"ReadAction\",\"target\":[\"https:\\\/\\\/lucalifestyle.com\\\/de\\\/kollektion\\\/\"]}]},{\"@type\":\"ImageObject\",\"inLanguage\":\"de\",\"@id\":\"https:\\\/\\\/lucalifestyle.com\\\/de\\\/kollektion\\\/#primaryimage\",\"url\":\"https:\\\/\\\/lucalifestyle.com\\\/wp-content\\\/uploads\\\/2024\\\/02\\\/Collecties-2.jpg\",\"contentUrl\":\"https:\\\/\\\/lucalifestyle.com\\\/wp-content\\\/uploads\\\/2024\\\/02\\\/Collecties-2.jpg\"},{\"@type\":\"BreadcrumbList\",\"@id\":\"https:\\\/\\\/lucalifestyle.com\\\/de\\\/kollektion\\\/#breadcrumb\",\"itemListElement\":[{\"@type\":\"ListItem\",\"position\":1,\"name\":\"Home\",\"item\":\"https:\\\/\\\/lucalifestyle.com\\\/de\\\/\"},{\"@type\":\"ListItem\",\"position\":2,\"name\":\"Kollektion\"}]},{\"@type\":\"WebSite\",\"@id\":\"https:\\\/\\\/lucalifestyle.com\\\/de\\\/#website\",\"url\":\"https:\\\/\\\/lucalifestyle.com\\\/de\\\/\",\"name\":\"Luca Lifestyle\",\"description\":\"Makes the world look better.\",\"publisher\":{\"@id\":\"https:\\\/\\\/lucalifestyle.com\\\/de\\\/#organization\"},\"alternateName\":\"Luca\",\"potentialAction\":[{\"@type\":\"SearchAction\",\"target\":{\"@type\":\"EntryPoint\",\"urlTemplate\":\"https:\\\/\\\/lucalifestyle.com\\\/de\\\/?s={search_term_string}\"},\"query-input\":{\"@type\":\"PropertyValueSpecification\",\"valueRequired\":true,\"valueName\":\"search_term_string\"}}],\"inLanguage\":\"de\"},{\"@type\":\"Organization\",\"@id\":\"https:\\\/\\\/lucalifestyle.com\\\/de\\\/#organization\",\"name\":\"Luca Lifestyle\",\"url\":\"https:\\\/\\\/lucalifestyle.com\\\/de\\\/\",\"logo\":{\"@type\":\"ImageObject\",\"inLanguage\":\"de\",\"@id\":\"https:\\\/\\\/lucalifestyle.com\\\/de\\\/#\\\/schema\\\/logo\\\/image\\\/\",\"url\":\"https:\\\/\\\/lucalifestyle.com\\\/wp-content\\\/uploads\\\/2026\\\/01\\\/Logo-Pinterest.jpg\",\"contentUrl\":\"https:\\\/\\\/lucalifestyle.com\\\/wp-content\\\/uploads\\\/2026\\\/01\\\/Logo-Pinterest.jpg\",\"width\":614,\"height\":648,\"caption\":\"Luca Lifestyle\"},\"image\":{\"@id\":\"https:\\\/\\\/lucalifestyle.com\\\/de\\\/#\\\/schema\\\/logo\\\/image\\\/\"},\"sameAs\":[\"https:\\\/\\\/www.facebook.com\\\/LucaLifestyle.nl\",\"https:\\\/\\\/www.instagram.com\\\/lucalifestyleofficial\\\/\",\"https:\\\/\\\/nl.pinterest.com\\\/lucalifestyle\\\/\",\"https:\\\/\\\/www.linkedin.com\\\/company\\\/luca-lifestyle\\\/\"]}]}<\/script>\n<!-- \/ Yoast SEO plugin. -->","yoast_head_json":{"title":"Kollektion - Luca Lifestyle","robots":{"index":"index","follow":"follow","max-snippet":"max-snippet:-1","max-image-preview":"max-image-preview:large","max-video-preview":"max-video-preview:-1"},"canonical":"https:\/\/lucalifestyle.com\/de\/kollektion\/","og_locale":"de_DE","og_type":"article","og_title":"Kollektion - Luca Lifestyle","og_description":"Produkte Schauen Sie sich alle unsere Kollektionen \u00fcbersichtlich an, sehen Sie, in welchen Gr\u00f6\u00dfen unsere T\u00f6pfe erh\u00e4ltlich sind und lesen Sie mehr \u00fcber die Produktion, indem Sie auf die Bilder unten klicken. Kollektionen Kollektionen Ansehen Formen Formen Ansehen Produktion Produktion Ansehen M\u00f6chten Sie Ihren Kunden die Farben und Texturen zeigen? Fordern Sie\u00a0hier unsere Musterplatten an.&hellip;","og_url":"https:\/\/lucalifestyle.com\/de\/kollektion\/","og_site_name":"Luca Lifestyle","article_publisher":"https:\/\/www.facebook.com\/LucaLifestyle.nl","article_modified_time":"2026-01-28T12:46:16+00:00","og_image":[{"url":"https:\/\/lucalifestyle.com\/wp-content\/uploads\/2024\/02\/Collecties-2.jpg","type":"","width":"","height":""}],"twitter_card":"summary_large_image","schema":{"@context":"https:\/\/schema.org","@graph":[{"@type":"WebPage","@id":"https:\/\/lucalifestyle.com\/de\/kollektion\/","url":"https:\/\/lucalifestyle.com\/de\/kollektion\/","name":"Kollektion - Luca Lifestyle","isPartOf":{"@id":"https:\/\/lucalifestyle.com\/de\/#website"},"primaryImageOfPage":{"@id":"https:\/\/lucalifestyle.com\/de\/kollektion\/#primaryimage"},"image":{"@id":"https:\/\/lucalifestyle.com\/de\/kollektion\/#primaryimage"},"thumbnailUrl":"https:\/\/lucalifestyle.com\/wp-content\/uploads\/2024\/02\/Collecties-2.jpg","datePublished":"2024-02-27T16:04:07+00:00","dateModified":"2026-01-28T12:46:16+00:00","breadcrumb":{"@id":"https:\/\/lucalifestyle.com\/de\/kollektion\/#breadcrumb"},"inLanguage":"de","potentialAction":[{"@type":"ReadAction","target":["https:\/\/lucalifestyle.com\/de\/kollektion\/"]}]},{"@type":"ImageObject","inLanguage":"de","@id":"https:\/\/lucalifestyle.com\/de\/kollektion\/#primaryimage","url":"https:\/\/lucalifestyle.com\/wp-content\/uploads\/2024\/02\/Collecties-2.jpg","contentUrl":"https:\/\/lucalifestyle.com\/wp-content\/uploads\/2024\/02\/Collecties-2.jpg"},{"@type":"BreadcrumbList","@id":"https:\/\/lucalifestyle.com\/de\/kollektion\/#breadcrumb","itemListElement":[{"@type":"ListItem","position":1,"name":"Home","item":"https:\/\/lucalifestyle.com\/de\/"},{"@type":"ListItem","position":2,"name":"Kollektion"}]},{"@type":"WebSite","@id":"https:\/\/lucalifestyle.com\/de\/#website","url":"https:\/\/lucalifestyle.com\/de\/","name":"Luca Lifestyle","description":"Makes the world look better.","publisher":{"@id":"https:\/\/lucalifestyle.com\/de\/#organization"},"alternateName":"Luca","potentialAction":[{"@type":"SearchAction","target":{"@type":"EntryPoint","urlTemplate":"https:\/\/lucalifestyle.com\/de\/?s={search_term_string}"},"query-input":{"@type":"PropertyValueSpecification","valueRequired":true,"valueName":"search_term_string"}}],"inLanguage":"de"},{"@type":"Organization","@id":"https:\/\/lucalifestyle.com\/de\/#organization","name":"Luca Lifestyle","url":"https:\/\/lucalifestyle.com\/de\/","logo":{"@type":"ImageObject","inLanguage":"de","@id":"https:\/\/lucalifestyle.com\/de\/#\/schema\/logo\/image\/","url":"https:\/\/lucalifestyle.com\/wp-content\/uploads\/2026\/01\/Logo-Pinterest.jpg","contentUrl":"https:\/\/lucalifestyle.com\/wp-content\/uploads\/2026\/01\/Logo-Pinterest.jpg","width":614,"height":648,"caption":"Luca Lifestyle"},"image":{"@id":"https:\/\/lucalifestyle.com\/de\/#\/schema\/logo\/image\/"},"sameAs":["https:\/\/www.facebook.com\/LucaLifestyle.nl","https:\/\/www.instagram.com\/lucalifestyleofficial\/","https:\/\/nl.pinterest.com\/lucalifestyle\/","https:\/\/www.linkedin.com\/company\/luca-lifestyle\/"]}]}},"_links":{"self":[{"href":"https:\/\/lucalifestyle.com\/de\/wp-json\/wp\/v2\/pages\/5645","targetHints":{"allow":["GET"]}}],"collection":[{"href":"https:\/\/lucalifestyle.com\/de\/wp-json\/wp\/v2\/pages"}],"about":[{"href":"https:\/\/lucalifestyle.com\/de\/wp-json\/wp\/v2\/types\/page"}],"author":[{"embeddable":true,"href":"https:\/\/lucalifestyle.com\/de\/wp-json\/wp\/v2\/users\/20"}],"replies":[{"embeddable":true,"href":"https:\/\/lucalifestyle.com\/de\/wp-json\/wp\/v2\/comments?post=5645"}],"version-history":[{"count":1,"href":"https:\/\/lucalifestyle.com\/de\/wp-json\/wp\/v2\/pages\/5645\/revisions"}],"predecessor-version":[{"id":15274,"href":"https:\/\/lucalifestyle.com\/de\/wp-json\/wp\/v2\/pages\/5645\/revisions\/15274"}],"wp:attachment":[{"href":"https:\/\/lucalifestyle.com\/de\/wp-json\/wp\/v2\/media?parent=5645"}],"curies":[{"name":"wp","href":"https:\/\/api.w.org\/{rel}","templated":true}]}}