{"id":5622,"date":"2024-01-18T14:54:34","date_gmt":"2024-01-18T13:54:34","guid":{"rendered":"https:\/\/lucalifestyle.com\/?page_id=5622"},"modified":"2026-01-28T11:51:58","modified_gmt":"2026-01-28T10:51:58","slug":"downloads","status":"publish","type":"page","link":"https:\/\/lucalifestyle.com\/de\/downloads\/","title":{"rendered":"Downloads"},"content":{"rendered":"\n\n\t<p>Downloads<\/p>\n\t<p>Der Produktkatalog, die 3D-Modelle und das allgemeine Informationsblatt (mit Wartungshinweisen und Garantiebedingungen) k\u00f6nnen \u00fcber die nachstehenden Bilder heruntergeladen werden.<\/p>\n\t<p>Sie m\u00f6chten unseren Produktkatalog in Papierform erhalten?<\/p>\n\t<p>Klicken Sie <a href=\"http:\/\/lucalifestyle.com\/anfrage\">hier<\/a>, um uns zu kontaktieren.<\/p>\n\t\t\t\t\t\t\t\t<a href=\"https:\/\/we.tl\/t-kKldwWBRZC\" target=\"_blank\" itemprop=\"url\" rel=\"noopener\">\n\t\t\t\t\t\t\t\t\t<img loading=\"lazy\" decoding=\"async\" src=\"https:\/\/lucalifestyle.com\/wp-content\/uploads\/2024\/12\/Catalogus-scaled.jpg\" alt=\"Luca Lifstyle x Plant Atelier\" itemprop=\"image\" height=\"2560\" width=\"2048\" srcset=\"https:\/\/lucalifestyle.com\/wp-content\/uploads\/2024\/12\/Catalogus-scaled.jpg 2048w, https:\/\/lucalifestyle.com\/wp-content\/uploads\/2024\/12\/Catalogus-240x300.jpg 240w, https:\/\/lucalifestyle.com\/wp-content\/uploads\/2024\/12\/Catalogus-819x1024.jpg 819w, https:\/\/lucalifestyle.com\/wp-content\/uploads\/2024\/12\/Catalogus-768x960.jpg 768w, https:\/\/lucalifestyle.com\/wp-content\/uploads\/2024\/12\/Catalogus-1229x1536.jpg 1229w, https:\/\/lucalifestyle.com\/wp-content\/uploads\/2024\/12\/Catalogus-1638x2048.jpg 1638w\" sizes=\"auto, (max-width: 2048px) 100vw, 2048px\" title=\"Luca Lifstyle x Plant Atelier\" onerror=\"this.style.display='none'\"  \/>\n\t\t\t\t\t\t\t\t\t\t\t\t\t<\/a>\n\t\t\t\t\t\t\t\t<a href=\"https:\/\/we.tl\/t-KT6URKvCTm\" target=\"_blank\" itemprop=\"url\" rel=\"noopener\">\n\t\t\t\t\t\t\t\t\t<img loading=\"lazy\" decoding=\"async\" src=\"https:\/\/lucalifestyle.com\/wp-content\/uploads\/2024\/02\/3D-1.jpg\" alt=\"3D-Modelle\" itemprop=\"image\" height=\"2000\" width=\"1600\" srcset=\"https:\/\/lucalifestyle.com\/wp-content\/uploads\/2024\/02\/3D-1.jpg 1600w, https:\/\/lucalifestyle.com\/wp-content\/uploads\/2024\/02\/3D-1-240x300.jpg 240w, https:\/\/lucalifestyle.com\/wp-content\/uploads\/2024\/02\/3D-1-819x1024.jpg 819w, https:\/\/lucalifestyle.com\/wp-content\/uploads\/2024\/02\/3D-1-768x960.jpg 768w, https:\/\/lucalifestyle.com\/wp-content\/uploads\/2024\/02\/3D-1-1229x1536.jpg 1229w\" sizes=\"auto, (max-width: 1600px) 100vw, 1600px\" title=\"3D-Modelle\" onerror=\"this.style.display='none'\"  \/>\n\t\t\t\t\t\t\t\t\t\t\t3D-Modelle\n\t\t\t\t\t\t\t\t\t\t\t\t\t<\/a>\n\t\t\t\t\t\t\t\t<a href=\"https:\/\/lucalifestyle.com\/wp-content\/uploads\/2024\/12\/Allgemeine-Informationen-DE.pdf\" target=\"_blank\" itemprop=\"url\" rel=\"noopener\">\n\t\t\t\t\t\t\t\t\t<img loading=\"lazy\" decoding=\"async\" src=\"https:\/\/lucalifestyle.com\/wp-content\/uploads\/2024\/12\/Instructie-scaled.jpg\" alt=\"Luca Lifstyle x Plant Atelier\" itemprop=\"image\" height=\"2560\" width=\"2048\" srcset=\"https:\/\/lucalifestyle.com\/wp-content\/uploads\/2024\/12\/Instructie-scaled.jpg 2048w, https:\/\/lucalifestyle.com\/wp-content\/uploads\/2024\/12\/Instructie-240x300.jpg 240w, https:\/\/lucalifestyle.com\/wp-content\/uploads\/2024\/12\/Instructie-819x1024.jpg 819w, https:\/\/lucalifestyle.com\/wp-content\/uploads\/2024\/12\/Instructie-768x960.jpg 768w, https:\/\/lucalifestyle.com\/wp-content\/uploads\/2024\/12\/Instructie-1229x1536.jpg 1229w, https:\/\/lucalifestyle.com\/wp-content\/uploads\/2024\/12\/Instructie-1638x2048.jpg 1638w\" sizes=\"auto, (max-width: 2048px) 100vw, 2048px\" title=\"Luca Lifstyle x Plant Atelier\" onerror=\"this.style.display='none'\"  \/>\n\t\t\t\t\t\t\t\t\t\t\t\t\t<\/a>\n\n","protected":false},"excerpt":{"rendered":"<p>Downloads Der Produktkatalog, die 3D-Modelle und das allgemeine Informationsblatt (mit Wartungshinweisen und Garantiebedingungen) k\u00f6nnen \u00fcber die nachstehenden Bilder heruntergeladen werden. Sie m\u00f6chten unseren Produktkatalog in Papierform erhalten? Klicken Sie hier, um uns zu kontaktieren. 3D-Modelle<\/p>\n","protected":false},"author":20,"featured_media":0,"parent":0,"menu_order":0,"comment_status":"closed","ping_status":"closed","template":"","meta":{"footnotes":""},"class_list":["post-5622","page","type-page","status-publish","hentry"],"yoast_head":"<!-- This site is optimized with the Yoast SEO plugin v27.3 - https:\/\/yoast.com\/product\/yoast-seo-wordpress\/ -->\n<title>Downloads - Luca Lifestyle<\/title>\n<meta name=\"description\" content=\"Download der Produktkatalog, die 3D-Modelle oder das allgemeine Informationsblatt online bei Luca Lifestyle .\" \/>\n<meta name=\"robots\" content=\"index, follow, max-snippet:-1, max-image-preview:large, max-video-preview:-1\" \/>\n<link rel=\"canonical\" href=\"https:\/\/lucalifestyle.com\/de\/downloads\/\" \/>\n<meta property=\"og:locale\" content=\"de_DE\" \/>\n<meta property=\"og:type\" content=\"article\" \/>\n<meta property=\"og:title\" content=\"Downloads - Luca Lifestyle\" \/>\n<meta property=\"og:description\" content=\"Download der Produktkatalog, die 3D-Modelle oder das allgemeine Informationsblatt online bei Luca Lifestyle .\" \/>\n<meta property=\"og:url\" content=\"https:\/\/lucalifestyle.com\/de\/downloads\/\" \/>\n<meta property=\"og:site_name\" content=\"Luca Lifestyle\" \/>\n<meta property=\"article:publisher\" content=\"https:\/\/www.facebook.com\/LucaLifestyle.nl\" \/>\n<meta property=\"article:modified_time\" content=\"2026-01-28T10:51:58+00:00\" \/>\n<meta property=\"og:image\" content=\"https:\/\/lucalifestyle.com\/wp-content\/uploads\/2024\/12\/Catalogus-scaled.jpg\" \/>\n<meta name=\"twitter:card\" content=\"summary_large_image\" \/>\n<meta name=\"twitter:label1\" content=\"Gesch\u00e4tzte Lesezeit\" \/>\n\t<meta name=\"twitter:data1\" content=\"1\u00a0Minute\" \/>\n<script type=\"application\/ld+json\" class=\"yoast-schema-graph\">{\"@context\":\"https:\\\/\\\/schema.org\",\"@graph\":[{\"@type\":\"WebPage\",\"@id\":\"https:\\\/\\\/lucalifestyle.com\\\/de\\\/downloads\\\/\",\"url\":\"https:\\\/\\\/lucalifestyle.com\\\/de\\\/downloads\\\/\",\"name\":\"Downloads - Luca Lifestyle\",\"isPartOf\":{\"@id\":\"https:\\\/\\\/lucalifestyle.com\\\/de\\\/#website\"},\"primaryImageOfPage\":{\"@id\":\"https:\\\/\\\/lucalifestyle.com\\\/de\\\/downloads\\\/#primaryimage\"},\"image\":{\"@id\":\"https:\\\/\\\/lucalifestyle.com\\\/de\\\/downloads\\\/#primaryimage\"},\"thumbnailUrl\":\"https:\\\/\\\/lucalifestyle.com\\\/wp-content\\\/uploads\\\/2024\\\/12\\\/Catalogus-scaled.jpg\",\"datePublished\":\"2024-01-18T13:54:34+00:00\",\"dateModified\":\"2026-01-28T10:51:58+00:00\",\"description\":\"Download der Produktkatalog, die 3D-Modelle oder das allgemeine Informationsblatt online bei Luca Lifestyle .\",\"breadcrumb\":{\"@id\":\"https:\\\/\\\/lucalifestyle.com\\\/de\\\/downloads\\\/#breadcrumb\"},\"inLanguage\":\"de\",\"potentialAction\":[{\"@type\":\"ReadAction\",\"target\":[\"https:\\\/\\\/lucalifestyle.com\\\/de\\\/downloads\\\/\"]}]},{\"@type\":\"ImageObject\",\"inLanguage\":\"de\",\"@id\":\"https:\\\/\\\/lucalifestyle.com\\\/de\\\/downloads\\\/#primaryimage\",\"url\":\"https:\\\/\\\/lucalifestyle.com\\\/wp-content\\\/uploads\\\/2024\\\/12\\\/Catalogus-scaled.jpg\",\"contentUrl\":\"https:\\\/\\\/lucalifestyle.com\\\/wp-content\\\/uploads\\\/2024\\\/12\\\/Catalogus-scaled.jpg\"},{\"@type\":\"BreadcrumbList\",\"@id\":\"https:\\\/\\\/lucalifestyle.com\\\/de\\\/downloads\\\/#breadcrumb\",\"itemListElement\":[{\"@type\":\"ListItem\",\"position\":1,\"name\":\"Home\",\"item\":\"https:\\\/\\\/lucalifestyle.com\\\/de\\\/\"},{\"@type\":\"ListItem\",\"position\":2,\"name\":\"Downloads\"}]},{\"@type\":\"WebSite\",\"@id\":\"https:\\\/\\\/lucalifestyle.com\\\/de\\\/#website\",\"url\":\"https:\\\/\\\/lucalifestyle.com\\\/de\\\/\",\"name\":\"Luca Lifestyle\",\"description\":\"Makes the world look better.\",\"publisher\":{\"@id\":\"https:\\\/\\\/lucalifestyle.com\\\/de\\\/#organization\"},\"alternateName\":\"Luca\",\"potentialAction\":[{\"@type\":\"SearchAction\",\"target\":{\"@type\":\"EntryPoint\",\"urlTemplate\":\"https:\\\/\\\/lucalifestyle.com\\\/de\\\/?s={search_term_string}\"},\"query-input\":{\"@type\":\"PropertyValueSpecification\",\"valueRequired\":true,\"valueName\":\"search_term_string\"}}],\"inLanguage\":\"de\"},{\"@type\":\"Organization\",\"@id\":\"https:\\\/\\\/lucalifestyle.com\\\/de\\\/#organization\",\"name\":\"Luca Lifestyle\",\"url\":\"https:\\\/\\\/lucalifestyle.com\\\/de\\\/\",\"logo\":{\"@type\":\"ImageObject\",\"inLanguage\":\"de\",\"@id\":\"https:\\\/\\\/lucalifestyle.com\\\/de\\\/#\\\/schema\\\/logo\\\/image\\\/\",\"url\":\"https:\\\/\\\/lucalifestyle.com\\\/wp-content\\\/uploads\\\/2026\\\/01\\\/Logo-Pinterest.jpg\",\"contentUrl\":\"https:\\\/\\\/lucalifestyle.com\\\/wp-content\\\/uploads\\\/2026\\\/01\\\/Logo-Pinterest.jpg\",\"width\":614,\"height\":648,\"caption\":\"Luca Lifestyle\"},\"image\":{\"@id\":\"https:\\\/\\\/lucalifestyle.com\\\/de\\\/#\\\/schema\\\/logo\\\/image\\\/\"},\"sameAs\":[\"https:\\\/\\\/www.facebook.com\\\/LucaLifestyle.nl\",\"https:\\\/\\\/www.instagram.com\\\/lucalifestyleofficial\\\/\",\"https:\\\/\\\/nl.pinterest.com\\\/lucalifestyle\\\/\",\"https:\\\/\\\/www.linkedin.com\\\/company\\\/luca-lifestyle\\\/\"]}]}<\/script>\n<!-- \/ Yoast SEO plugin. -->","yoast_head_json":{"title":"Downloads - Luca Lifestyle","description":"Download der Produktkatalog, die 3D-Modelle oder das allgemeine Informationsblatt online bei Luca Lifestyle .","robots":{"index":"index","follow":"follow","max-snippet":"max-snippet:-1","max-image-preview":"max-image-preview:large","max-video-preview":"max-video-preview:-1"},"canonical":"https:\/\/lucalifestyle.com\/de\/downloads\/","og_locale":"de_DE","og_type":"article","og_title":"Downloads - Luca Lifestyle","og_description":"Download der Produktkatalog, die 3D-Modelle oder das allgemeine Informationsblatt online bei Luca Lifestyle .","og_url":"https:\/\/lucalifestyle.com\/de\/downloads\/","og_site_name":"Luca Lifestyle","article_publisher":"https:\/\/www.facebook.com\/LucaLifestyle.nl","article_modified_time":"2026-01-28T10:51:58+00:00","og_image":[{"url":"https:\/\/lucalifestyle.com\/wp-content\/uploads\/2024\/12\/Catalogus-scaled.jpg","type":"","width":"","height":""}],"twitter_card":"summary_large_image","twitter_misc":{"Gesch\u00e4tzte Lesezeit":"1\u00a0Minute"},"schema":{"@context":"https:\/\/schema.org","@graph":[{"@type":"WebPage","@id":"https:\/\/lucalifestyle.com\/de\/downloads\/","url":"https:\/\/lucalifestyle.com\/de\/downloads\/","name":"Downloads - Luca Lifestyle","isPartOf":{"@id":"https:\/\/lucalifestyle.com\/de\/#website"},"primaryImageOfPage":{"@id":"https:\/\/lucalifestyle.com\/de\/downloads\/#primaryimage"},"image":{"@id":"https:\/\/lucalifestyle.com\/de\/downloads\/#primaryimage"},"thumbnailUrl":"https:\/\/lucalifestyle.com\/wp-content\/uploads\/2024\/12\/Catalogus-scaled.jpg","datePublished":"2024-01-18T13:54:34+00:00","dateModified":"2026-01-28T10:51:58+00:00","description":"Download der Produktkatalog, die 3D-Modelle oder das allgemeine Informationsblatt online bei Luca Lifestyle .","breadcrumb":{"@id":"https:\/\/lucalifestyle.com\/de\/downloads\/#breadcrumb"},"inLanguage":"de","potentialAction":[{"@type":"ReadAction","target":["https:\/\/lucalifestyle.com\/de\/downloads\/"]}]},{"@type":"ImageObject","inLanguage":"de","@id":"https:\/\/lucalifestyle.com\/de\/downloads\/#primaryimage","url":"https:\/\/lucalifestyle.com\/wp-content\/uploads\/2024\/12\/Catalogus-scaled.jpg","contentUrl":"https:\/\/lucalifestyle.com\/wp-content\/uploads\/2024\/12\/Catalogus-scaled.jpg"},{"@type":"BreadcrumbList","@id":"https:\/\/lucalifestyle.com\/de\/downloads\/#breadcrumb","itemListElement":[{"@type":"ListItem","position":1,"name":"Home","item":"https:\/\/lucalifestyle.com\/de\/"},{"@type":"ListItem","position":2,"name":"Downloads"}]},{"@type":"WebSite","@id":"https:\/\/lucalifestyle.com\/de\/#website","url":"https:\/\/lucalifestyle.com\/de\/","name":"Luca Lifestyle","description":"Makes the world look better.","publisher":{"@id":"https:\/\/lucalifestyle.com\/de\/#organization"},"alternateName":"Luca","potentialAction":[{"@type":"SearchAction","target":{"@type":"EntryPoint","urlTemplate":"https:\/\/lucalifestyle.com\/de\/?s={search_term_string}"},"query-input":{"@type":"PropertyValueSpecification","valueRequired":true,"valueName":"search_term_string"}}],"inLanguage":"de"},{"@type":"Organization","@id":"https:\/\/lucalifestyle.com\/de\/#organization","name":"Luca Lifestyle","url":"https:\/\/lucalifestyle.com\/de\/","logo":{"@type":"ImageObject","inLanguage":"de","@id":"https:\/\/lucalifestyle.com\/de\/#\/schema\/logo\/image\/","url":"https:\/\/lucalifestyle.com\/wp-content\/uploads\/2026\/01\/Logo-Pinterest.jpg","contentUrl":"https:\/\/lucalifestyle.com\/wp-content\/uploads\/2026\/01\/Logo-Pinterest.jpg","width":614,"height":648,"caption":"Luca Lifestyle"},"image":{"@id":"https:\/\/lucalifestyle.com\/de\/#\/schema\/logo\/image\/"},"sameAs":["https:\/\/www.facebook.com\/LucaLifestyle.nl","https:\/\/www.instagram.com\/lucalifestyleofficial\/","https:\/\/nl.pinterest.com\/lucalifestyle\/","https:\/\/www.linkedin.com\/company\/luca-lifestyle\/"]}]}},"_links":{"self":[{"href":"https:\/\/lucalifestyle.com\/de\/wp-json\/wp\/v2\/pages\/5622","targetHints":{"allow":["GET"]}}],"collection":[{"href":"https:\/\/lucalifestyle.com\/de\/wp-json\/wp\/v2\/pages"}],"about":[{"href":"https:\/\/lucalifestyle.com\/de\/wp-json\/wp\/v2\/types\/page"}],"author":[{"embeddable":true,"href":"https:\/\/lucalifestyle.com\/de\/wp-json\/wp\/v2\/users\/20"}],"replies":[{"embeddable":true,"href":"https:\/\/lucalifestyle.com\/de\/wp-json\/wp\/v2\/comments?post=5622"}],"version-history":[{"count":1,"href":"https:\/\/lucalifestyle.com\/de\/wp-json\/wp\/v2\/pages\/5622\/revisions"}],"predecessor-version":[{"id":15257,"href":"https:\/\/lucalifestyle.com\/de\/wp-json\/wp\/v2\/pages\/5622\/revisions\/15257"}],"wp:attachment":[{"href":"https:\/\/lucalifestyle.com\/de\/wp-json\/wp\/v2\/media?parent=5622"}],"curies":[{"name":"wp","href":"https:\/\/api.w.org\/{rel}","templated":true}]}}