{"id":5578,"date":"2024-02-27T10:36:11","date_gmt":"2024-02-27T09:36:11","guid":{"rendered":"https:\/\/lucalifestyle.com\/?page_id=5578"},"modified":"2025-02-10T16:52:43","modified_gmt":"2025-02-10T15:52:43","slug":"showroom-de","status":"publish","type":"page","link":"https:\/\/lucalifestyle.com\/de\/uber\/showroom-de\/","title":{"rendered":"Showroom"},"content":{"rendered":"\n<p>Showroom<\/p>\n\t<p><strong>Erleben Sie die Qualit\u00e4t und Vielfalt unserer Kollektion in zwei stimmungsvollen Ausstellungsr\u00e4umen. Entdecken Sie alle Formen, Texturen und Farben. Von zeitlosen Klassikern bis hin zu modernen Innovationen bieten unsere Ausstellungsr\u00e4ume eine breite Palette an M\u00f6glichkeiten, um die Bed\u00fcrfnisse Ihrer Kunden zu erf\u00fcllen.<\/strong><\/p>\n<p>Unser Team steht f\u00fcr Kunden bereit, die sich inspirieren lassen wollen und gezielt nach den perfekten T\u00f6pfen f\u00fcr ihr Projekt suchen.<\/p>\n\t<p>Sind Sie an einer Besichtigung interessiert?<\/p>\n\t<p>Vereinbaren Sie <a href=\"http:\/\/lucalifestyle.com\/anfrage\">hier<\/a> Ihren Termin.<\/p>\n\t<p>Digitale Tour durch Ausstellungsr\u00e4ume?<\/p>\n\t<p>Klicken Sie <a href=\"https:\/\/www.google.com\/local\/place\/fid\/0x47c68ddab1ce5ad5:0x5fabee945180cec0\/photosphere?iu=https:\/\/lh5.googleusercontent.com\/p\/AF1QipP_KDMzxu86qK76_H7ETvgSz8ab9EgrGCjR4kQt%3Dw160-h106-k-no-pi-20-ya174.30481-ro0-fo100&amp;ik=CAoSLEFGMVFpcFBfS0RNenh1ODZxSzc2X0g3RVR2Z1N6OGFiOUVnckdDalI0a1F0\">hier.<\/a><\/p>\n\t\t\t\t<img loading=\"lazy\" decoding=\"async\" src=\"https:\/\/lucalifestyle.com\/wp-content\/uploads\/2024\/04\/7.jpg\" alt=\"7\" itemprop=\"image\" height=\"1200\" width=\"1800\" title=\"7\" onerror=\"this.style.display='none'\">\n\t\t\t\t<img loading=\"lazy\" decoding=\"async\" src=\"https:\/\/lucalifestyle.com\/wp-content\/uploads\/2024\/04\/6.jpg\" alt=\"6\" itemprop=\"image\" height=\"1200\" width=\"1800\" title=\"6\" onerror=\"this.style.display='none'\">\n\t\t\t\t<img loading=\"lazy\" decoding=\"async\" src=\"https:\/\/lucalifestyle.com\/wp-content\/uploads\/2024\/04\/5.jpg\" alt=\"5\" itemprop=\"image\" height=\"1200\" width=\"1800\" title=\"5\" onerror=\"this.style.display='none'\">\n","protected":false},"excerpt":{"rendered":"<p>Showroom Erleben Sie die Qualit\u00e4t und Vielfalt unserer Kollektion in zwei stimmungsvollen Ausstellungsr\u00e4umen. Entdecken Sie alle Formen, Texturen und Farben. Von zeitlosen Klassikern bis hin zu modernen Innovationen bieten unsere Ausstellungsr\u00e4ume eine breite Palette an M\u00f6glichkeiten, um die Bed\u00fcrfnisse Ihrer Kunden zu erf\u00fcllen. Unser Team steht f\u00fcr Kunden bereit, die sich inspirieren lassen wollen und&hellip;<\/p>\n","protected":false},"author":20,"featured_media":0,"parent":5873,"menu_order":0,"comment_status":"closed","ping_status":"closed","template":"","meta":{"footnotes":""},"class_list":["post-5578","page","type-page","status-publish","hentry"],"yoast_head":"<!-- This site is optimized with the Yoast SEO plugin v27.3 - https:\/\/yoast.com\/product\/yoast-seo-wordpress\/ -->\n<title>Showroom - Luca Lifestyle<\/title>\n<meta name=\"robots\" content=\"index, follow, max-snippet:-1, max-image-preview:large, max-video-preview:-1\" \/>\n<link rel=\"canonical\" href=\"https:\/\/lucalifestyle.com\/de\/uber\/showroom-de\/\" \/>\n<meta property=\"og:locale\" content=\"de_DE\" \/>\n<meta property=\"og:type\" content=\"article\" \/>\n<meta property=\"og:title\" content=\"Showroom - Luca Lifestyle\" \/>\n<meta property=\"og:description\" content=\"Showroom Erleben Sie die Qualit\u00e4t und Vielfalt unserer Kollektion in zwei stimmungsvollen Ausstellungsr\u00e4umen. Entdecken Sie alle Formen, Texturen und Farben. Von zeitlosen Klassikern bis hin zu modernen Innovationen bieten unsere Ausstellungsr\u00e4ume eine breite Palette an M\u00f6glichkeiten, um die Bed\u00fcrfnisse Ihrer Kunden zu erf\u00fcllen. Unser Team steht f\u00fcr Kunden bereit, die sich inspirieren lassen wollen und&hellip;\" \/>\n<meta property=\"og:url\" content=\"https:\/\/lucalifestyle.com\/de\/uber\/showroom-de\/\" \/>\n<meta property=\"og:site_name\" content=\"Luca Lifestyle\" \/>\n<meta property=\"article:publisher\" content=\"https:\/\/www.facebook.com\/LucaLifestyle.nl\" \/>\n<meta property=\"article:modified_time\" content=\"2025-02-10T15:52:43+00:00\" \/>\n<meta property=\"og:image\" content=\"https:\/\/lucalifestyle.com\/wp-content\/uploads\/2024\/04\/7.jpg\" \/>\n<meta name=\"twitter:card\" content=\"summary_large_image\" \/>\n<script type=\"application\/ld+json\" class=\"yoast-schema-graph\">{\"@context\":\"https:\\\/\\\/schema.org\",\"@graph\":[{\"@type\":\"WebPage\",\"@id\":\"https:\\\/\\\/lucalifestyle.com\\\/de\\\/uber\\\/showroom-de\\\/\",\"url\":\"https:\\\/\\\/lucalifestyle.com\\\/de\\\/uber\\\/showroom-de\\\/\",\"name\":\"Showroom - Luca Lifestyle\",\"isPartOf\":{\"@id\":\"https:\\\/\\\/lucalifestyle.com\\\/de\\\/#website\"},\"primaryImageOfPage\":{\"@id\":\"https:\\\/\\\/lucalifestyle.com\\\/de\\\/uber\\\/showroom-de\\\/#primaryimage\"},\"image\":{\"@id\":\"https:\\\/\\\/lucalifestyle.com\\\/de\\\/uber\\\/showroom-de\\\/#primaryimage\"},\"thumbnailUrl\":\"https:\\\/\\\/lucalifestyle.com\\\/wp-content\\\/uploads\\\/2024\\\/04\\\/7.jpg\",\"datePublished\":\"2024-02-27T09:36:11+00:00\",\"dateModified\":\"2025-02-10T15:52:43+00:00\",\"breadcrumb\":{\"@id\":\"https:\\\/\\\/lucalifestyle.com\\\/de\\\/uber\\\/showroom-de\\\/#breadcrumb\"},\"inLanguage\":\"de\",\"potentialAction\":[{\"@type\":\"ReadAction\",\"target\":[\"https:\\\/\\\/lucalifestyle.com\\\/de\\\/uber\\\/showroom-de\\\/\"]}]},{\"@type\":\"ImageObject\",\"inLanguage\":\"de\",\"@id\":\"https:\\\/\\\/lucalifestyle.com\\\/de\\\/uber\\\/showroom-de\\\/#primaryimage\",\"url\":\"https:\\\/\\\/lucalifestyle.com\\\/wp-content\\\/uploads\\\/2024\\\/04\\\/7.jpg\",\"contentUrl\":\"https:\\\/\\\/lucalifestyle.com\\\/wp-content\\\/uploads\\\/2024\\\/04\\\/7.jpg\"},{\"@type\":\"BreadcrumbList\",\"@id\":\"https:\\\/\\\/lucalifestyle.com\\\/de\\\/uber\\\/showroom-de\\\/#breadcrumb\",\"itemListElement\":[{\"@type\":\"ListItem\",\"position\":1,\"name\":\"Home\",\"item\":\"https:\\\/\\\/lucalifestyle.com\\\/de\\\/\"},{\"@type\":\"ListItem\",\"position\":2,\"name\":\"\u00dcber\",\"item\":\"https:\\\/\\\/lucalifestyle.com\\\/de\\\/uber\\\/\"},{\"@type\":\"ListItem\",\"position\":3,\"name\":\"Showroom\"}]},{\"@type\":\"WebSite\",\"@id\":\"https:\\\/\\\/lucalifestyle.com\\\/de\\\/#website\",\"url\":\"https:\\\/\\\/lucalifestyle.com\\\/de\\\/\",\"name\":\"Luca Lifestyle\",\"description\":\"Makes the world look better.\",\"publisher\":{\"@id\":\"https:\\\/\\\/lucalifestyle.com\\\/de\\\/#organization\"},\"alternateName\":\"Luca\",\"potentialAction\":[{\"@type\":\"SearchAction\",\"target\":{\"@type\":\"EntryPoint\",\"urlTemplate\":\"https:\\\/\\\/lucalifestyle.com\\\/de\\\/?s={search_term_string}\"},\"query-input\":{\"@type\":\"PropertyValueSpecification\",\"valueRequired\":true,\"valueName\":\"search_term_string\"}}],\"inLanguage\":\"de\"},{\"@type\":\"Organization\",\"@id\":\"https:\\\/\\\/lucalifestyle.com\\\/de\\\/#organization\",\"name\":\"Luca Lifestyle\",\"url\":\"https:\\\/\\\/lucalifestyle.com\\\/de\\\/\",\"logo\":{\"@type\":\"ImageObject\",\"inLanguage\":\"de\",\"@id\":\"https:\\\/\\\/lucalifestyle.com\\\/de\\\/#\\\/schema\\\/logo\\\/image\\\/\",\"url\":\"https:\\\/\\\/lucalifestyle.com\\\/wp-content\\\/uploads\\\/2026\\\/01\\\/Logo-Pinterest.jpg\",\"contentUrl\":\"https:\\\/\\\/lucalifestyle.com\\\/wp-content\\\/uploads\\\/2026\\\/01\\\/Logo-Pinterest.jpg\",\"width\":614,\"height\":648,\"caption\":\"Luca Lifestyle\"},\"image\":{\"@id\":\"https:\\\/\\\/lucalifestyle.com\\\/de\\\/#\\\/schema\\\/logo\\\/image\\\/\"},\"sameAs\":[\"https:\\\/\\\/www.facebook.com\\\/LucaLifestyle.nl\",\"https:\\\/\\\/www.instagram.com\\\/lucalifestyleofficial\\\/\",\"https:\\\/\\\/nl.pinterest.com\\\/lucalifestyle\\\/\",\"https:\\\/\\\/www.linkedin.com\\\/company\\\/luca-lifestyle\\\/\"]}]}<\/script>\n<!-- \/ Yoast SEO plugin. -->","yoast_head_json":{"title":"Showroom - Luca Lifestyle","robots":{"index":"index","follow":"follow","max-snippet":"max-snippet:-1","max-image-preview":"max-image-preview:large","max-video-preview":"max-video-preview:-1"},"canonical":"https:\/\/lucalifestyle.com\/de\/uber\/showroom-de\/","og_locale":"de_DE","og_type":"article","og_title":"Showroom - Luca Lifestyle","og_description":"Showroom Erleben Sie die Qualit\u00e4t und Vielfalt unserer Kollektion in zwei stimmungsvollen Ausstellungsr\u00e4umen. Entdecken Sie alle Formen, Texturen und Farben. Von zeitlosen Klassikern bis hin zu modernen Innovationen bieten unsere Ausstellungsr\u00e4ume eine breite Palette an M\u00f6glichkeiten, um die Bed\u00fcrfnisse Ihrer Kunden zu erf\u00fcllen. Unser Team steht f\u00fcr Kunden bereit, die sich inspirieren lassen wollen und&hellip;","og_url":"https:\/\/lucalifestyle.com\/de\/uber\/showroom-de\/","og_site_name":"Luca Lifestyle","article_publisher":"https:\/\/www.facebook.com\/LucaLifestyle.nl","article_modified_time":"2025-02-10T15:52:43+00:00","og_image":[{"url":"https:\/\/lucalifestyle.com\/wp-content\/uploads\/2024\/04\/7.jpg","type":"","width":"","height":""}],"twitter_card":"summary_large_image","schema":{"@context":"https:\/\/schema.org","@graph":[{"@type":"WebPage","@id":"https:\/\/lucalifestyle.com\/de\/uber\/showroom-de\/","url":"https:\/\/lucalifestyle.com\/de\/uber\/showroom-de\/","name":"Showroom - Luca Lifestyle","isPartOf":{"@id":"https:\/\/lucalifestyle.com\/de\/#website"},"primaryImageOfPage":{"@id":"https:\/\/lucalifestyle.com\/de\/uber\/showroom-de\/#primaryimage"},"image":{"@id":"https:\/\/lucalifestyle.com\/de\/uber\/showroom-de\/#primaryimage"},"thumbnailUrl":"https:\/\/lucalifestyle.com\/wp-content\/uploads\/2024\/04\/7.jpg","datePublished":"2024-02-27T09:36:11+00:00","dateModified":"2025-02-10T15:52:43+00:00","breadcrumb":{"@id":"https:\/\/lucalifestyle.com\/de\/uber\/showroom-de\/#breadcrumb"},"inLanguage":"de","potentialAction":[{"@type":"ReadAction","target":["https:\/\/lucalifestyle.com\/de\/uber\/showroom-de\/"]}]},{"@type":"ImageObject","inLanguage":"de","@id":"https:\/\/lucalifestyle.com\/de\/uber\/showroom-de\/#primaryimage","url":"https:\/\/lucalifestyle.com\/wp-content\/uploads\/2024\/04\/7.jpg","contentUrl":"https:\/\/lucalifestyle.com\/wp-content\/uploads\/2024\/04\/7.jpg"},{"@type":"BreadcrumbList","@id":"https:\/\/lucalifestyle.com\/de\/uber\/showroom-de\/#breadcrumb","itemListElement":[{"@type":"ListItem","position":1,"name":"Home","item":"https:\/\/lucalifestyle.com\/de\/"},{"@type":"ListItem","position":2,"name":"\u00dcber","item":"https:\/\/lucalifestyle.com\/de\/uber\/"},{"@type":"ListItem","position":3,"name":"Showroom"}]},{"@type":"WebSite","@id":"https:\/\/lucalifestyle.com\/de\/#website","url":"https:\/\/lucalifestyle.com\/de\/","name":"Luca Lifestyle","description":"Makes the world look better.","publisher":{"@id":"https:\/\/lucalifestyle.com\/de\/#organization"},"alternateName":"Luca","potentialAction":[{"@type":"SearchAction","target":{"@type":"EntryPoint","urlTemplate":"https:\/\/lucalifestyle.com\/de\/?s={search_term_string}"},"query-input":{"@type":"PropertyValueSpecification","valueRequired":true,"valueName":"search_term_string"}}],"inLanguage":"de"},{"@type":"Organization","@id":"https:\/\/lucalifestyle.com\/de\/#organization","name":"Luca Lifestyle","url":"https:\/\/lucalifestyle.com\/de\/","logo":{"@type":"ImageObject","inLanguage":"de","@id":"https:\/\/lucalifestyle.com\/de\/#\/schema\/logo\/image\/","url":"https:\/\/lucalifestyle.com\/wp-content\/uploads\/2026\/01\/Logo-Pinterest.jpg","contentUrl":"https:\/\/lucalifestyle.com\/wp-content\/uploads\/2026\/01\/Logo-Pinterest.jpg","width":614,"height":648,"caption":"Luca Lifestyle"},"image":{"@id":"https:\/\/lucalifestyle.com\/de\/#\/schema\/logo\/image\/"},"sameAs":["https:\/\/www.facebook.com\/LucaLifestyle.nl","https:\/\/www.instagram.com\/lucalifestyleofficial\/","https:\/\/nl.pinterest.com\/lucalifestyle\/","https:\/\/www.linkedin.com\/company\/luca-lifestyle\/"]}]}},"_links":{"self":[{"href":"https:\/\/lucalifestyle.com\/de\/wp-json\/wp\/v2\/pages\/5578","targetHints":{"allow":["GET"]}}],"collection":[{"href":"https:\/\/lucalifestyle.com\/de\/wp-json\/wp\/v2\/pages"}],"about":[{"href":"https:\/\/lucalifestyle.com\/de\/wp-json\/wp\/v2\/types\/page"}],"author":[{"embeddable":true,"href":"https:\/\/lucalifestyle.com\/de\/wp-json\/wp\/v2\/users\/20"}],"replies":[{"embeddable":true,"href":"https:\/\/lucalifestyle.com\/de\/wp-json\/wp\/v2\/comments?post=5578"}],"version-history":[{"count":0,"href":"https:\/\/lucalifestyle.com\/de\/wp-json\/wp\/v2\/pages\/5578\/revisions"}],"up":[{"embeddable":true,"href":"https:\/\/lucalifestyle.com\/de\/wp-json\/wp\/v2\/pages\/5873"}],"wp:attachment":[{"href":"https:\/\/lucalifestyle.com\/de\/wp-json\/wp\/v2\/media?parent=5578"}],"curies":[{"name":"wp","href":"https:\/\/api.w.org\/{rel}","templated":true}]}}