{"id":5357,"date":"2024-01-18T14:31:39","date_gmt":"2024-01-18T13:31:39","guid":{"rendered":"https:\/\/lucalifestyle.com\/?page_id=5357"},"modified":"2025-06-16T08:55:46","modified_gmt":"2025-06-16T07:55:46","slug":"produktion","status":"publish","type":"page","link":"https:\/\/lucalifestyle.com\/de\/kollektion\/produktion\/","title":{"rendered":"Produktion in Vietnam"},"content":{"rendered":"\n\n\t<p>Produktion<\/p>\n\t<p><strong>Luca Lifestyle Pflanzgef\u00e4\u00dfe werden in Vietnam hergestellt. Die Produktion von Pflanzgef\u00e4\u00dfen ist in Vietnam traditionell tief verwurzelt, hohe Qualit\u00e4tsanforderungen gehen Hand in Hand mit der Liebe zum Detail. Dank unserer eigenen Produktionsst\u00e4tte in Vietnam sind wir in der Lage, die Qualit\u00e4t w\u00e4hrend des gesamten Prozesses, von der Produktion bis zur Auslieferung, zu garantieren.<\/strong><\/p>\n<p>Einzigartig ist die Materialzusammensetzung, die wir in Zusammenarbeit mit einer belgischen Universit\u00e4t entwickelt haben. Das stabile und kratzfeste Material auf Polyesterbasis ist sowohl f\u00fcr den Innen- als auch f\u00fcr den Au\u00dfenbereich geeignet und garantiert einen Frost- und UV-Schutz f\u00fcr 5 Jahre.<\/p>\n<p>Bei der Entwicklung der Materialzusammensetzung wurde besonders darauf geachtet, dass das Material haltbar genug ist, um eine lange Lebensdauer der Produkte zu gew\u00e4hrleisten. Au\u00dferdem war es wichtig, dass die Produkte leicht und stark genug sind, um allen Wetterbedingungen standzuhalten. Durch die Verwendung eines Steinmehls in der Materialzusammensetzung kann das nat\u00fcrliche Aussehen angen\u00e4hert werden und die Produkte erhalten ein zeitloses Aussehen.<\/p>\n\t\t\t\t\t\t\t\t\t<img loading=\"lazy\" decoding=\"async\" src=\"https:\/\/lucalifestyle.com\/wp-content\/uploads\/2025\/06\/TAI_0370-2-scaled.jpg\" alt=\"TAI_0370-2\" itemprop=\"image\" height=\"2560\" width=\"2048\" srcset=\"https:\/\/lucalifestyle.com\/wp-content\/uploads\/2025\/06\/TAI_0370-2-scaled.jpg 2048w, https:\/\/lucalifestyle.com\/wp-content\/uploads\/2025\/06\/TAI_0370-2-240x300.jpg 240w, https:\/\/lucalifestyle.com\/wp-content\/uploads\/2025\/06\/TAI_0370-2-819x1024.jpg 819w, https:\/\/lucalifestyle.com\/wp-content\/uploads\/2025\/06\/TAI_0370-2-768x960.jpg 768w, https:\/\/lucalifestyle.com\/wp-content\/uploads\/2025\/06\/TAI_0370-2-1229x1536.jpg 1229w, https:\/\/lucalifestyle.com\/wp-content\/uploads\/2025\/06\/TAI_0370-2-1638x2048.jpg 1638w\" sizes=\"auto, (max-width: 2048px) 100vw, 2048px\" title=\"TAI_0370-2\" onerror=\"this.style.display='none'\"  \/>\n\t\t\t\t\t\t\t\t\t<img loading=\"lazy\" decoding=\"async\" src=\"https:\/\/lucalifestyle.com\/wp-content\/uploads\/2025\/06\/TAI_0254-2-2-scaled.jpg\" alt=\"TAI_0254-2-2\" itemprop=\"image\" height=\"2560\" width=\"2048\" srcset=\"https:\/\/lucalifestyle.com\/wp-content\/uploads\/2025\/06\/TAI_0254-2-2-scaled.jpg 2048w, https:\/\/lucalifestyle.com\/wp-content\/uploads\/2025\/06\/TAI_0254-2-2-240x300.jpg 240w, https:\/\/lucalifestyle.com\/wp-content\/uploads\/2025\/06\/TAI_0254-2-2-819x1024.jpg 819w, https:\/\/lucalifestyle.com\/wp-content\/uploads\/2025\/06\/TAI_0254-2-2-768x960.jpg 768w, https:\/\/lucalifestyle.com\/wp-content\/uploads\/2025\/06\/TAI_0254-2-2-1229x1536.jpg 1229w, https:\/\/lucalifestyle.com\/wp-content\/uploads\/2025\/06\/TAI_0254-2-2-1638x2048.jpg 1638w\" sizes=\"auto, (max-width: 2048px) 100vw, 2048px\" title=\"TAI_0254-2-2\" onerror=\"this.style.display='none'\"  \/>\n\t\t\t\t\t\t\t\t\t<img loading=\"lazy\" decoding=\"async\" src=\"https:\/\/lucalifestyle.com\/wp-content\/uploads\/2025\/06\/TAI_0108-2-2-scaled.jpg\" alt=\"TAI_0108-2-2\" itemprop=\"image\" height=\"1707\" width=\"2560\" srcset=\"https:\/\/lucalifestyle.com\/wp-content\/uploads\/2025\/06\/TAI_0108-2-2-scaled.jpg 2560w, https:\/\/lucalifestyle.com\/wp-content\/uploads\/2025\/06\/TAI_0108-2-2-300x200.jpg 300w, https:\/\/lucalifestyle.com\/wp-content\/uploads\/2025\/06\/TAI_0108-2-2-1024x683.jpg 1024w, https:\/\/lucalifestyle.com\/wp-content\/uploads\/2025\/06\/TAI_0108-2-2-768x512.jpg 768w, https:\/\/lucalifestyle.com\/wp-content\/uploads\/2025\/06\/TAI_0108-2-2-1536x1024.jpg 1536w, https:\/\/lucalifestyle.com\/wp-content\/uploads\/2025\/06\/TAI_0108-2-2-2048x1365.jpg 2048w\" sizes=\"auto, (max-width: 2560px) 100vw, 2560px\" title=\"TAI_0108-2-2\" onerror=\"this.style.display='none'\"  \/>\n\n","protected":false},"excerpt":{"rendered":"<p>Produktion Luca Lifestyle Pflanzgef\u00e4\u00dfe werden in Vietnam hergestellt. Die Produktion von Pflanzgef\u00e4\u00dfen ist in Vietnam traditionell tief verwurzelt, hohe Qualit\u00e4tsanforderungen gehen Hand in Hand mit der Liebe zum Detail. Dank unserer eigenen Produktionsst\u00e4tte in Vietnam sind wir in der Lage, die Qualit\u00e4t w\u00e4hrend des gesamten Prozesses, von der Produktion bis zur Auslieferung, zu garantieren. Einzigartig&hellip;<\/p>\n","protected":false},"author":20,"featured_media":0,"parent":5645,"menu_order":0,"comment_status":"closed","ping_status":"closed","template":"","meta":{"footnotes":""},"class_list":["post-5357","page","type-page","status-publish","hentry"],"yoast_head":"<!-- This site is optimized with the Yoast SEO plugin v27.3 - https:\/\/yoast.com\/product\/yoast-seo-wordpress\/ -->\n<title>Produktion in Vietnam - Luca Lifestyle<\/title>\n<meta name=\"robots\" content=\"index, follow, max-snippet:-1, max-image-preview:large, max-video-preview:-1\" \/>\n<link rel=\"canonical\" href=\"https:\/\/lucalifestyle.com\/de\/kollektion\/produktion\/\" \/>\n<meta property=\"og:locale\" content=\"de_DE\" \/>\n<meta property=\"og:type\" content=\"article\" \/>\n<meta property=\"og:title\" content=\"Produktion in Vietnam - Luca Lifestyle\" \/>\n<meta property=\"og:description\" content=\"Produktion Luca Lifestyle Pflanzgef\u00e4\u00dfe werden in Vietnam hergestellt. Die Produktion von Pflanzgef\u00e4\u00dfen ist in Vietnam traditionell tief verwurzelt, hohe Qualit\u00e4tsanforderungen gehen Hand in Hand mit der Liebe zum Detail. Dank unserer eigenen Produktionsst\u00e4tte in Vietnam sind wir in der Lage, die Qualit\u00e4t w\u00e4hrend des gesamten Prozesses, von der Produktion bis zur Auslieferung, zu garantieren. Einzigartig&hellip;\" \/>\n<meta property=\"og:url\" content=\"https:\/\/lucalifestyle.com\/de\/kollektion\/produktion\/\" \/>\n<meta property=\"og:site_name\" content=\"Luca Lifestyle\" \/>\n<meta property=\"article:publisher\" content=\"https:\/\/www.facebook.com\/LucaLifestyle.nl\" \/>\n<meta property=\"article:modified_time\" content=\"2025-06-16T07:55:46+00:00\" \/>\n<meta property=\"og:image\" content=\"https:\/\/lucalifestyle.com\/wp-content\/uploads\/2025\/06\/TAI_0370-2-scaled.jpg\" \/>\n<meta name=\"twitter:card\" content=\"summary_large_image\" \/>\n<meta name=\"twitter:label1\" content=\"Gesch\u00e4tzte Lesezeit\" \/>\n\t<meta name=\"twitter:data1\" content=\"1\u00a0Minute\" \/>\n<script type=\"application\/ld+json\" class=\"yoast-schema-graph\">{\"@context\":\"https:\\\/\\\/schema.org\",\"@graph\":[{\"@type\":\"WebPage\",\"@id\":\"https:\\\/\\\/lucalifestyle.com\\\/de\\\/kollektion\\\/produktion\\\/\",\"url\":\"https:\\\/\\\/lucalifestyle.com\\\/de\\\/kollektion\\\/produktion\\\/\",\"name\":\"Produktion in Vietnam - Luca Lifestyle\",\"isPartOf\":{\"@id\":\"https:\\\/\\\/lucalifestyle.com\\\/de\\\/#website\"},\"primaryImageOfPage\":{\"@id\":\"https:\\\/\\\/lucalifestyle.com\\\/de\\\/kollektion\\\/produktion\\\/#primaryimage\"},\"image\":{\"@id\":\"https:\\\/\\\/lucalifestyle.com\\\/de\\\/kollektion\\\/produktion\\\/#primaryimage\"},\"thumbnailUrl\":\"https:\\\/\\\/lucalifestyle.com\\\/wp-content\\\/uploads\\\/2025\\\/06\\\/TAI_0370-2-scaled.jpg\",\"datePublished\":\"2024-01-18T13:31:39+00:00\",\"dateModified\":\"2025-06-16T07:55:46+00:00\",\"breadcrumb\":{\"@id\":\"https:\\\/\\\/lucalifestyle.com\\\/de\\\/kollektion\\\/produktion\\\/#breadcrumb\"},\"inLanguage\":\"de\",\"potentialAction\":[{\"@type\":\"ReadAction\",\"target\":[\"https:\\\/\\\/lucalifestyle.com\\\/de\\\/kollektion\\\/produktion\\\/\"]}]},{\"@type\":\"ImageObject\",\"inLanguage\":\"de\",\"@id\":\"https:\\\/\\\/lucalifestyle.com\\\/de\\\/kollektion\\\/produktion\\\/#primaryimage\",\"url\":\"https:\\\/\\\/lucalifestyle.com\\\/wp-content\\\/uploads\\\/2025\\\/06\\\/TAI_0370-2-scaled.jpg\",\"contentUrl\":\"https:\\\/\\\/lucalifestyle.com\\\/wp-content\\\/uploads\\\/2025\\\/06\\\/TAI_0370-2-scaled.jpg\"},{\"@type\":\"BreadcrumbList\",\"@id\":\"https:\\\/\\\/lucalifestyle.com\\\/de\\\/kollektion\\\/produktion\\\/#breadcrumb\",\"itemListElement\":[{\"@type\":\"ListItem\",\"position\":1,\"name\":\"Home\",\"item\":\"https:\\\/\\\/lucalifestyle.com\\\/de\\\/\"},{\"@type\":\"ListItem\",\"position\":2,\"name\":\"Kollektion\",\"item\":\"https:\\\/\\\/lucalifestyle.com\\\/de\\\/kollektion\\\/\"},{\"@type\":\"ListItem\",\"position\":3,\"name\":\"Produktion in Vietnam\"}]},{\"@type\":\"WebSite\",\"@id\":\"https:\\\/\\\/lucalifestyle.com\\\/de\\\/#website\",\"url\":\"https:\\\/\\\/lucalifestyle.com\\\/de\\\/\",\"name\":\"Luca Lifestyle\",\"description\":\"Makes the world look better.\",\"publisher\":{\"@id\":\"https:\\\/\\\/lucalifestyle.com\\\/de\\\/#organization\"},\"alternateName\":\"Luca\",\"potentialAction\":[{\"@type\":\"SearchAction\",\"target\":{\"@type\":\"EntryPoint\",\"urlTemplate\":\"https:\\\/\\\/lucalifestyle.com\\\/de\\\/?s={search_term_string}\"},\"query-input\":{\"@type\":\"PropertyValueSpecification\",\"valueRequired\":true,\"valueName\":\"search_term_string\"}}],\"inLanguage\":\"de\"},{\"@type\":\"Organization\",\"@id\":\"https:\\\/\\\/lucalifestyle.com\\\/de\\\/#organization\",\"name\":\"Luca Lifestyle\",\"url\":\"https:\\\/\\\/lucalifestyle.com\\\/de\\\/\",\"logo\":{\"@type\":\"ImageObject\",\"inLanguage\":\"de\",\"@id\":\"https:\\\/\\\/lucalifestyle.com\\\/de\\\/#\\\/schema\\\/logo\\\/image\\\/\",\"url\":\"https:\\\/\\\/lucalifestyle.com\\\/wp-content\\\/uploads\\\/2026\\\/01\\\/Logo-Pinterest.jpg\",\"contentUrl\":\"https:\\\/\\\/lucalifestyle.com\\\/wp-content\\\/uploads\\\/2026\\\/01\\\/Logo-Pinterest.jpg\",\"width\":614,\"height\":648,\"caption\":\"Luca Lifestyle\"},\"image\":{\"@id\":\"https:\\\/\\\/lucalifestyle.com\\\/de\\\/#\\\/schema\\\/logo\\\/image\\\/\"},\"sameAs\":[\"https:\\\/\\\/www.facebook.com\\\/LucaLifestyle.nl\",\"https:\\\/\\\/www.instagram.com\\\/lucalifestyleofficial\\\/\",\"https:\\\/\\\/nl.pinterest.com\\\/lucalifestyle\\\/\",\"https:\\\/\\\/www.linkedin.com\\\/company\\\/luca-lifestyle\\\/\"]}]}<\/script>\n<!-- \/ Yoast SEO plugin. -->","yoast_head_json":{"title":"Produktion in Vietnam - Luca Lifestyle","robots":{"index":"index","follow":"follow","max-snippet":"max-snippet:-1","max-image-preview":"max-image-preview:large","max-video-preview":"max-video-preview:-1"},"canonical":"https:\/\/lucalifestyle.com\/de\/kollektion\/produktion\/","og_locale":"de_DE","og_type":"article","og_title":"Produktion in Vietnam - Luca Lifestyle","og_description":"Produktion Luca Lifestyle Pflanzgef\u00e4\u00dfe werden in Vietnam hergestellt. Die Produktion von Pflanzgef\u00e4\u00dfen ist in Vietnam traditionell tief verwurzelt, hohe Qualit\u00e4tsanforderungen gehen Hand in Hand mit der Liebe zum Detail. Dank unserer eigenen Produktionsst\u00e4tte in Vietnam sind wir in der Lage, die Qualit\u00e4t w\u00e4hrend des gesamten Prozesses, von der Produktion bis zur Auslieferung, zu garantieren. Einzigartig&hellip;","og_url":"https:\/\/lucalifestyle.com\/de\/kollektion\/produktion\/","og_site_name":"Luca Lifestyle","article_publisher":"https:\/\/www.facebook.com\/LucaLifestyle.nl","article_modified_time":"2025-06-16T07:55:46+00:00","og_image":[{"url":"https:\/\/lucalifestyle.com\/wp-content\/uploads\/2025\/06\/TAI_0370-2-scaled.jpg","type":"","width":"","height":""}],"twitter_card":"summary_large_image","twitter_misc":{"Gesch\u00e4tzte Lesezeit":"1\u00a0Minute"},"schema":{"@context":"https:\/\/schema.org","@graph":[{"@type":"WebPage","@id":"https:\/\/lucalifestyle.com\/de\/kollektion\/produktion\/","url":"https:\/\/lucalifestyle.com\/de\/kollektion\/produktion\/","name":"Produktion in Vietnam - Luca Lifestyle","isPartOf":{"@id":"https:\/\/lucalifestyle.com\/de\/#website"},"primaryImageOfPage":{"@id":"https:\/\/lucalifestyle.com\/de\/kollektion\/produktion\/#primaryimage"},"image":{"@id":"https:\/\/lucalifestyle.com\/de\/kollektion\/produktion\/#primaryimage"},"thumbnailUrl":"https:\/\/lucalifestyle.com\/wp-content\/uploads\/2025\/06\/TAI_0370-2-scaled.jpg","datePublished":"2024-01-18T13:31:39+00:00","dateModified":"2025-06-16T07:55:46+00:00","breadcrumb":{"@id":"https:\/\/lucalifestyle.com\/de\/kollektion\/produktion\/#breadcrumb"},"inLanguage":"de","potentialAction":[{"@type":"ReadAction","target":["https:\/\/lucalifestyle.com\/de\/kollektion\/produktion\/"]}]},{"@type":"ImageObject","inLanguage":"de","@id":"https:\/\/lucalifestyle.com\/de\/kollektion\/produktion\/#primaryimage","url":"https:\/\/lucalifestyle.com\/wp-content\/uploads\/2025\/06\/TAI_0370-2-scaled.jpg","contentUrl":"https:\/\/lucalifestyle.com\/wp-content\/uploads\/2025\/06\/TAI_0370-2-scaled.jpg"},{"@type":"BreadcrumbList","@id":"https:\/\/lucalifestyle.com\/de\/kollektion\/produktion\/#breadcrumb","itemListElement":[{"@type":"ListItem","position":1,"name":"Home","item":"https:\/\/lucalifestyle.com\/de\/"},{"@type":"ListItem","position":2,"name":"Kollektion","item":"https:\/\/lucalifestyle.com\/de\/kollektion\/"},{"@type":"ListItem","position":3,"name":"Produktion in Vietnam"}]},{"@type":"WebSite","@id":"https:\/\/lucalifestyle.com\/de\/#website","url":"https:\/\/lucalifestyle.com\/de\/","name":"Luca Lifestyle","description":"Makes the world look better.","publisher":{"@id":"https:\/\/lucalifestyle.com\/de\/#organization"},"alternateName":"Luca","potentialAction":[{"@type":"SearchAction","target":{"@type":"EntryPoint","urlTemplate":"https:\/\/lucalifestyle.com\/de\/?s={search_term_string}"},"query-input":{"@type":"PropertyValueSpecification","valueRequired":true,"valueName":"search_term_string"}}],"inLanguage":"de"},{"@type":"Organization","@id":"https:\/\/lucalifestyle.com\/de\/#organization","name":"Luca Lifestyle","url":"https:\/\/lucalifestyle.com\/de\/","logo":{"@type":"ImageObject","inLanguage":"de","@id":"https:\/\/lucalifestyle.com\/de\/#\/schema\/logo\/image\/","url":"https:\/\/lucalifestyle.com\/wp-content\/uploads\/2026\/01\/Logo-Pinterest.jpg","contentUrl":"https:\/\/lucalifestyle.com\/wp-content\/uploads\/2026\/01\/Logo-Pinterest.jpg","width":614,"height":648,"caption":"Luca Lifestyle"},"image":{"@id":"https:\/\/lucalifestyle.com\/de\/#\/schema\/logo\/image\/"},"sameAs":["https:\/\/www.facebook.com\/LucaLifestyle.nl","https:\/\/www.instagram.com\/lucalifestyleofficial\/","https:\/\/nl.pinterest.com\/lucalifestyle\/","https:\/\/www.linkedin.com\/company\/luca-lifestyle\/"]}]}},"_links":{"self":[{"href":"https:\/\/lucalifestyle.com\/de\/wp-json\/wp\/v2\/pages\/5357","targetHints":{"allow":["GET"]}}],"collection":[{"href":"https:\/\/lucalifestyle.com\/de\/wp-json\/wp\/v2\/pages"}],"about":[{"href":"https:\/\/lucalifestyle.com\/de\/wp-json\/wp\/v2\/types\/page"}],"author":[{"embeddable":true,"href":"https:\/\/lucalifestyle.com\/de\/wp-json\/wp\/v2\/users\/20"}],"replies":[{"embeddable":true,"href":"https:\/\/lucalifestyle.com\/de\/wp-json\/wp\/v2\/comments?post=5357"}],"version-history":[{"count":0,"href":"https:\/\/lucalifestyle.com\/de\/wp-json\/wp\/v2\/pages\/5357\/revisions"}],"up":[{"embeddable":true,"href":"https:\/\/lucalifestyle.com\/de\/wp-json\/wp\/v2\/pages\/5645"}],"wp:attachment":[{"href":"https:\/\/lucalifestyle.com\/de\/wp-json\/wp\/v2\/media?parent=5357"}],"curies":[{"name":"wp","href":"https:\/\/api.w.org\/{rel}","templated":true}]}}