{"id":14233,"date":"2025-08-01T09:23:41","date_gmt":"2025-08-01T08:23:41","guid":{"rendered":"https:\/\/lucalifestyle.com\/projekte-und-kooperationen\/"},"modified":"2025-09-12T08:46:15","modified_gmt":"2025-09-12T07:46:15","slug":"projekte-und-kooperationen","status":"publish","type":"page","link":"https:\/\/lucalifestyle.com\/de\/inspiration-2\/projekte-und-kooperationen\/","title":{"rendered":"Projekte und Kooperationen"},"content":{"rendered":"\n\n\t<p>Projekte und Kooperationen<\/p>\n\t<p>Unsere Kunden schaffen t\u00e4glich beeindruckende Projekte, bei denen unsere T\u00f6pfe eine Schl\u00fcsselrolle spielen. Mit dieser Seite m\u00f6chten wir unsere Wertsch\u00e4tzung zum Ausdruck bringen und die Qualit\u00e4t ihrer Arbeit hervorheben. Lassen Sie sich unten von einer Auswahl an Projekten inspirieren.  <\/p>\n\t\t\t\t\t\t\t\t<a href=\"https:\/\/lucalifestyle.com\/de\/inspiration-2\/projekte-und-kooperationen\/projekt-van-den-heuvel-tuinen-2\/\" target=\"_self\" itemprop=\"url\">\n\t\t\t\t\t\t\t\t\t<img loading=\"lazy\" decoding=\"async\" src=\"https:\/\/lucalifestyle.com\/wp-content\/uploads\/bb-plugin\/cache\/Terreno-Low-Balloon-Sand-4-landscape.png\" alt=\"Van den Heuvel Tuinen\" itemprop=\"image\" height=\"1201\" width=\"1800\" title=\"Van den Heuvel Tuinen\" onerror=\"this.style.display='none'\"  \/>\n\t\t\t\t\t\t\t\t\t\t\tVan den Heuvel Tuinen\n\t\t\t\t\t\t\t\t\t\t\t\t\t<\/a>\n\t\t\t\t\t\t\t\t<a href=\"https:\/\/lucalifestyle.com\/de\/inspiration-2\/projekte-und-kooperationen\/projekt-plant-atelier\/\" target=\"_self\" itemprop=\"url\">\n\t\t\t\t\t\t\t\t\t<img loading=\"lazy\" decoding=\"async\" src=\"https:\/\/lucalifestyle.com\/wp-content\/uploads\/bb-plugin\/cache\/Luca-Lifestyle-x-Plant-Atelier-26-02-24-Den-Haag-147-scaled-landscape.jpg\" alt=\"Plant Atelier\" itemprop=\"image\" height=\"1707\" width=\"2560\" title=\"Plant Atelier\" onerror=\"this.style.display='none'\"  \/>\n\t\t\t\t\t\t\t\t\t\t\tPlant Atelier\n\t\t\t\t\t\t\t\t\t\t\t\t\t<\/a>\n\t\t\t\t\t\t\t\t<a href=\"https:\/\/lucalifestyle.com\/de\/inspiration-2\/projekte-und-kooperationen\/projekt-peter-van-son\/\" target=\"_self\" itemprop=\"url\">\n\t\t\t\t\t\t\t\t\t<img loading=\"lazy\" decoding=\"async\" src=\"https:\/\/lucalifestyle.com\/wp-content\/uploads\/bb-plugin\/cache\/PBF2069-landscape.jpg\" alt=\"Peter van Son\" itemprop=\"image\" height=\"1350\" width=\"1800\" title=\"_PBF2069\" onerror=\"this.style.display='none'\"  \/>\n\t\t\t\t\t\t\t\t\t\t\tPeter van Son\n\t\t\t\t\t\t\t\t\t\t\t\t\t<\/a>\n\t\t\t\t\t\t\t\t<a href=\"https:\/\/lucalifestyle.com\/de\/inspiration-2\/projekte-und-kooperationen\/projekt-linda-exclusieve-tuinen-x-antwan-tuinprojecten-2\/\" target=\"_self\" itemprop=\"url\">\n\t\t\t\t\t\t\t\t\t<img loading=\"lazy\" decoding=\"async\" src=\"https:\/\/lucalifestyle.com\/wp-content\/uploads\/bb-plugin\/cache\/HetCommunicatiemeisje-Studio-Linda-Wester-HR-4-landscape.jpg\" alt=\"Linda Exclusieve Tuinen x Antwan Tuin Totaal\" itemprop=\"image\" height=\"1200\" width=\"1800\" title=\"HetCommunicatiemeisje-Studio-Linda-Wester-HR-4\" onerror=\"this.style.display='none'\"  \/>\n\t\t\t\t\t\t\t\t\t\t\tLinda Exclusieve Tuinen x Antwan Tuin Totaal\n\t\t\t\t\t\t\t\t\t\t\t\t\t<\/a>\n\t\t\t\t\t\t\t\t<a href=\"https:\/\/lucalifestyle.com\/de\/inspiration-2\/projekte-und-kooperationen\/projekt-linda-exclusieve-tuinen-x-antwan-tuinprojecten\/\" target=\"_self\" itemprop=\"url\">\n\t\t\t\t\t\t\t\t\t<img loading=\"lazy\" decoding=\"async\" src=\"https:\/\/lucalifestyle.com\/wp-content\/uploads\/bb-plugin\/cache\/2-scaled-landscape.jpg\" alt=\"Linda Exclusieve Tuinen x Antwan Tuinprojecten\" itemprop=\"image\" height=\"1708\" width=\"2560\" title=\"Linda Exclusieve Tuinen x Antwan Tuinprojecten\" onerror=\"this.style.display='none'\"  \/>\n\t\t\t\t\t\t\t\t\t\t\tLinda Exclusieve Tuinen\n\t\t\t\t\t\t\t\t\t\t\t\t\t<\/a>\n\t\t\t\t\t\t\t\t<a href=\"https:\/\/lucalifestyle.com\/de\/inspiration-2\/projekte-und-kooperationen\/projekt-roald-tuindesign\/\" target=\"_self\" itemprop=\"url\">\n\t\t\t\t\t\t\t\t\t<img loading=\"lazy\" decoding=\"async\" src=\"https:\/\/lucalifestyle.com\/wp-content\/uploads\/bb-plugin\/cache\/Hendrikseiland-47-85-landscape.jpg\" alt=\"ROALD Tuindesign\" itemprop=\"image\" height=\"1334\" width=\"2000\" title=\"ROALD Tuindesign\" onerror=\"this.style.display='none'\"  \/>\n\t\t\t\t\t\t\t\t\t\t\tROALD Tuindesign\n\t\t\t\t\t\t\t\t\t\t\t\t\t<\/a>\n\t\t\t\t\t\t\t\t<a href=\"https:\/\/lucalifestyle.com\/de\/inspiration-2\/projekte-und-kooperationen\/projekt-sv-studio\/\" target=\"_self\" itemprop=\"url\">\n\t\t\t\t\t\t\t\t\t<img loading=\"lazy\" decoding=\"async\" src=\"https:\/\/lucalifestyle.com\/wp-content\/uploads\/bb-plugin\/cache\/IMG_9270-landscape.jpg\" alt=\"SV Studio\" itemprop=\"image\" height=\"1367\" width=\"2048\" title=\"SV Studio\" onerror=\"this.style.display='none'\"  \/>\n\t\t\t\t\t\t\t\t\t\t\tSilvio Vermeer Studio\n\t\t\t\t\t\t\t\t\t\t\t\t\t<\/a>\n\t\t\t\t\t\t\t\t<a href=\"https:\/\/lucalifestyle.com\/de\/inspiration-2\/projekte-und-kooperationen\/projekt-linda-exclusieve-tuinen-x-antwan-tuinprojecten-3\/\" target=\"_self\" itemprop=\"url\">\n\t\t\t\t\t\t\t\t\t<img loading=\"lazy\" decoding=\"async\" src=\"https:\/\/lucalifestyle.com\/wp-content\/uploads\/bb-plugin\/cache\/HEB18D1-landscape.jpg\" alt=\"Linda Exclusieve Tuinen x Antwan Tuinprojecten\" itemprop=\"image\" height=\"1200\" width=\"1800\" title=\"HEB18D~1\" onerror=\"this.style.display='none'\"  \/>\n\t\t\t\t\t\t\t\t\t\t\tLinda Exclusieve Tuinen x Antwan Tuinprojecten\n\t\t\t\t\t\t\t\t\t\t\t\t\t<\/a>\n\t\t\t\t\t\t\t\t<a href=\"https:\/\/lucalifestyle.com\/de\/inspiration-2\/projekte-und-kooperationen\/projekt-linda-exclusieve-tuinen-x-ruyg-tuinen\/\" target=\"_self\" itemprop=\"url\">\n\t\t\t\t\t\t\t\t\t<img loading=\"lazy\" decoding=\"async\" src=\"https:\/\/lucalifestyle.com\/wp-content\/uploads\/bb-plugin\/cache\/Grigio-Modern-Vase-Antique-White-landscape.jpg\" alt=\"Linda Exclusieve Tuinen\" itemprop=\"image\" height=\"1365\" width=\"2048\" title=\"Linda Exclusieve Tuinen x RUYG Tuinen\" onerror=\"this.style.display='none'\"  \/>\n\t\t\t\t\t\t\t\t\t\t\tLinda Exclusieve Tuinen\n\t\t\t\t\t\t\t\t\t\t\t\t\t<\/a>\n\t\t\t\t\t\t\t\t<a href=\"https:\/\/lucalifestyle.com\/de\/inspiration-2\/projekte-und-kooperationen\/zusammenarbeit-marjolein-bouhuijzen\/\" target=\"_self\" itemprop=\"url\">\n\t\t\t\t\t\t\t\t\t<img loading=\"lazy\" decoding=\"async\" src=\"https:\/\/lucalifestyle.com\/wp-content\/uploads\/bb-plugin\/cache\/20230418_194156-scaled-landscape.jpg\" alt=\"Marjolein Bouhuijzen\" itemprop=\"image\" height=\"2560\" width=\"1886\" title=\"Marjolein Bouhuijzen\" onerror=\"this.style.display='none'\"  \/>\n\t\t\t\t\t\t\t\t\t\t\tMarjolein Bouhuijzen\n\t\t\t\t\t\t\t\t\t\t\t\t\t<\/a>\n\t\t\t\t\t\t\t\t<a href=\"https:\/\/lucalifestyle.com\/de\/inspiration-2\/projekte-und-kooperationen\/projekt-vdk-vdw\/\" target=\"_self\" itemprop=\"url\">\n\t\t\t\t\t\t\t\t\t<img loading=\"lazy\" decoding=\"async\" src=\"https:\/\/lucalifestyle.com\/wp-content\/uploads\/bb-plugin\/cache\/SF_04754-landscape.jpg\" alt=\"VDK\u00b7VDW\" itemprop=\"image\" height=\"1200\" width=\"1800\" title=\"SF_04754\" onerror=\"this.style.display='none'\"  \/>\n\t\t\t\t\t\t\t\t\t\t\tVDK &#8211; VDW\n\t\t\t\t\t\t\t\t\t\t\t\t\t<\/a>\n\t<p>M\u00f6chten Sie Ihr Projekt zeigen?<\/p>\n\t<p>Wir sch\u00e4tzen die Handwerkskunst unserer Kunden und teilen ihre Projekte gerne auf dieser Seite. Haben Sie ein Projekt mit unseren T\u00f6pfen? Senden Sie uns Ihre Fotos und eine kurze Beschreibung. Wir kontaktieren Sie, sobald Ihr Projekt online ist.  <\/p>\n\t\t\t<a href=\"https:\/\/we.tl\/r-3vgbaum5Ab\" target=\"_blank\" rel=\"noopener\"class=\"uabb-button uabb-creative-button uabb-creative-default-btn   \"  role=\"button\">\n\t\t\t\t\t\tProjekt teilen\n\t\t<\/a>\n\n","protected":false},"excerpt":{"rendered":"<p>Projekte und Kooperationen Unsere Kunden schaffen t\u00e4glich beeindruckende Projekte, bei denen unsere T\u00f6pfe eine Schl\u00fcsselrolle spielen. Mit dieser Seite m\u00f6chten wir unsere Wertsch\u00e4tzung zum Ausdruck bringen und die Qualit\u00e4t ihrer Arbeit hervorheben. Lassen Sie sich unten von einer Auswahl an Projekten inspirieren. Van den Heuvel Tuinen Plant Atelier Peter van Son Linda Exclusieve Tuinen x&hellip;<\/p>\n","protected":false},"author":20,"featured_media":0,"parent":14230,"menu_order":0,"comment_status":"closed","ping_status":"closed","template":"","meta":{"footnotes":""},"class_list":["post-14233","page","type-page","status-publish","hentry"],"yoast_head":"<!-- This site is optimized with the Yoast SEO plugin v27.3 - https:\/\/yoast.com\/product\/yoast-seo-wordpress\/ -->\n<title>Projekte und Kooperationen - Luca Lifestyle<\/title>\n<meta name=\"robots\" content=\"index, follow, max-snippet:-1, max-image-preview:large, max-video-preview:-1\" \/>\n<link rel=\"canonical\" href=\"https:\/\/lucalifestyle.com\/de\/inspiration-2\/projekte-und-kooperationen\/\" \/>\n<meta property=\"og:locale\" content=\"de_DE\" \/>\n<meta property=\"og:type\" content=\"article\" \/>\n<meta property=\"og:title\" content=\"Projekte und Kooperationen - Luca Lifestyle\" \/>\n<meta property=\"og:description\" content=\"Projekte und Kooperationen Unsere Kunden schaffen t\u00e4glich beeindruckende Projekte, bei denen unsere T\u00f6pfe eine Schl\u00fcsselrolle spielen. Mit dieser Seite m\u00f6chten wir unsere Wertsch\u00e4tzung zum Ausdruck bringen und die Qualit\u00e4t ihrer Arbeit hervorheben. Lassen Sie sich unten von einer Auswahl an Projekten inspirieren. Van den Heuvel Tuinen Plant Atelier Peter van Son Linda Exclusieve Tuinen x&hellip;\" \/>\n<meta property=\"og:url\" content=\"https:\/\/lucalifestyle.com\/de\/inspiration-2\/projekte-und-kooperationen\/\" \/>\n<meta property=\"og:site_name\" content=\"Luca Lifestyle\" \/>\n<meta property=\"article:publisher\" content=\"https:\/\/www.facebook.com\/LucaLifestyle.nl\" \/>\n<meta property=\"article:modified_time\" content=\"2025-09-12T07:46:15+00:00\" \/>\n<meta property=\"og:image\" content=\"https:\/\/lucalifestyle.com\/wp-content\/uploads\/bb-plugin\/cache\/Terreno-Low-Balloon-Sand-4-landscape.png\" \/>\n<meta name=\"twitter:card\" content=\"summary_large_image\" \/>\n<meta name=\"twitter:label1\" content=\"Gesch\u00e4tzte Lesezeit\" \/>\n\t<meta name=\"twitter:data1\" content=\"1\u00a0Minute\" \/>\n<script type=\"application\/ld+json\" class=\"yoast-schema-graph\">{\"@context\":\"https:\\\/\\\/schema.org\",\"@graph\":[{\"@type\":\"WebPage\",\"@id\":\"https:\\\/\\\/lucalifestyle.com\\\/de\\\/inspiration-2\\\/projekte-und-kooperationen\\\/\",\"url\":\"https:\\\/\\\/lucalifestyle.com\\\/de\\\/inspiration-2\\\/projekte-und-kooperationen\\\/\",\"name\":\"Projekte und Kooperationen - Luca Lifestyle\",\"isPartOf\":{\"@id\":\"https:\\\/\\\/lucalifestyle.com\\\/de\\\/#website\"},\"primaryImageOfPage\":{\"@id\":\"https:\\\/\\\/lucalifestyle.com\\\/de\\\/inspiration-2\\\/projekte-und-kooperationen\\\/#primaryimage\"},\"image\":{\"@id\":\"https:\\\/\\\/lucalifestyle.com\\\/de\\\/inspiration-2\\\/projekte-und-kooperationen\\\/#primaryimage\"},\"thumbnailUrl\":\"https:\\\/\\\/lucalifestyle.com\\\/wp-content\\\/uploads\\\/bb-plugin\\\/cache\\\/Terreno-Low-Balloon-Sand-4-landscape.png\",\"datePublished\":\"2025-08-01T08:23:41+00:00\",\"dateModified\":\"2025-09-12T07:46:15+00:00\",\"breadcrumb\":{\"@id\":\"https:\\\/\\\/lucalifestyle.com\\\/de\\\/inspiration-2\\\/projekte-und-kooperationen\\\/#breadcrumb\"},\"inLanguage\":\"de\",\"potentialAction\":[{\"@type\":\"ReadAction\",\"target\":[\"https:\\\/\\\/lucalifestyle.com\\\/de\\\/inspiration-2\\\/projekte-und-kooperationen\\\/\"]}]},{\"@type\":\"ImageObject\",\"inLanguage\":\"de\",\"@id\":\"https:\\\/\\\/lucalifestyle.com\\\/de\\\/inspiration-2\\\/projekte-und-kooperationen\\\/#primaryimage\",\"url\":\"https:\\\/\\\/lucalifestyle.com\\\/wp-content\\\/uploads\\\/bb-plugin\\\/cache\\\/Terreno-Low-Balloon-Sand-4-landscape.png\",\"contentUrl\":\"https:\\\/\\\/lucalifestyle.com\\\/wp-content\\\/uploads\\\/bb-plugin\\\/cache\\\/Terreno-Low-Balloon-Sand-4-landscape.png\"},{\"@type\":\"BreadcrumbList\",\"@id\":\"https:\\\/\\\/lucalifestyle.com\\\/de\\\/inspiration-2\\\/projekte-und-kooperationen\\\/#breadcrumb\",\"itemListElement\":[{\"@type\":\"ListItem\",\"position\":1,\"name\":\"Home\",\"item\":\"https:\\\/\\\/lucalifestyle.com\\\/de\\\/\"},{\"@type\":\"ListItem\",\"position\":2,\"name\":\"Inspiration\",\"item\":\"https:\\\/\\\/lucalifestyle.com\\\/de\\\/inspiration-2\\\/\"},{\"@type\":\"ListItem\",\"position\":3,\"name\":\"Projekte und Kooperationen\"}]},{\"@type\":\"WebSite\",\"@id\":\"https:\\\/\\\/lucalifestyle.com\\\/de\\\/#website\",\"url\":\"https:\\\/\\\/lucalifestyle.com\\\/de\\\/\",\"name\":\"Luca Lifestyle\",\"description\":\"Makes the world look better.\",\"publisher\":{\"@id\":\"https:\\\/\\\/lucalifestyle.com\\\/de\\\/#organization\"},\"alternateName\":\"Luca\",\"potentialAction\":[{\"@type\":\"SearchAction\",\"target\":{\"@type\":\"EntryPoint\",\"urlTemplate\":\"https:\\\/\\\/lucalifestyle.com\\\/de\\\/?s={search_term_string}\"},\"query-input\":{\"@type\":\"PropertyValueSpecification\",\"valueRequired\":true,\"valueName\":\"search_term_string\"}}],\"inLanguage\":\"de\"},{\"@type\":\"Organization\",\"@id\":\"https:\\\/\\\/lucalifestyle.com\\\/de\\\/#organization\",\"name\":\"Luca Lifestyle\",\"url\":\"https:\\\/\\\/lucalifestyle.com\\\/de\\\/\",\"logo\":{\"@type\":\"ImageObject\",\"inLanguage\":\"de\",\"@id\":\"https:\\\/\\\/lucalifestyle.com\\\/de\\\/#\\\/schema\\\/logo\\\/image\\\/\",\"url\":\"https:\\\/\\\/lucalifestyle.com\\\/wp-content\\\/uploads\\\/2026\\\/01\\\/Logo-Pinterest.jpg\",\"contentUrl\":\"https:\\\/\\\/lucalifestyle.com\\\/wp-content\\\/uploads\\\/2026\\\/01\\\/Logo-Pinterest.jpg\",\"width\":614,\"height\":648,\"caption\":\"Luca Lifestyle\"},\"image\":{\"@id\":\"https:\\\/\\\/lucalifestyle.com\\\/de\\\/#\\\/schema\\\/logo\\\/image\\\/\"},\"sameAs\":[\"https:\\\/\\\/www.facebook.com\\\/LucaLifestyle.nl\",\"https:\\\/\\\/www.instagram.com\\\/lucalifestyleofficial\\\/\",\"https:\\\/\\\/nl.pinterest.com\\\/lucalifestyle\\\/\",\"https:\\\/\\\/www.linkedin.com\\\/company\\\/luca-lifestyle\\\/\"]}]}<\/script>\n<!-- \/ Yoast SEO plugin. -->","yoast_head_json":{"title":"Projekte und Kooperationen - Luca Lifestyle","robots":{"index":"index","follow":"follow","max-snippet":"max-snippet:-1","max-image-preview":"max-image-preview:large","max-video-preview":"max-video-preview:-1"},"canonical":"https:\/\/lucalifestyle.com\/de\/inspiration-2\/projekte-und-kooperationen\/","og_locale":"de_DE","og_type":"article","og_title":"Projekte und Kooperationen - Luca Lifestyle","og_description":"Projekte und Kooperationen Unsere Kunden schaffen t\u00e4glich beeindruckende Projekte, bei denen unsere T\u00f6pfe eine Schl\u00fcsselrolle spielen. Mit dieser Seite m\u00f6chten wir unsere Wertsch\u00e4tzung zum Ausdruck bringen und die Qualit\u00e4t ihrer Arbeit hervorheben. Lassen Sie sich unten von einer Auswahl an Projekten inspirieren. Van den Heuvel Tuinen Plant Atelier Peter van Son Linda Exclusieve Tuinen x&hellip;","og_url":"https:\/\/lucalifestyle.com\/de\/inspiration-2\/projekte-und-kooperationen\/","og_site_name":"Luca Lifestyle","article_publisher":"https:\/\/www.facebook.com\/LucaLifestyle.nl","article_modified_time":"2025-09-12T07:46:15+00:00","og_image":[{"url":"https:\/\/lucalifestyle.com\/wp-content\/uploads\/bb-plugin\/cache\/Terreno-Low-Balloon-Sand-4-landscape.png","type":"","width":"","height":""}],"twitter_card":"summary_large_image","twitter_misc":{"Gesch\u00e4tzte Lesezeit":"1\u00a0Minute"},"schema":{"@context":"https:\/\/schema.org","@graph":[{"@type":"WebPage","@id":"https:\/\/lucalifestyle.com\/de\/inspiration-2\/projekte-und-kooperationen\/","url":"https:\/\/lucalifestyle.com\/de\/inspiration-2\/projekte-und-kooperationen\/","name":"Projekte und Kooperationen - Luca Lifestyle","isPartOf":{"@id":"https:\/\/lucalifestyle.com\/de\/#website"},"primaryImageOfPage":{"@id":"https:\/\/lucalifestyle.com\/de\/inspiration-2\/projekte-und-kooperationen\/#primaryimage"},"image":{"@id":"https:\/\/lucalifestyle.com\/de\/inspiration-2\/projekte-und-kooperationen\/#primaryimage"},"thumbnailUrl":"https:\/\/lucalifestyle.com\/wp-content\/uploads\/bb-plugin\/cache\/Terreno-Low-Balloon-Sand-4-landscape.png","datePublished":"2025-08-01T08:23:41+00:00","dateModified":"2025-09-12T07:46:15+00:00","breadcrumb":{"@id":"https:\/\/lucalifestyle.com\/de\/inspiration-2\/projekte-und-kooperationen\/#breadcrumb"},"inLanguage":"de","potentialAction":[{"@type":"ReadAction","target":["https:\/\/lucalifestyle.com\/de\/inspiration-2\/projekte-und-kooperationen\/"]}]},{"@type":"ImageObject","inLanguage":"de","@id":"https:\/\/lucalifestyle.com\/de\/inspiration-2\/projekte-und-kooperationen\/#primaryimage","url":"https:\/\/lucalifestyle.com\/wp-content\/uploads\/bb-plugin\/cache\/Terreno-Low-Balloon-Sand-4-landscape.png","contentUrl":"https:\/\/lucalifestyle.com\/wp-content\/uploads\/bb-plugin\/cache\/Terreno-Low-Balloon-Sand-4-landscape.png"},{"@type":"BreadcrumbList","@id":"https:\/\/lucalifestyle.com\/de\/inspiration-2\/projekte-und-kooperationen\/#breadcrumb","itemListElement":[{"@type":"ListItem","position":1,"name":"Home","item":"https:\/\/lucalifestyle.com\/de\/"},{"@type":"ListItem","position":2,"name":"Inspiration","item":"https:\/\/lucalifestyle.com\/de\/inspiration-2\/"},{"@type":"ListItem","position":3,"name":"Projekte und Kooperationen"}]},{"@type":"WebSite","@id":"https:\/\/lucalifestyle.com\/de\/#website","url":"https:\/\/lucalifestyle.com\/de\/","name":"Luca Lifestyle","description":"Makes the world look better.","publisher":{"@id":"https:\/\/lucalifestyle.com\/de\/#organization"},"alternateName":"Luca","potentialAction":[{"@type":"SearchAction","target":{"@type":"EntryPoint","urlTemplate":"https:\/\/lucalifestyle.com\/de\/?s={search_term_string}"},"query-input":{"@type":"PropertyValueSpecification","valueRequired":true,"valueName":"search_term_string"}}],"inLanguage":"de"},{"@type":"Organization","@id":"https:\/\/lucalifestyle.com\/de\/#organization","name":"Luca Lifestyle","url":"https:\/\/lucalifestyle.com\/de\/","logo":{"@type":"ImageObject","inLanguage":"de","@id":"https:\/\/lucalifestyle.com\/de\/#\/schema\/logo\/image\/","url":"https:\/\/lucalifestyle.com\/wp-content\/uploads\/2026\/01\/Logo-Pinterest.jpg","contentUrl":"https:\/\/lucalifestyle.com\/wp-content\/uploads\/2026\/01\/Logo-Pinterest.jpg","width":614,"height":648,"caption":"Luca Lifestyle"},"image":{"@id":"https:\/\/lucalifestyle.com\/de\/#\/schema\/logo\/image\/"},"sameAs":["https:\/\/www.facebook.com\/LucaLifestyle.nl","https:\/\/www.instagram.com\/lucalifestyleofficial\/","https:\/\/nl.pinterest.com\/lucalifestyle\/","https:\/\/www.linkedin.com\/company\/luca-lifestyle\/"]}]}},"_links":{"self":[{"href":"https:\/\/lucalifestyle.com\/de\/wp-json\/wp\/v2\/pages\/14233","targetHints":{"allow":["GET"]}}],"collection":[{"href":"https:\/\/lucalifestyle.com\/de\/wp-json\/wp\/v2\/pages"}],"about":[{"href":"https:\/\/lucalifestyle.com\/de\/wp-json\/wp\/v2\/types\/page"}],"author":[{"embeddable":true,"href":"https:\/\/lucalifestyle.com\/de\/wp-json\/wp\/v2\/users\/20"}],"replies":[{"embeddable":true,"href":"https:\/\/lucalifestyle.com\/de\/wp-json\/wp\/v2\/comments?post=14233"}],"version-history":[{"count":0,"href":"https:\/\/lucalifestyle.com\/de\/wp-json\/wp\/v2\/pages\/14233\/revisions"}],"up":[{"embeddable":true,"href":"https:\/\/lucalifestyle.com\/de\/wp-json\/wp\/v2\/pages\/14230"}],"wp:attachment":[{"href":"https:\/\/lucalifestyle.com\/de\/wp-json\/wp\/v2\/media?parent=14233"}],"curies":[{"name":"wp","href":"https:\/\/api.w.org\/{rel}","templated":true}]}}