{"id":12504,"date":"2025-03-31T11:02:49","date_gmt":"2025-03-31T10:02:49","guid":{"rendered":"https:\/\/lucalifestyle.com\/stretto\/"},"modified":"2025-05-06T10:36:59","modified_gmt":"2025-05-06T09:36:59","slug":"stretto","status":"publish","type":"page","link":"https:\/\/lucalifestyle.com\/de\/pflanzkuebeln\/stretto\/","title":{"rendered":"Stretto"},"content":{"rendered":"\n\n\t<p>Stretto<\/p>\n\t<p>Die Stretto-Kollektion ist einzigartig in unserem Sortiment. Diese Pflanzgef\u00e4\u00dfe bestehen aus 100 % Polyester und werden umweltfreundlich und CO2-neutralproduziert. Die Innenseiten der eckige Pflanzgef\u00e4\u00dfe sind mit einer Styroporschicht versehen. Dadurch ist das Pflanzgef\u00e4\u00df immer isoliert.   <\/p>\n\t\t\t<a href=\"#vormen\" target=\"_self\"  role=\"button\">\n\t\t\t\t\t\tKollektion ansehen\n\t\t<\/a>\n\t\t\t\t<img loading=\"lazy\" decoding=\"async\" src=\"https:\/\/lucalifestyle.com\/wp-content\/uploads\/2024\/02\/Stretto-Anthracite.jpg\" alt=\"Stretto-Anthracite\" itemprop=\"image\" height=\"282\" width=\"600\" title=\"Stretto-Anthracite\" onerror=\"this.style.display='none'\"  \/>\n\t<p>Anthracite<\/p>\n\tNachstehend finden Sie eine \u00dcbersicht \u00fcber alle unsere T\u00f6pfe in verschiedenen Formen und Farben.<br \/>\nF\u00fcr detaillierte Informationen, wie Gr\u00f6\u00dfen und Gewichte, loggen Sie sich in unser <a href=\"https:\/\/shop.app4sales.net\/LucaLifestyle\/#index?edition=47\" target=\"_blank\" rel=\"noopener\"><strong data-start=\"261\" data-end=\"276\" data-is-only-node=\"\">B2B-Portal<\/strong><\/a> ein. Dort k\u00f6nnen Sie als registrierter Benutzer alle Spezifikationen einsehen und direkt bestellen.\n\t\t\t\tAlle\n\t\t\t<ul>\n\t\t\t\t\t\t\t\t<li id=\"pp-gallery--0\" data-filter=\"*\">Alle<\/li>\n\t\t\t\t\t\t\t<li id=\"pp-gallery--1\" data-filter=\".pp-group-1\">Anthracite<\/li>\t\t\t<\/ul>\n\t\t\t\t\t\t\t\t<a href=\"https:\/\/lucalifestyle.com\/wp-content\/uploads\/2025\/03\/Stretto-Box-Anthracite-1024x1024.jpg\" target=\"_self\">\n\t\t\t\t<img loading=\"lazy\" decoding=\"async\" src=\"https:\/\/lucalifestyle.com\/wp-content\/uploads\/2025\/03\/Stretto-Box-Anthracite-300x300.jpg\" alt=\"\" data-no-lazy=\"1\" width=\"300\" height=\"300\" \/>\n\t\t\t\t\t\t\t\t\t<!-- overlay start -->\n\t\t\t\t\t\t\t\t\tStretto Box &#8211; Anthracite\t\t\t\t\t\t\t\t\n\t\t\t\t\t<!-- overlay end -->\n\t\t\t\t\t\t\t\t<\/a>\n\t\t\t\t\t\t\t\t<a href=\"https:\/\/lucalifestyle.com\/wp-content\/uploads\/2025\/03\/Stretto-Cube-Anthracite-1-1024x1024.jpg\" target=\"_self\">\n\t\t\t\t<img loading=\"lazy\" decoding=\"async\" src=\"https:\/\/lucalifestyle.com\/wp-content\/uploads\/2025\/03\/Stretto-Cube-Anthracite-1-300x300.jpg\" alt=\"\" data-no-lazy=\"1\" width=\"300\" height=\"300\" \/>\n\t\t\t\t\t\t\t\t\t<!-- overlay start -->\n\t\t\t\t\t\t\t\t\tStretto Cube &#8211; Anthracite\t\t\t\t\t\t\t\t\n\t\t\t\t\t<!-- overlay end -->\n\t\t\t\t\t\t\t\t<\/a>\n\t\t\t\t\t\t\t\t<a href=\"https:\/\/lucalifestyle.com\/wp-content\/uploads\/2025\/03\/Stretto-Divider-120-Anthracite-1024x1024.jpg\" target=\"_self\">\n\t\t\t\t<img loading=\"lazy\" decoding=\"async\" src=\"https:\/\/lucalifestyle.com\/wp-content\/uploads\/2025\/03\/Stretto-Divider-120-Anthracite-300x300.jpg\" alt=\"\" data-no-lazy=\"1\" width=\"300\" height=\"300\" \/>\n\t\t\t\t\t\t\t\t\t<!-- overlay start -->\n\t\t\t\t\t\t\t\t\tStretto Divider &#8211; Anthracite\t\t\t\t\t\t\t\t\n\t\t\t\t\t<!-- overlay end -->\n\t\t\t\t\t\t\t\t<\/a>\n\t\t\t\t\t\t\t\t<a href=\"https:\/\/lucalifestyle.com\/wp-content\/uploads\/2025\/03\/Stretto-High-Box-Anthracite-1024x1024.jpg\" target=\"_self\">\n\t\t\t\t<img loading=\"lazy\" decoding=\"async\" src=\"https:\/\/lucalifestyle.com\/wp-content\/uploads\/2025\/03\/Stretto-High-Box-Anthracite-300x300.jpg\" alt=\"\" data-no-lazy=\"1\" width=\"300\" height=\"300\" \/>\n\t\t\t\t\t\t\t\t\t<!-- overlay start -->\n\t\t\t\t\t\t\t\t\tStretto High Box &#8211; Anthracite\t\t\t\t\t\t\t\t\n\t\t\t\t\t<!-- overlay end -->\n\t\t\t\t\t\t\t\t<\/a>\n\t\t\t\t\t\t\t\t<a href=\"https:\/\/lucalifestyle.com\/wp-content\/uploads\/2025\/03\/Stretto-Low-Cube-Anthracite-1024x1024.jpg\" target=\"_self\">\n\t\t\t\t<img loading=\"lazy\" decoding=\"async\" src=\"https:\/\/lucalifestyle.com\/wp-content\/uploads\/2025\/03\/Stretto-Low-Cube-Anthracite-300x300.jpg\" alt=\"\" data-no-lazy=\"1\" width=\"300\" height=\"300\" \/>\n\t\t\t\t\t\t\t\t\t<!-- overlay start -->\n\t\t\t\t\t\t\t\t\tStretto Low Cube &#8211; Anthracite\t\t\t\t\t\t\t\t\n\t\t\t\t\t<!-- overlay end -->\n\t\t\t\t\t\t\t\t<\/a>\n\t\t\t\t\t\t\t\t<a href=\"https:\/\/lucalifestyle.com\/wp-content\/uploads\/2025\/03\/Stretto-New-Egg-Pot-Anthracite-1024x1024.jpg\" target=\"_self\">\n\t\t\t\t<img loading=\"lazy\" decoding=\"async\" src=\"https:\/\/lucalifestyle.com\/wp-content\/uploads\/2025\/03\/Stretto-New-Egg-Pot-Anthracite-300x300.jpg\" alt=\"\" data-no-lazy=\"1\" width=\"300\" height=\"300\" \/>\n\t\t\t\t\t\t\t\t\t<!-- overlay start -->\n\t\t\t\t\t\t\t\t\tStretto New Egg Pot &#8211; Anthracite\t\t\t\t\t\t\t\t\n\t\t\t\t\t<!-- overlay end -->\n\t\t\t\t\t\t\t\t<\/a>\n\t\t\t\t\t\t\t\t<a href=\"https:\/\/lucalifestyle.com\/wp-content\/uploads\/2025\/03\/Stretto-New-Egg-Pot-Low-Anthracite-1024x1024.jpg\" target=\"_self\">\n\t\t\t\t<img loading=\"lazy\" decoding=\"async\" src=\"https:\/\/lucalifestyle.com\/wp-content\/uploads\/2025\/03\/Stretto-New-Egg-Pot-Low-Anthracite-300x300.jpg\" alt=\"\" data-no-lazy=\"1\" width=\"300\" height=\"300\" \/>\n\t\t\t\t\t\t\t\t\t<!-- overlay start -->\n\t\t\t\t\t\t\t\t\tStretto New Egg Pot Low &#8211; Anthracite\t\t\t\t\t\t\t\t\n\t\t\t\t\t<!-- overlay end -->\n\t\t\t\t\t\t\t\t<\/a>\n\t\t\t<a href=\"https:\/\/portal.lucalifestyle.com\/catalog?tn_cid=3&#038;tn_fk_cf=Stretto\" target=\"_blank\" rel=\"noopener\"class=\"uabb-button uabb-creative-button uabb-creative-default-btn   \"  role=\"button\">\n\t\t\t\t\t\tAnsicht in unserem B2B-Portal\n\t\t<\/a>\n\n","protected":false},"excerpt":{"rendered":"<p>Stretto Die Stretto-Kollektion ist einzigartig in unserem Sortiment. Diese Pflanzgef\u00e4\u00dfe bestehen aus 100 % Polyester und werden umweltfreundlich und CO2-neutralproduziert. Die Innenseiten der eckige Pflanzgef\u00e4\u00dfe sind mit einer Styroporschicht versehen. Dadurch ist das Pflanzgef\u00e4\u00df immer isoliert. Kollektion ansehen Anthracite Nachstehend finden Sie eine \u00dcbersicht \u00fcber alle unsere T\u00f6pfe in verschiedenen Formen und Farben. F\u00fcr detaillierte&hellip;<\/p>\n","protected":false},"author":20,"featured_media":0,"parent":5197,"menu_order":0,"comment_status":"closed","ping_status":"closed","template":"","meta":{"footnotes":""},"class_list":["post-12504","page","type-page","status-publish","hentry"],"yoast_head":"<!-- This site is optimized with the Yoast SEO plugin v27.3 - https:\/\/yoast.com\/product\/yoast-seo-wordpress\/ -->\n<title>Stretto - Luca Lifestyle<\/title>\n<meta name=\"robots\" content=\"index, follow, max-snippet:-1, max-image-preview:large, max-video-preview:-1\" \/>\n<link rel=\"canonical\" href=\"https:\/\/lucalifestyle.com\/de\/pflanzkuebeln\/stretto\/\" \/>\n<meta property=\"og:locale\" content=\"de_DE\" \/>\n<meta property=\"og:type\" content=\"article\" \/>\n<meta property=\"og:title\" content=\"Stretto - Luca Lifestyle\" \/>\n<meta property=\"og:description\" content=\"Stretto Die Stretto-Kollektion ist einzigartig in unserem Sortiment. Diese Pflanzgef\u00e4\u00dfe bestehen aus 100 % Polyester und werden umweltfreundlich und CO2-neutralproduziert. Die Innenseiten der eckige Pflanzgef\u00e4\u00dfe sind mit einer Styroporschicht versehen. Dadurch ist das Pflanzgef\u00e4\u00df immer isoliert. Kollektion ansehen Anthracite Nachstehend finden Sie eine \u00dcbersicht \u00fcber alle unsere T\u00f6pfe in verschiedenen Formen und Farben. F\u00fcr detaillierte&hellip;\" \/>\n<meta property=\"og:url\" content=\"https:\/\/lucalifestyle.com\/de\/pflanzkuebeln\/stretto\/\" \/>\n<meta property=\"og:site_name\" content=\"Luca Lifestyle\" \/>\n<meta property=\"article:publisher\" content=\"https:\/\/www.facebook.com\/LucaLifestyle.nl\" \/>\n<meta property=\"article:modified_time\" content=\"2025-05-06T09:36:59+00:00\" \/>\n<meta property=\"og:image\" content=\"https:\/\/lucalifestyle.com\/wp-content\/uploads\/2024\/02\/Stretto-Anthracite.jpg\" \/>\n<meta name=\"twitter:card\" content=\"summary_large_image\" \/>\n<meta name=\"twitter:label1\" content=\"Gesch\u00e4tzte Lesezeit\" \/>\n\t<meta name=\"twitter:data1\" content=\"1\u00a0Minute\" \/>\n<script type=\"application\/ld+json\" class=\"yoast-schema-graph\">{\"@context\":\"https:\\\/\\\/schema.org\",\"@graph\":[{\"@type\":\"WebPage\",\"@id\":\"https:\\\/\\\/lucalifestyle.com\\\/de\\\/pflanzkuebeln\\\/stretto\\\/\",\"url\":\"https:\\\/\\\/lucalifestyle.com\\\/de\\\/pflanzkuebeln\\\/stretto\\\/\",\"name\":\"Stretto - Luca Lifestyle\",\"isPartOf\":{\"@id\":\"https:\\\/\\\/lucalifestyle.com\\\/de\\\/#website\"},\"primaryImageOfPage\":{\"@id\":\"https:\\\/\\\/lucalifestyle.com\\\/de\\\/pflanzkuebeln\\\/stretto\\\/#primaryimage\"},\"image\":{\"@id\":\"https:\\\/\\\/lucalifestyle.com\\\/de\\\/pflanzkuebeln\\\/stretto\\\/#primaryimage\"},\"thumbnailUrl\":\"https:\\\/\\\/lucalifestyle.com\\\/wp-content\\\/uploads\\\/2024\\\/02\\\/Stretto-Anthracite.jpg\",\"datePublished\":\"2025-03-31T10:02:49+00:00\",\"dateModified\":\"2025-05-06T09:36:59+00:00\",\"breadcrumb\":{\"@id\":\"https:\\\/\\\/lucalifestyle.com\\\/de\\\/pflanzkuebeln\\\/stretto\\\/#breadcrumb\"},\"inLanguage\":\"de\",\"potentialAction\":[{\"@type\":\"ReadAction\",\"target\":[\"https:\\\/\\\/lucalifestyle.com\\\/de\\\/pflanzkuebeln\\\/stretto\\\/\"]}]},{\"@type\":\"ImageObject\",\"inLanguage\":\"de\",\"@id\":\"https:\\\/\\\/lucalifestyle.com\\\/de\\\/pflanzkuebeln\\\/stretto\\\/#primaryimage\",\"url\":\"https:\\\/\\\/lucalifestyle.com\\\/wp-content\\\/uploads\\\/2024\\\/02\\\/Stretto-Anthracite.jpg\",\"contentUrl\":\"https:\\\/\\\/lucalifestyle.com\\\/wp-content\\\/uploads\\\/2024\\\/02\\\/Stretto-Anthracite.jpg\"},{\"@type\":\"BreadcrumbList\",\"@id\":\"https:\\\/\\\/lucalifestyle.com\\\/de\\\/pflanzkuebeln\\\/stretto\\\/#breadcrumb\",\"itemListElement\":[{\"@type\":\"ListItem\",\"position\":1,\"name\":\"Home\",\"item\":\"https:\\\/\\\/lucalifestyle.com\\\/de\\\/\"},{\"@type\":\"ListItem\",\"position\":2,\"name\":\"Kollektion\",\"item\":\"https:\\\/\\\/lucalifestyle.com\\\/de\\\/kollektion\\\/\"},{\"@type\":\"ListItem\",\"position\":3,\"name\":\"Pflanzk\u00fcbel\",\"item\":\"https:\\\/\\\/lucalifestyle.com\\\/de\\\/kollektion\\\/pflanzkuebeln\\\/\"},{\"@type\":\"ListItem\",\"position\":4,\"name\":\"Stretto\"}]},{\"@type\":\"WebSite\",\"@id\":\"https:\\\/\\\/lucalifestyle.com\\\/de\\\/#website\",\"url\":\"https:\\\/\\\/lucalifestyle.com\\\/de\\\/\",\"name\":\"Luca Lifestyle\",\"description\":\"Makes the world look better.\",\"publisher\":{\"@id\":\"https:\\\/\\\/lucalifestyle.com\\\/de\\\/#organization\"},\"alternateName\":\"Luca\",\"potentialAction\":[{\"@type\":\"SearchAction\",\"target\":{\"@type\":\"EntryPoint\",\"urlTemplate\":\"https:\\\/\\\/lucalifestyle.com\\\/de\\\/?s={search_term_string}\"},\"query-input\":{\"@type\":\"PropertyValueSpecification\",\"valueRequired\":true,\"valueName\":\"search_term_string\"}}],\"inLanguage\":\"de\"},{\"@type\":\"Organization\",\"@id\":\"https:\\\/\\\/lucalifestyle.com\\\/de\\\/#organization\",\"name\":\"Luca Lifestyle\",\"url\":\"https:\\\/\\\/lucalifestyle.com\\\/de\\\/\",\"logo\":{\"@type\":\"ImageObject\",\"inLanguage\":\"de\",\"@id\":\"https:\\\/\\\/lucalifestyle.com\\\/de\\\/#\\\/schema\\\/logo\\\/image\\\/\",\"url\":\"https:\\\/\\\/lucalifestyle.com\\\/wp-content\\\/uploads\\\/2026\\\/01\\\/Logo-Pinterest.jpg\",\"contentUrl\":\"https:\\\/\\\/lucalifestyle.com\\\/wp-content\\\/uploads\\\/2026\\\/01\\\/Logo-Pinterest.jpg\",\"width\":614,\"height\":648,\"caption\":\"Luca Lifestyle\"},\"image\":{\"@id\":\"https:\\\/\\\/lucalifestyle.com\\\/de\\\/#\\\/schema\\\/logo\\\/image\\\/\"},\"sameAs\":[\"https:\\\/\\\/www.facebook.com\\\/LucaLifestyle.nl\",\"https:\\\/\\\/www.instagram.com\\\/lucalifestyleofficial\\\/\",\"https:\\\/\\\/nl.pinterest.com\\\/lucalifestyle\\\/\",\"https:\\\/\\\/www.linkedin.com\\\/company\\\/luca-lifestyle\\\/\"]}]}<\/script>\n<!-- \/ Yoast SEO plugin. -->","yoast_head_json":{"title":"Stretto - Luca Lifestyle","robots":{"index":"index","follow":"follow","max-snippet":"max-snippet:-1","max-image-preview":"max-image-preview:large","max-video-preview":"max-video-preview:-1"},"canonical":"https:\/\/lucalifestyle.com\/de\/pflanzkuebeln\/stretto\/","og_locale":"de_DE","og_type":"article","og_title":"Stretto - Luca Lifestyle","og_description":"Stretto Die Stretto-Kollektion ist einzigartig in unserem Sortiment. Diese Pflanzgef\u00e4\u00dfe bestehen aus 100 % Polyester und werden umweltfreundlich und CO2-neutralproduziert. Die Innenseiten der eckige Pflanzgef\u00e4\u00dfe sind mit einer Styroporschicht versehen. Dadurch ist das Pflanzgef\u00e4\u00df immer isoliert. Kollektion ansehen Anthracite Nachstehend finden Sie eine \u00dcbersicht \u00fcber alle unsere T\u00f6pfe in verschiedenen Formen und Farben. F\u00fcr detaillierte&hellip;","og_url":"https:\/\/lucalifestyle.com\/de\/pflanzkuebeln\/stretto\/","og_site_name":"Luca Lifestyle","article_publisher":"https:\/\/www.facebook.com\/LucaLifestyle.nl","article_modified_time":"2025-05-06T09:36:59+00:00","og_image":[{"url":"https:\/\/lucalifestyle.com\/wp-content\/uploads\/2024\/02\/Stretto-Anthracite.jpg","type":"","width":"","height":""}],"twitter_card":"summary_large_image","twitter_misc":{"Gesch\u00e4tzte Lesezeit":"1\u00a0Minute"},"schema":{"@context":"https:\/\/schema.org","@graph":[{"@type":"WebPage","@id":"https:\/\/lucalifestyle.com\/de\/pflanzkuebeln\/stretto\/","url":"https:\/\/lucalifestyle.com\/de\/pflanzkuebeln\/stretto\/","name":"Stretto - Luca Lifestyle","isPartOf":{"@id":"https:\/\/lucalifestyle.com\/de\/#website"},"primaryImageOfPage":{"@id":"https:\/\/lucalifestyle.com\/de\/pflanzkuebeln\/stretto\/#primaryimage"},"image":{"@id":"https:\/\/lucalifestyle.com\/de\/pflanzkuebeln\/stretto\/#primaryimage"},"thumbnailUrl":"https:\/\/lucalifestyle.com\/wp-content\/uploads\/2024\/02\/Stretto-Anthracite.jpg","datePublished":"2025-03-31T10:02:49+00:00","dateModified":"2025-05-06T09:36:59+00:00","breadcrumb":{"@id":"https:\/\/lucalifestyle.com\/de\/pflanzkuebeln\/stretto\/#breadcrumb"},"inLanguage":"de","potentialAction":[{"@type":"ReadAction","target":["https:\/\/lucalifestyle.com\/de\/pflanzkuebeln\/stretto\/"]}]},{"@type":"ImageObject","inLanguage":"de","@id":"https:\/\/lucalifestyle.com\/de\/pflanzkuebeln\/stretto\/#primaryimage","url":"https:\/\/lucalifestyle.com\/wp-content\/uploads\/2024\/02\/Stretto-Anthracite.jpg","contentUrl":"https:\/\/lucalifestyle.com\/wp-content\/uploads\/2024\/02\/Stretto-Anthracite.jpg"},{"@type":"BreadcrumbList","@id":"https:\/\/lucalifestyle.com\/de\/pflanzkuebeln\/stretto\/#breadcrumb","itemListElement":[{"@type":"ListItem","position":1,"name":"Home","item":"https:\/\/lucalifestyle.com\/de\/"},{"@type":"ListItem","position":2,"name":"Kollektion","item":"https:\/\/lucalifestyle.com\/de\/kollektion\/"},{"@type":"ListItem","position":3,"name":"Pflanzk\u00fcbel","item":"https:\/\/lucalifestyle.com\/de\/kollektion\/pflanzkuebeln\/"},{"@type":"ListItem","position":4,"name":"Stretto"}]},{"@type":"WebSite","@id":"https:\/\/lucalifestyle.com\/de\/#website","url":"https:\/\/lucalifestyle.com\/de\/","name":"Luca Lifestyle","description":"Makes the world look better.","publisher":{"@id":"https:\/\/lucalifestyle.com\/de\/#organization"},"alternateName":"Luca","potentialAction":[{"@type":"SearchAction","target":{"@type":"EntryPoint","urlTemplate":"https:\/\/lucalifestyle.com\/de\/?s={search_term_string}"},"query-input":{"@type":"PropertyValueSpecification","valueRequired":true,"valueName":"search_term_string"}}],"inLanguage":"de"},{"@type":"Organization","@id":"https:\/\/lucalifestyle.com\/de\/#organization","name":"Luca Lifestyle","url":"https:\/\/lucalifestyle.com\/de\/","logo":{"@type":"ImageObject","inLanguage":"de","@id":"https:\/\/lucalifestyle.com\/de\/#\/schema\/logo\/image\/","url":"https:\/\/lucalifestyle.com\/wp-content\/uploads\/2026\/01\/Logo-Pinterest.jpg","contentUrl":"https:\/\/lucalifestyle.com\/wp-content\/uploads\/2026\/01\/Logo-Pinterest.jpg","width":614,"height":648,"caption":"Luca Lifestyle"},"image":{"@id":"https:\/\/lucalifestyle.com\/de\/#\/schema\/logo\/image\/"},"sameAs":["https:\/\/www.facebook.com\/LucaLifestyle.nl","https:\/\/www.instagram.com\/lucalifestyleofficial\/","https:\/\/nl.pinterest.com\/lucalifestyle\/","https:\/\/www.linkedin.com\/company\/luca-lifestyle\/"]}]}},"_links":{"self":[{"href":"https:\/\/lucalifestyle.com\/de\/wp-json\/wp\/v2\/pages\/12504","targetHints":{"allow":["GET"]}}],"collection":[{"href":"https:\/\/lucalifestyle.com\/de\/wp-json\/wp\/v2\/pages"}],"about":[{"href":"https:\/\/lucalifestyle.com\/de\/wp-json\/wp\/v2\/types\/page"}],"author":[{"embeddable":true,"href":"https:\/\/lucalifestyle.com\/de\/wp-json\/wp\/v2\/users\/20"}],"replies":[{"embeddable":true,"href":"https:\/\/lucalifestyle.com\/de\/wp-json\/wp\/v2\/comments?post=12504"}],"version-history":[{"count":0,"href":"https:\/\/lucalifestyle.com\/de\/wp-json\/wp\/v2\/pages\/12504\/revisions"}],"up":[{"embeddable":true,"href":"https:\/\/lucalifestyle.com\/de\/wp-json\/wp\/v2\/pages\/5197"}],"wp:attachment":[{"href":"https:\/\/lucalifestyle.com\/de\/wp-json\/wp\/v2\/media?parent=12504"}],"curies":[{"name":"wp","href":"https:\/\/api.w.org\/{rel}","templated":true}]}}