{"id":12502,"date":"2025-03-28T09:22:56","date_gmt":"2025-03-28T08:22:56","guid":{"rendered":"https:\/\/lucalifestyle.com\/ruvido\/"},"modified":"2025-05-06T10:02:22","modified_gmt":"2025-05-06T09:02:22","slug":"ruvido","status":"publish","type":"page","link":"https:\/\/lucalifestyle.com\/de\/pflanzkuebeln\/ruvido\/","title":{"rendered":"Ruvido"},"content":{"rendered":"\n\n\t<p>Ruvido<\/p>\n\t<p>Die Kollektion Ruvido bietet Pflanzgef\u00e4\u00dfe mit organischen Formen und markanten, kombinierten Strukturen. Diese Serie zeichnet sich durch einen verspielten und nat\u00fcrlichen Look aus, der jedem Raum eine einzigartige Atmosph\u00e4re verleiht. Dank ihres zeitlosen Designs sind die Pflanzgef\u00e4\u00dfe vielseitig einsetzbar.  <\/p>\n\t\t\t<a href=\"#vormen\" target=\"_self\"  role=\"button\">\n\t\t\t\t\t\tKollektion ansehen\n\t\t<\/a>\n\t\t\t\t<img loading=\"lazy\" decoding=\"async\" src=\"https:\/\/lucalifestyle.com\/wp-content\/uploads\/2024\/12\/Ruvido-Sand.jpg\" alt=\"Ruvido-Sand\" itemprop=\"image\" height=\"282\" width=\"600\" title=\"Ruvido-Sand\" onerror=\"this.style.display='none'\"  \/>\n\t<p>Sand<\/p>\n\t\t\t\t<img loading=\"lazy\" decoding=\"async\" src=\"https:\/\/lucalifestyle.com\/wp-content\/uploads\/2024\/12\/Ruvido-Clay.jpg\" alt=\"Ruvido-Clay\" itemprop=\"image\" height=\"282\" width=\"600\" title=\"Ruvido-Clay\" onerror=\"this.style.display='none'\"  \/>\n\t<p>Clay<\/p>\n\t\t\t\t<img loading=\"lazy\" decoding=\"async\" src=\"https:\/\/lucalifestyle.com\/wp-content\/uploads\/2024\/12\/Ruvido-Earth.jpg\" alt=\"Ruvido-Earth\" itemprop=\"image\" height=\"282\" width=\"600\" title=\"Ruvido-Earth\" onerror=\"this.style.display='none'\"  \/>\n\t<p>Earth<\/p>\n\tNachstehend finden Sie eine \u00dcbersicht \u00fcber alle unsere T\u00f6pfe in verschiedenen Formen und Farben.<br \/>\nF\u00fcr detaillierte Informationen, wie Gr\u00f6\u00dfen und Gewichte, loggen Sie sich in unser <a href=\"https:\/\/portal.lucalifestyle.com\/\" target=\"_blank\" rel=\"noopener\"><strong data-start=\"261\" data-end=\"276\" data-is-only-node=\"\">B2B-Portal<\/strong><\/a> ein. Dort k\u00f6nnen Sie als registrierter Benutzer alle Spezifikationen einsehen und direkt bestellen.\n\t\t\t\tAlle\n\t\t\t<ul>\n\t\t\t\t\t\t\t\t<li id=\"pp-gallery--0\" data-filter=\"*\">Alle<\/li>\n\t\t\t\t\t\t\t<li id=\"pp-gallery--1\" data-filter=\".pp-group-1\">Sand<\/li><li id=\"pp-gallery--2\" data-filter=\".pp-group-2\">Clay<\/li><li id=\"pp-gallery--3\" data-filter=\".pp-group-3\">Earth<\/li>\t\t\t<\/ul>\n\t\t\t\t\t\t\t\t<a href=\"https:\/\/lucalifestyle.com\/wp-content\/uploads\/2025\/03\/Ruvido-Combi-Sand-1-1024x1024.jpg\" target=\"_self\">\n\t\t\t\t<img loading=\"lazy\" decoding=\"async\" src=\"https:\/\/lucalifestyle.com\/wp-content\/uploads\/2025\/03\/Ruvido-Combi-Sand-1-300x300.jpg\" alt=\"\" data-no-lazy=\"1\" width=\"300\" height=\"300\" \/>\n\t\t\t\t\t\t\t\t\t<!-- overlay start -->\n\t\t\t\t\t\t\t\t\tRuvido Combi &#8211; Sand\t\t\t\t\t\t\t\t\n\t\t\t\t\t<!-- overlay end -->\n\t\t\t\t\t\t\t\t<\/a>\n\t\t\t\t\t\t\t\t<a href=\"https:\/\/lucalifestyle.com\/wp-content\/uploads\/2025\/03\/Ruvido-Organic-Sand-1024x1024.jpg\" target=\"_self\">\n\t\t\t\t<img loading=\"lazy\" decoding=\"async\" src=\"https:\/\/lucalifestyle.com\/wp-content\/uploads\/2025\/03\/Ruvido-Organic-Sand-300x300.jpg\" alt=\"\" data-no-lazy=\"1\" width=\"300\" height=\"300\" \/>\n\t\t\t\t\t\t\t\t\t<!-- overlay start -->\n\t\t\t\t\t\t\t\t\tRuvido Organic &#8211; Sand\t\t\t\t\t\t\t\t\n\t\t\t\t\t<!-- overlay end -->\n\t\t\t\t\t\t\t\t<\/a>\n\t\t\t\t\t\t\t\t<a href=\"https:\/\/lucalifestyle.com\/wp-content\/uploads\/2025\/03\/Ruvido-Organic-Low-Sand-1-1024x1024.jpg\" target=\"_self\">\n\t\t\t\t<img loading=\"lazy\" decoding=\"async\" src=\"https:\/\/lucalifestyle.com\/wp-content\/uploads\/2025\/03\/Ruvido-Organic-Low-Sand-1-300x300.jpg\" alt=\"\" data-no-lazy=\"1\" width=\"300\" height=\"300\" \/>\n\t\t\t\t\t\t\t\t\t<!-- overlay start -->\n\t\t\t\t\t\t\t\t\tRuvido Organic Low &#8211; Sand\t\t\t\t\t\t\t\t\n\t\t\t\t\t<!-- overlay end -->\n\t\t\t\t\t\t\t\t<\/a>\n\t\t\t\t\t\t\t\t<a href=\"https:\/\/lucalifestyle.com\/wp-content\/uploads\/2025\/03\/Ruvido-Combi-Clay-1024x1024.jpg\" target=\"_self\">\n\t\t\t\t<img loading=\"lazy\" decoding=\"async\" src=\"https:\/\/lucalifestyle.com\/wp-content\/uploads\/2025\/03\/Ruvido-Combi-Clay-300x300.jpg\" alt=\"\" data-no-lazy=\"1\" width=\"300\" height=\"300\" \/>\n\t\t\t\t\t\t\t\t\t<!-- overlay start -->\n\t\t\t\t\t\t\t\t\tRuvido Combi &#8211; Clay\t\t\t\t\t\t\t\t\n\t\t\t\t\t<!-- overlay end -->\n\t\t\t\t\t\t\t\t<\/a>\n\t\t\t\t\t\t\t\t<a href=\"https:\/\/lucalifestyle.com\/wp-content\/uploads\/2025\/03\/Ruvido-Organic-Clay-1024x1024.jpg\" target=\"_self\">\n\t\t\t\t<img loading=\"lazy\" decoding=\"async\" src=\"https:\/\/lucalifestyle.com\/wp-content\/uploads\/2025\/03\/Ruvido-Organic-Clay-300x300.jpg\" alt=\"\" data-no-lazy=\"1\" width=\"300\" height=\"300\" \/>\n\t\t\t\t\t\t\t\t\t<!-- overlay start -->\n\t\t\t\t\t\t\t\t\tRuvido Organic &#8211; Clay\t\t\t\t\t\t\t\t\n\t\t\t\t\t<!-- overlay end -->\n\t\t\t\t\t\t\t\t<\/a>\n\t\t\t\t\t\t\t\t<a href=\"https:\/\/lucalifestyle.com\/wp-content\/uploads\/2025\/03\/Ruvido-Organic-Low-Clay-1-1024x1024.jpg\" target=\"_self\">\n\t\t\t\t<img loading=\"lazy\" decoding=\"async\" src=\"https:\/\/lucalifestyle.com\/wp-content\/uploads\/2025\/03\/Ruvido-Organic-Low-Clay-1-300x300.jpg\" alt=\"\" data-no-lazy=\"1\" width=\"300\" height=\"300\" \/>\n\t\t\t\t\t\t\t\t\t<!-- overlay start -->\n\t\t\t\t\t\t\t\t\tRuvido Organic Low &#8211; Clay\t\t\t\t\t\t\t\t\n\t\t\t\t\t<!-- overlay end -->\n\t\t\t\t\t\t\t\t<\/a>\n\t\t\t\t\t\t\t\t<a href=\"https:\/\/lucalifestyle.com\/wp-content\/uploads\/2025\/03\/Ruvido-Combi-Earth-1024x1024.jpg\" target=\"_self\">\n\t\t\t\t<img loading=\"lazy\" decoding=\"async\" src=\"https:\/\/lucalifestyle.com\/wp-content\/uploads\/2025\/03\/Ruvido-Combi-Earth-300x300.jpg\" alt=\"\" data-no-lazy=\"1\" width=\"300\" height=\"300\" \/>\n\t\t\t\t\t\t\t\t\t<!-- overlay start -->\n\t\t\t\t\t\t\t\t\tRuvido Combi &#8211; Earth\t\t\t\t\t\t\t\t\n\t\t\t\t\t<!-- overlay end -->\n\t\t\t\t\t\t\t\t<\/a>\n\t\t\t\t\t\t\t\t<a href=\"https:\/\/lucalifestyle.com\/wp-content\/uploads\/2025\/03\/Ruvido-Organic-Earth-1024x1024.jpg\" target=\"_self\">\n\t\t\t\t<img loading=\"lazy\" decoding=\"async\" src=\"https:\/\/lucalifestyle.com\/wp-content\/uploads\/2025\/03\/Ruvido-Organic-Earth-300x300.jpg\" alt=\"\" data-no-lazy=\"1\" width=\"300\" height=\"300\" \/>\n\t\t\t\t\t\t\t\t\t<!-- overlay start -->\n\t\t\t\t\t\t\t\t\tRuvido Organic &#8211; Earth\t\t\t\t\t\t\t\t\n\t\t\t\t\t<!-- overlay end -->\n\t\t\t\t\t\t\t\t<\/a>\n\t\t\t\t\t\t\t\t<a href=\"https:\/\/lucalifestyle.com\/wp-content\/uploads\/2025\/03\/Ruvido-Organic-Low-Earth-1-1024x1024.jpg\" target=\"_self\">\n\t\t\t\t<img loading=\"lazy\" decoding=\"async\" src=\"https:\/\/lucalifestyle.com\/wp-content\/uploads\/2025\/03\/Ruvido-Organic-Low-Earth-1-300x300.jpg\" alt=\"\" data-no-lazy=\"1\" width=\"300\" height=\"300\" \/>\n\t\t\t\t\t\t\t\t\t<!-- overlay start -->\n\t\t\t\t\t\t\t\t\tRuvido Organic Low &#8211; Earth\t\t\t\t\t\t\t\t\n\t\t\t\t\t<!-- overlay end -->\n\t\t\t\t\t\t\t\t<\/a>\n\t\t\t<a href=\"https:\/\/portal.lucalifestyle.com\/catalog?tn_cid=3&#038;tn_fk_cf=Ruvido\" target=\"_blank\" rel=\"noopener\"class=\"uabb-button uabb-creative-button uabb-creative-default-btn   \"  role=\"button\">\n\t\t\t\t\t\tAnsicht in unserem B2B-Portal\n\t\t<\/a>\n\n","protected":false},"excerpt":{"rendered":"<p>Ruvido Die Kollektion Ruvido bietet Pflanzgef\u00e4\u00dfe mit organischen Formen und markanten, kombinierten Strukturen. Diese Serie zeichnet sich durch einen verspielten und nat\u00fcrlichen Look aus, der jedem Raum eine einzigartige Atmosph\u00e4re verleiht. Dank ihres zeitlosen Designs sind die Pflanzgef\u00e4\u00dfe vielseitig einsetzbar. Kollektion ansehen Sand Clay Earth Nachstehend finden Sie eine \u00dcbersicht \u00fcber alle unsere T\u00f6pfe in&hellip;<\/p>\n","protected":false},"author":20,"featured_media":0,"parent":5197,"menu_order":0,"comment_status":"closed","ping_status":"closed","template":"","meta":{"footnotes":""},"class_list":["post-12502","page","type-page","status-publish","hentry"],"yoast_head":"<!-- This site is optimized with the Yoast SEO plugin v27.3 - https:\/\/yoast.com\/product\/yoast-seo-wordpress\/ -->\n<title>Ruvido - Luca Lifestyle<\/title>\n<meta name=\"robots\" content=\"index, follow, max-snippet:-1, max-image-preview:large, max-video-preview:-1\" \/>\n<link rel=\"canonical\" href=\"https:\/\/lucalifestyle.com\/de\/pflanzkuebeln\/ruvido\/\" \/>\n<meta property=\"og:locale\" content=\"de_DE\" \/>\n<meta property=\"og:type\" content=\"article\" \/>\n<meta property=\"og:title\" content=\"Ruvido - Luca Lifestyle\" \/>\n<meta property=\"og:description\" content=\"Ruvido Die Kollektion Ruvido bietet Pflanzgef\u00e4\u00dfe mit organischen Formen und markanten, kombinierten Strukturen. Diese Serie zeichnet sich durch einen verspielten und nat\u00fcrlichen Look aus, der jedem Raum eine einzigartige Atmosph\u00e4re verleiht. Dank ihres zeitlosen Designs sind die Pflanzgef\u00e4\u00dfe vielseitig einsetzbar. Kollektion ansehen Sand Clay Earth Nachstehend finden Sie eine \u00dcbersicht \u00fcber alle unsere T\u00f6pfe in&hellip;\" \/>\n<meta property=\"og:url\" content=\"https:\/\/lucalifestyle.com\/de\/pflanzkuebeln\/ruvido\/\" \/>\n<meta property=\"og:site_name\" content=\"Luca Lifestyle\" \/>\n<meta property=\"article:publisher\" content=\"https:\/\/www.facebook.com\/LucaLifestyle.nl\" \/>\n<meta property=\"article:modified_time\" content=\"2025-05-06T09:02:22+00:00\" \/>\n<meta property=\"og:image\" content=\"https:\/\/lucalifestyle.com\/wp-content\/uploads\/2024\/12\/Ruvido-Sand.jpg\" \/>\n<meta name=\"twitter:card\" content=\"summary_large_image\" \/>\n<meta name=\"twitter:label1\" content=\"Gesch\u00e4tzte Lesezeit\" \/>\n\t<meta name=\"twitter:data1\" content=\"1\u00a0Minute\" \/>\n<script type=\"application\/ld+json\" class=\"yoast-schema-graph\">{\"@context\":\"https:\\\/\\\/schema.org\",\"@graph\":[{\"@type\":\"WebPage\",\"@id\":\"https:\\\/\\\/lucalifestyle.com\\\/de\\\/pflanzkuebeln\\\/ruvido\\\/\",\"url\":\"https:\\\/\\\/lucalifestyle.com\\\/de\\\/pflanzkuebeln\\\/ruvido\\\/\",\"name\":\"Ruvido - Luca Lifestyle\",\"isPartOf\":{\"@id\":\"https:\\\/\\\/lucalifestyle.com\\\/de\\\/#website\"},\"primaryImageOfPage\":{\"@id\":\"https:\\\/\\\/lucalifestyle.com\\\/de\\\/pflanzkuebeln\\\/ruvido\\\/#primaryimage\"},\"image\":{\"@id\":\"https:\\\/\\\/lucalifestyle.com\\\/de\\\/pflanzkuebeln\\\/ruvido\\\/#primaryimage\"},\"thumbnailUrl\":\"https:\\\/\\\/lucalifestyle.com\\\/wp-content\\\/uploads\\\/2024\\\/12\\\/Ruvido-Sand.jpg\",\"datePublished\":\"2025-03-28T08:22:56+00:00\",\"dateModified\":\"2025-05-06T09:02:22+00:00\",\"breadcrumb\":{\"@id\":\"https:\\\/\\\/lucalifestyle.com\\\/de\\\/pflanzkuebeln\\\/ruvido\\\/#breadcrumb\"},\"inLanguage\":\"de\",\"potentialAction\":[{\"@type\":\"ReadAction\",\"target\":[\"https:\\\/\\\/lucalifestyle.com\\\/de\\\/pflanzkuebeln\\\/ruvido\\\/\"]}]},{\"@type\":\"ImageObject\",\"inLanguage\":\"de\",\"@id\":\"https:\\\/\\\/lucalifestyle.com\\\/de\\\/pflanzkuebeln\\\/ruvido\\\/#primaryimage\",\"url\":\"https:\\\/\\\/lucalifestyle.com\\\/wp-content\\\/uploads\\\/2024\\\/12\\\/Ruvido-Sand.jpg\",\"contentUrl\":\"https:\\\/\\\/lucalifestyle.com\\\/wp-content\\\/uploads\\\/2024\\\/12\\\/Ruvido-Sand.jpg\"},{\"@type\":\"BreadcrumbList\",\"@id\":\"https:\\\/\\\/lucalifestyle.com\\\/de\\\/pflanzkuebeln\\\/ruvido\\\/#breadcrumb\",\"itemListElement\":[{\"@type\":\"ListItem\",\"position\":1,\"name\":\"Home\",\"item\":\"https:\\\/\\\/lucalifestyle.com\\\/de\\\/\"},{\"@type\":\"ListItem\",\"position\":2,\"name\":\"Kollektion\",\"item\":\"https:\\\/\\\/lucalifestyle.com\\\/de\\\/kollektion\\\/\"},{\"@type\":\"ListItem\",\"position\":3,\"name\":\"Pflanzk\u00fcbel\",\"item\":\"https:\\\/\\\/lucalifestyle.com\\\/de\\\/kollektion\\\/pflanzkuebeln\\\/\"},{\"@type\":\"ListItem\",\"position\":4,\"name\":\"Ruvido\"}]},{\"@type\":\"WebSite\",\"@id\":\"https:\\\/\\\/lucalifestyle.com\\\/de\\\/#website\",\"url\":\"https:\\\/\\\/lucalifestyle.com\\\/de\\\/\",\"name\":\"Luca Lifestyle\",\"description\":\"Makes the world look better.\",\"publisher\":{\"@id\":\"https:\\\/\\\/lucalifestyle.com\\\/de\\\/#organization\"},\"alternateName\":\"Luca\",\"potentialAction\":[{\"@type\":\"SearchAction\",\"target\":{\"@type\":\"EntryPoint\",\"urlTemplate\":\"https:\\\/\\\/lucalifestyle.com\\\/de\\\/?s={search_term_string}\"},\"query-input\":{\"@type\":\"PropertyValueSpecification\",\"valueRequired\":true,\"valueName\":\"search_term_string\"}}],\"inLanguage\":\"de\"},{\"@type\":\"Organization\",\"@id\":\"https:\\\/\\\/lucalifestyle.com\\\/de\\\/#organization\",\"name\":\"Luca Lifestyle\",\"url\":\"https:\\\/\\\/lucalifestyle.com\\\/de\\\/\",\"logo\":{\"@type\":\"ImageObject\",\"inLanguage\":\"de\",\"@id\":\"https:\\\/\\\/lucalifestyle.com\\\/de\\\/#\\\/schema\\\/logo\\\/image\\\/\",\"url\":\"https:\\\/\\\/lucalifestyle.com\\\/wp-content\\\/uploads\\\/2026\\\/01\\\/Logo-Pinterest.jpg\",\"contentUrl\":\"https:\\\/\\\/lucalifestyle.com\\\/wp-content\\\/uploads\\\/2026\\\/01\\\/Logo-Pinterest.jpg\",\"width\":614,\"height\":648,\"caption\":\"Luca Lifestyle\"},\"image\":{\"@id\":\"https:\\\/\\\/lucalifestyle.com\\\/de\\\/#\\\/schema\\\/logo\\\/image\\\/\"},\"sameAs\":[\"https:\\\/\\\/www.facebook.com\\\/LucaLifestyle.nl\",\"https:\\\/\\\/www.instagram.com\\\/lucalifestyleofficial\\\/\",\"https:\\\/\\\/nl.pinterest.com\\\/lucalifestyle\\\/\",\"https:\\\/\\\/www.linkedin.com\\\/company\\\/luca-lifestyle\\\/\"]}]}<\/script>\n<!-- \/ Yoast SEO plugin. -->","yoast_head_json":{"title":"Ruvido - Luca Lifestyle","robots":{"index":"index","follow":"follow","max-snippet":"max-snippet:-1","max-image-preview":"max-image-preview:large","max-video-preview":"max-video-preview:-1"},"canonical":"https:\/\/lucalifestyle.com\/de\/pflanzkuebeln\/ruvido\/","og_locale":"de_DE","og_type":"article","og_title":"Ruvido - Luca Lifestyle","og_description":"Ruvido Die Kollektion Ruvido bietet Pflanzgef\u00e4\u00dfe mit organischen Formen und markanten, kombinierten Strukturen. Diese Serie zeichnet sich durch einen verspielten und nat\u00fcrlichen Look aus, der jedem Raum eine einzigartige Atmosph\u00e4re verleiht. Dank ihres zeitlosen Designs sind die Pflanzgef\u00e4\u00dfe vielseitig einsetzbar. Kollektion ansehen Sand Clay Earth Nachstehend finden Sie eine \u00dcbersicht \u00fcber alle unsere T\u00f6pfe in&hellip;","og_url":"https:\/\/lucalifestyle.com\/de\/pflanzkuebeln\/ruvido\/","og_site_name":"Luca Lifestyle","article_publisher":"https:\/\/www.facebook.com\/LucaLifestyle.nl","article_modified_time":"2025-05-06T09:02:22+00:00","og_image":[{"url":"https:\/\/lucalifestyle.com\/wp-content\/uploads\/2024\/12\/Ruvido-Sand.jpg","type":"","width":"","height":""}],"twitter_card":"summary_large_image","twitter_misc":{"Gesch\u00e4tzte Lesezeit":"1\u00a0Minute"},"schema":{"@context":"https:\/\/schema.org","@graph":[{"@type":"WebPage","@id":"https:\/\/lucalifestyle.com\/de\/pflanzkuebeln\/ruvido\/","url":"https:\/\/lucalifestyle.com\/de\/pflanzkuebeln\/ruvido\/","name":"Ruvido - Luca Lifestyle","isPartOf":{"@id":"https:\/\/lucalifestyle.com\/de\/#website"},"primaryImageOfPage":{"@id":"https:\/\/lucalifestyle.com\/de\/pflanzkuebeln\/ruvido\/#primaryimage"},"image":{"@id":"https:\/\/lucalifestyle.com\/de\/pflanzkuebeln\/ruvido\/#primaryimage"},"thumbnailUrl":"https:\/\/lucalifestyle.com\/wp-content\/uploads\/2024\/12\/Ruvido-Sand.jpg","datePublished":"2025-03-28T08:22:56+00:00","dateModified":"2025-05-06T09:02:22+00:00","breadcrumb":{"@id":"https:\/\/lucalifestyle.com\/de\/pflanzkuebeln\/ruvido\/#breadcrumb"},"inLanguage":"de","potentialAction":[{"@type":"ReadAction","target":["https:\/\/lucalifestyle.com\/de\/pflanzkuebeln\/ruvido\/"]}]},{"@type":"ImageObject","inLanguage":"de","@id":"https:\/\/lucalifestyle.com\/de\/pflanzkuebeln\/ruvido\/#primaryimage","url":"https:\/\/lucalifestyle.com\/wp-content\/uploads\/2024\/12\/Ruvido-Sand.jpg","contentUrl":"https:\/\/lucalifestyle.com\/wp-content\/uploads\/2024\/12\/Ruvido-Sand.jpg"},{"@type":"BreadcrumbList","@id":"https:\/\/lucalifestyle.com\/de\/pflanzkuebeln\/ruvido\/#breadcrumb","itemListElement":[{"@type":"ListItem","position":1,"name":"Home","item":"https:\/\/lucalifestyle.com\/de\/"},{"@type":"ListItem","position":2,"name":"Kollektion","item":"https:\/\/lucalifestyle.com\/de\/kollektion\/"},{"@type":"ListItem","position":3,"name":"Pflanzk\u00fcbel","item":"https:\/\/lucalifestyle.com\/de\/kollektion\/pflanzkuebeln\/"},{"@type":"ListItem","position":4,"name":"Ruvido"}]},{"@type":"WebSite","@id":"https:\/\/lucalifestyle.com\/de\/#website","url":"https:\/\/lucalifestyle.com\/de\/","name":"Luca Lifestyle","description":"Makes the world look better.","publisher":{"@id":"https:\/\/lucalifestyle.com\/de\/#organization"},"alternateName":"Luca","potentialAction":[{"@type":"SearchAction","target":{"@type":"EntryPoint","urlTemplate":"https:\/\/lucalifestyle.com\/de\/?s={search_term_string}"},"query-input":{"@type":"PropertyValueSpecification","valueRequired":true,"valueName":"search_term_string"}}],"inLanguage":"de"},{"@type":"Organization","@id":"https:\/\/lucalifestyle.com\/de\/#organization","name":"Luca Lifestyle","url":"https:\/\/lucalifestyle.com\/de\/","logo":{"@type":"ImageObject","inLanguage":"de","@id":"https:\/\/lucalifestyle.com\/de\/#\/schema\/logo\/image\/","url":"https:\/\/lucalifestyle.com\/wp-content\/uploads\/2026\/01\/Logo-Pinterest.jpg","contentUrl":"https:\/\/lucalifestyle.com\/wp-content\/uploads\/2026\/01\/Logo-Pinterest.jpg","width":614,"height":648,"caption":"Luca Lifestyle"},"image":{"@id":"https:\/\/lucalifestyle.com\/de\/#\/schema\/logo\/image\/"},"sameAs":["https:\/\/www.facebook.com\/LucaLifestyle.nl","https:\/\/www.instagram.com\/lucalifestyleofficial\/","https:\/\/nl.pinterest.com\/lucalifestyle\/","https:\/\/www.linkedin.com\/company\/luca-lifestyle\/"]}]}},"_links":{"self":[{"href":"https:\/\/lucalifestyle.com\/de\/wp-json\/wp\/v2\/pages\/12502","targetHints":{"allow":["GET"]}}],"collection":[{"href":"https:\/\/lucalifestyle.com\/de\/wp-json\/wp\/v2\/pages"}],"about":[{"href":"https:\/\/lucalifestyle.com\/de\/wp-json\/wp\/v2\/types\/page"}],"author":[{"embeddable":true,"href":"https:\/\/lucalifestyle.com\/de\/wp-json\/wp\/v2\/users\/20"}],"replies":[{"embeddable":true,"href":"https:\/\/lucalifestyle.com\/de\/wp-json\/wp\/v2\/comments?post=12502"}],"version-history":[{"count":0,"href":"https:\/\/lucalifestyle.com\/de\/wp-json\/wp\/v2\/pages\/12502\/revisions"}],"up":[{"embeddable":true,"href":"https:\/\/lucalifestyle.com\/de\/wp-json\/wp\/v2\/pages\/5197"}],"wp:attachment":[{"href":"https:\/\/lucalifestyle.com\/de\/wp-json\/wp\/v2\/media?parent=12502"}],"curies":[{"name":"wp","href":"https:\/\/api.w.org\/{rel}","templated":true}]}}