{"id":12498,"date":"2025-03-27T16:40:16","date_gmt":"2025-03-27T15:40:16","guid":{"rendered":"https:\/\/lucalifestyle.com\/bordo\/"},"modified":"2025-05-06T09:57:35","modified_gmt":"2025-05-06T08:57:35","slug":"bordo","status":"publish","type":"page","link":"https:\/\/lucalifestyle.com\/de\/pflanzkuebeln\/bordo\/","title":{"rendered":"Bordo"},"content":{"rendered":"\n\n\t<p>Bordo<\/p>\n\t<p>Die Bordo-Kollektion besteht aus einer Kombination aus raffinierten Texturen und nat\u00fcrlichen Farben. Die detaillierten Kanten verleihen den Pflanz-gef\u00e4\u00dfen einen einzigartigen Charakter innerhalb der Kollektion. <\/p>\n\t\t\t<a href=\"#vormen\" target=\"_self\"  role=\"button\">\n\t\t\t\t\t\tKollektion ansehen\n\t\t<\/a>\n\t\t\t\t<img loading=\"lazy\" decoding=\"async\" src=\"https:\/\/lucalifestyle.com\/wp-content\/uploads\/2024\/02\/Bordo-Sand.jpg\" alt=\"Bordo-Sand\" itemprop=\"image\" height=\"282\" width=\"600\" title=\"Bordo-Sand\" onerror=\"this.style.display='none'\"  \/>\n\t<p>Sand<\/p>\n\t\t\t\t<img loading=\"lazy\" decoding=\"async\" src=\"https:\/\/lucalifestyle.com\/wp-content\/uploads\/2024\/02\/Bordo-Clay.jpg\" alt=\"Bordo-Clay\" itemprop=\"image\" height=\"282\" width=\"600\" title=\"Bordo-Clay\" onerror=\"this.style.display='none'\"  \/>\n\t<p>Clay<\/p>\n\t\t\t\t<img loading=\"lazy\" decoding=\"async\" src=\"https:\/\/lucalifestyle.com\/wp-content\/uploads\/2024\/02\/Bordo-Earth.jpg\" alt=\"Bordo-Earth\" itemprop=\"image\" height=\"282\" width=\"600\" title=\"Bordo-Earth\" onerror=\"this.style.display='none'\"  \/>\n\t<p>Earth<\/p>\n\tNachstehend finden Sie eine \u00dcbersicht \u00fcber alle unsere T\u00f6pfe in verschiedenen Formen und Farben.<br \/>\nF\u00fcr detaillierte Informationen, wie Gr\u00f6\u00dfen und Gewichte, loggen Sie sich in unser <a href=\"https:\/\/portal.lucalifestyle.com\/\" target=\"_blank\" rel=\"noopener\"><strong data-start=\"261\" data-end=\"276\" data-is-only-node=\"\">B2B-Portal<\/strong><\/a> ein. Dort k\u00f6nnen Sie als registrierter Benutzer alle Spezifikationen einsehen und Ihre Bestellung direkt aufgeben.\n\t\t\t\tAlle\n\t\t\t<ul>\n\t\t\t\t\t\t\t\t<li id=\"pp-gallery--0\" data-filter=\"*\">Alle<\/li>\n\t\t\t\t\t\t\t<li id=\"pp-gallery--1\" data-filter=\".pp-group-1\">Sand<\/li><li id=\"pp-gallery--2\" data-filter=\".pp-group-2\">Clay<\/li><li id=\"pp-gallery--3\" data-filter=\".pp-group-3\">Earth<\/li>\t\t\t<\/ul>\n\t\t\t\t\t\t\t\t<a href=\"https:\/\/lucalifestyle.com\/wp-content\/uploads\/2025\/03\/Bordo-Balloon-Sand-1-1024x1024.jpg\" target=\"_self\">\n\t\t\t\t<img loading=\"lazy\" decoding=\"async\" src=\"https:\/\/lucalifestyle.com\/wp-content\/uploads\/2025\/03\/Bordo-Balloon-Sand-1-300x300.jpg\" alt=\"\" data-no-lazy=\"1\" width=\"300\" height=\"300\" \/>\n\t\t\t\t\t\t\t\t\t<!-- overlay start -->\n\t\t\t\t\t\t\t\t\tBordo Balloon &#8211; Sand\t\t\t\t\t\t\t\t\n\t\t\t\t\t<!-- overlay end -->\n\t\t\t\t\t\t\t\t<\/a>\n\t\t\t\t\t\t\t\t<a href=\"https:\/\/lucalifestyle.com\/wp-content\/uploads\/2025\/03\/Bordo-Tall-Balloon-Sand-1-1024x1024.jpg\" target=\"_self\">\n\t\t\t\t<img loading=\"lazy\" decoding=\"async\" src=\"https:\/\/lucalifestyle.com\/wp-content\/uploads\/2025\/03\/Bordo-Tall-Balloon-Sand-1-300x300.jpg\" alt=\"\" data-no-lazy=\"1\" width=\"300\" height=\"300\" \/>\n\t\t\t\t\t\t\t\t\t<!-- overlay start -->\n\t\t\t\t\t\t\t\t\tBordo Tall Balloon &#8211; Sand\t\t\t\t\t\t\t\t\n\t\t\t\t\t<!-- overlay end -->\n\t\t\t\t\t\t\t\t<\/a>\n\t\t\t\t\t\t\t\t<a href=\"https:\/\/lucalifestyle.com\/wp-content\/uploads\/2025\/03\/Bordo-New-Egg-Pot-Sand-1024x1024.jpg\" target=\"_self\">\n\t\t\t\t<img loading=\"lazy\" decoding=\"async\" src=\"https:\/\/lucalifestyle.com\/wp-content\/uploads\/2025\/03\/Bordo-New-Egg-Pot-Sand-300x300.jpg\" alt=\"\" data-no-lazy=\"1\" width=\"300\" height=\"300\" \/>\n\t\t\t\t\t\t\t\t\t<!-- overlay start -->\n\t\t\t\t\t\t\t\t\tBordo New Egg Pot &#8211; Sand\t\t\t\t\t\t\t\t\n\t\t\t\t\t<!-- overlay end -->\n\t\t\t\t\t\t\t\t<\/a>\n\t\t\t\t\t\t\t\t<a href=\"https:\/\/lucalifestyle.com\/wp-content\/uploads\/2025\/03\/Bordo-New-Egg-Pot-Low-Sand-1024x1024.jpg\" target=\"_self\">\n\t\t\t\t<img loading=\"lazy\" decoding=\"async\" src=\"https:\/\/lucalifestyle.com\/wp-content\/uploads\/2025\/03\/Bordo-New-Egg-Pot-Low-Sand-300x300.jpg\" alt=\"\" data-no-lazy=\"1\" width=\"300\" height=\"300\" \/>\n\t\t\t\t\t\t\t\t\t<!-- overlay start -->\n\t\t\t\t\t\t\t\t\tBordo New Egg Pot Low &#8211; Sand\t\t\t\t\t\t\t\t\n\t\t\t\t\t<!-- overlay end -->\n\t\t\t\t\t\t\t\t<\/a>\n\t\t\t\t\t\t\t\t<a href=\"https:\/\/lucalifestyle.com\/wp-content\/uploads\/2025\/03\/Bordo-Modern-Vase-Sand-1024x1024.jpg\" target=\"_self\">\n\t\t\t\t<img loading=\"lazy\" decoding=\"async\" src=\"https:\/\/lucalifestyle.com\/wp-content\/uploads\/2025\/03\/Bordo-Modern-Vase-Sand-300x300.jpg\" alt=\"\" data-no-lazy=\"1\" width=\"300\" height=\"300\" \/>\n\t\t\t\t\t\t\t\t\t<!-- overlay start -->\n\t\t\t\t\t\t\t\t\tBordo Modern Vase &#8211; Sand\t\t\t\t\t\t\t\t\n\t\t\t\t\t<!-- overlay end -->\n\t\t\t\t\t\t\t\t<\/a>\n\t\t\t\t\t\t\t\t<a href=\"https:\/\/lucalifestyle.com\/wp-content\/uploads\/2025\/03\/Bordo-Balloon-Clay-1-1024x1024.jpg\" target=\"_self\">\n\t\t\t\t<img loading=\"lazy\" decoding=\"async\" src=\"https:\/\/lucalifestyle.com\/wp-content\/uploads\/2025\/03\/Bordo-Balloon-Clay-1-300x300.jpg\" alt=\"\" data-no-lazy=\"1\" width=\"300\" height=\"300\" \/>\n\t\t\t\t\t\t\t\t\t<!-- overlay start -->\n\t\t\t\t\t\t\t\t\tBordo Balloon &#8211; Clay\t\t\t\t\t\t\t\t\n\t\t\t\t\t<!-- overlay end -->\n\t\t\t\t\t\t\t\t<\/a>\n\t\t\t\t\t\t\t\t<a href=\"https:\/\/lucalifestyle.com\/wp-content\/uploads\/2025\/03\/Bordo-Tall-Balloon-Clay-1024x1024.jpg\" target=\"_self\">\n\t\t\t\t<img loading=\"lazy\" decoding=\"async\" src=\"https:\/\/lucalifestyle.com\/wp-content\/uploads\/2025\/03\/Bordo-Tall-Balloon-Clay-300x300.jpg\" alt=\"\" data-no-lazy=\"1\" width=\"300\" height=\"300\" \/>\n\t\t\t\t\t\t\t\t\t<!-- overlay start -->\n\t\t\t\t\t\t\t\t\tBordo Tall Balloon &#8211; Clay\t\t\t\t\t\t\t\t\n\t\t\t\t\t<!-- overlay end -->\n\t\t\t\t\t\t\t\t<\/a>\n\t\t\t\t\t\t\t\t<a href=\"https:\/\/lucalifestyle.com\/wp-content\/uploads\/2025\/03\/Bordo-New-Egg-Pot-Clay-1024x1024.jpg\" target=\"_self\">\n\t\t\t\t<img loading=\"lazy\" decoding=\"async\" src=\"https:\/\/lucalifestyle.com\/wp-content\/uploads\/2025\/03\/Bordo-New-Egg-Pot-Clay-300x300.jpg\" alt=\"\" data-no-lazy=\"1\" width=\"300\" height=\"300\" \/>\n\t\t\t\t\t\t\t\t\t<!-- overlay start -->\n\t\t\t\t\t\t\t\t\tBordo New Egg Pot &#8211; Clay\t\t\t\t\t\t\t\t\n\t\t\t\t\t<!-- overlay end -->\n\t\t\t\t\t\t\t\t<\/a>\n\t\t\t\t\t\t\t\t<a href=\"https:\/\/lucalifestyle.com\/wp-content\/uploads\/2025\/03\/Bordo-New-Egg-Pot-Low-Clay-1024x1024.jpg\" target=\"_self\">\n\t\t\t\t<img loading=\"lazy\" decoding=\"async\" src=\"https:\/\/lucalifestyle.com\/wp-content\/uploads\/2025\/03\/Bordo-New-Egg-Pot-Low-Clay-300x300.jpg\" alt=\"\" data-no-lazy=\"1\" width=\"300\" height=\"300\" \/>\n\t\t\t\t\t\t\t\t\t<!-- overlay start -->\n\t\t\t\t\t\t\t\t\tBordo New Egg Pot Low &#8211; Clay\t\t\t\t\t\t\t\t\n\t\t\t\t\t<!-- overlay end -->\n\t\t\t\t\t\t\t\t<\/a>\n\t\t\t\t\t\t\t\t<a href=\"https:\/\/lucalifestyle.com\/wp-content\/uploads\/2025\/03\/Bordo-Modern-Vase-Clay-1024x1024.jpg\" target=\"_self\">\n\t\t\t\t<img loading=\"lazy\" decoding=\"async\" src=\"https:\/\/lucalifestyle.com\/wp-content\/uploads\/2025\/03\/Bordo-Modern-Vase-Clay-300x300.jpg\" alt=\"\" data-no-lazy=\"1\" width=\"300\" height=\"300\" \/>\n\t\t\t\t\t\t\t\t\t<!-- overlay start -->\n\t\t\t\t\t\t\t\t\tBordo Modern Vase &#8211; Clay\t\t\t\t\t\t\t\t\n\t\t\t\t\t<!-- overlay end -->\n\t\t\t\t\t\t\t\t<\/a>\n\t\t\t\t\t\t\t\t<a href=\"https:\/\/lucalifestyle.com\/wp-content\/uploads\/2025\/03\/Bordo-Balloon-Earth-1024x1024.jpg\" target=\"_self\">\n\t\t\t\t<img loading=\"lazy\" decoding=\"async\" src=\"https:\/\/lucalifestyle.com\/wp-content\/uploads\/2025\/03\/Bordo-Balloon-Earth-300x300.jpg\" alt=\"\" data-no-lazy=\"1\" width=\"300\" height=\"300\" \/>\n\t\t\t\t\t\t\t\t\t<!-- overlay start -->\n\t\t\t\t\t\t\t\t\tBordo Balloon &#8211; Earth\t\t\t\t\t\t\t\t\n\t\t\t\t\t<!-- overlay end -->\n\t\t\t\t\t\t\t\t<\/a>\n\t\t\t\t\t\t\t\t<a href=\"https:\/\/lucalifestyle.com\/wp-content\/uploads\/2025\/03\/Bordo-Modern-Vase-Earth-1024x1024.jpg\" target=\"_self\">\n\t\t\t\t<img loading=\"lazy\" decoding=\"async\" src=\"https:\/\/lucalifestyle.com\/wp-content\/uploads\/2025\/03\/Bordo-Modern-Vase-Earth-300x300.jpg\" alt=\"\" data-no-lazy=\"1\" width=\"300\" height=\"300\" \/>\n\t\t\t\t\t\t\t\t\t<!-- overlay start -->\n\t\t\t\t\t\t\t\t\tBordo Modern Vase &#8211; Earth\t\t\t\t\t\t\t\t\n\t\t\t\t\t<!-- overlay end -->\n\t\t\t\t\t\t\t\t<\/a>\n\t\t\t\t\t\t\t\t<a href=\"https:\/\/lucalifestyle.com\/wp-content\/uploads\/2025\/03\/Bordo-New-Egg-Pot-Earth-1024x1024.jpg\" target=\"_self\">\n\t\t\t\t<img loading=\"lazy\" decoding=\"async\" src=\"https:\/\/lucalifestyle.com\/wp-content\/uploads\/2025\/03\/Bordo-New-Egg-Pot-Earth-300x300.jpg\" alt=\"\" data-no-lazy=\"1\" width=\"300\" height=\"300\" \/>\n\t\t\t\t\t\t\t\t\t<!-- overlay start -->\n\t\t\t\t\t\t\t\t\tBordo New Egg Pot &#8211; Earth\t\t\t\t\t\t\t\t\n\t\t\t\t\t<!-- overlay end -->\n\t\t\t\t\t\t\t\t<\/a>\n\t\t\t\t\t\t\t\t<a href=\"https:\/\/lucalifestyle.com\/wp-content\/uploads\/2025\/03\/Bordo-New-Egg-Pot-Low-Earth-1024x1024.jpg\" target=\"_self\">\n\t\t\t\t<img loading=\"lazy\" decoding=\"async\" src=\"https:\/\/lucalifestyle.com\/wp-content\/uploads\/2025\/03\/Bordo-New-Egg-Pot-Low-Earth-300x300.jpg\" alt=\"\" data-no-lazy=\"1\" width=\"300\" height=\"300\" \/>\n\t\t\t\t\t\t\t\t\t<!-- overlay start -->\n\t\t\t\t\t\t\t\t\tBordo New Egg Pot Low &#8211; Earth\t\t\t\t\t\t\t\t\n\t\t\t\t\t<!-- overlay end -->\n\t\t\t\t\t\t\t\t<\/a>\n\t\t\t\t\t\t\t\t<a href=\"https:\/\/lucalifestyle.com\/wp-content\/uploads\/2025\/03\/Bordo-Tall-Balloon-Earth-1024x1024.jpg\" target=\"_self\">\n\t\t\t\t<img loading=\"lazy\" decoding=\"async\" src=\"https:\/\/lucalifestyle.com\/wp-content\/uploads\/2025\/03\/Bordo-Tall-Balloon-Earth-300x300.jpg\" alt=\"\" data-no-lazy=\"1\" width=\"300\" height=\"300\" \/>\n\t\t\t\t\t\t\t\t\t<!-- overlay start -->\n\t\t\t\t\t\t\t\t\tBordo Tall Balloon &#8211; Earth\t\t\t\t\t\t\t\t\n\t\t\t\t\t<!-- overlay end -->\n\t\t\t\t\t\t\t\t<\/a>\n\t\t\t<a href=\"https:\/\/portal.lucalifestyle.com\/catalog?tn_cid=3&#038;tn_fk_cf=Bordo\" target=\"_blank\" rel=\"noopener\"class=\"uabb-button uabb-creative-button uabb-creative-default-btn   \"  role=\"button\">\n\t\t\t\t\t\tAnsicht in unserem B2B-Portal\n\t\t<\/a>\n\n","protected":false},"excerpt":{"rendered":"<p>Bordo Die Bordo-Kollektion besteht aus einer Kombination aus raffinierten Texturen und nat\u00fcrlichen Farben. Die detaillierten Kanten verleihen den Pflanz-gef\u00e4\u00dfen einen einzigartigen Charakter innerhalb der Kollektion. Kollektion ansehen Sand Clay Earth Nachstehend finden Sie eine \u00dcbersicht \u00fcber alle unsere T\u00f6pfe in verschiedenen Formen und Farben. F\u00fcr detaillierte Informationen, wie Gr\u00f6\u00dfen und Gewichte, loggen Sie sich in&hellip;<\/p>\n","protected":false},"author":20,"featured_media":0,"parent":5197,"menu_order":0,"comment_status":"closed","ping_status":"closed","template":"","meta":{"footnotes":""},"class_list":["post-12498","page","type-page","status-publish","hentry"],"yoast_head":"<!-- This site is optimized with the Yoast SEO plugin v27.3 - https:\/\/yoast.com\/product\/yoast-seo-wordpress\/ -->\n<title>Bordo - Luca Lifestyle<\/title>\n<meta name=\"robots\" content=\"index, follow, max-snippet:-1, max-image-preview:large, max-video-preview:-1\" \/>\n<link rel=\"canonical\" href=\"https:\/\/lucalifestyle.com\/de\/pflanzkuebeln\/bordo\/\" \/>\n<meta property=\"og:locale\" content=\"de_DE\" \/>\n<meta property=\"og:type\" content=\"article\" \/>\n<meta property=\"og:title\" content=\"Bordo - Luca Lifestyle\" \/>\n<meta property=\"og:description\" content=\"Bordo Die Bordo-Kollektion besteht aus einer Kombination aus raffinierten Texturen und nat\u00fcrlichen Farben. Die detaillierten Kanten verleihen den Pflanz-gef\u00e4\u00dfen einen einzigartigen Charakter innerhalb der Kollektion. Kollektion ansehen Sand Clay Earth Nachstehend finden Sie eine \u00dcbersicht \u00fcber alle unsere T\u00f6pfe in verschiedenen Formen und Farben. F\u00fcr detaillierte Informationen, wie Gr\u00f6\u00dfen und Gewichte, loggen Sie sich in&hellip;\" \/>\n<meta property=\"og:url\" content=\"https:\/\/lucalifestyle.com\/de\/pflanzkuebeln\/bordo\/\" \/>\n<meta property=\"og:site_name\" content=\"Luca Lifestyle\" \/>\n<meta property=\"article:publisher\" content=\"https:\/\/www.facebook.com\/LucaLifestyle.nl\" \/>\n<meta property=\"article:modified_time\" content=\"2025-05-06T08:57:35+00:00\" \/>\n<meta property=\"og:image\" content=\"https:\/\/lucalifestyle.com\/wp-content\/uploads\/2024\/02\/Bordo-Sand.jpg\" \/>\n<meta name=\"twitter:card\" content=\"summary_large_image\" \/>\n<meta name=\"twitter:label1\" content=\"Gesch\u00e4tzte Lesezeit\" \/>\n\t<meta name=\"twitter:data1\" content=\"1\u00a0Minute\" \/>\n<script type=\"application\/ld+json\" class=\"yoast-schema-graph\">{\"@context\":\"https:\\\/\\\/schema.org\",\"@graph\":[{\"@type\":\"WebPage\",\"@id\":\"https:\\\/\\\/lucalifestyle.com\\\/de\\\/pflanzkuebeln\\\/bordo\\\/\",\"url\":\"https:\\\/\\\/lucalifestyle.com\\\/de\\\/pflanzkuebeln\\\/bordo\\\/\",\"name\":\"Bordo - Luca Lifestyle\",\"isPartOf\":{\"@id\":\"https:\\\/\\\/lucalifestyle.com\\\/de\\\/#website\"},\"primaryImageOfPage\":{\"@id\":\"https:\\\/\\\/lucalifestyle.com\\\/de\\\/pflanzkuebeln\\\/bordo\\\/#primaryimage\"},\"image\":{\"@id\":\"https:\\\/\\\/lucalifestyle.com\\\/de\\\/pflanzkuebeln\\\/bordo\\\/#primaryimage\"},\"thumbnailUrl\":\"https:\\\/\\\/lucalifestyle.com\\\/wp-content\\\/uploads\\\/2024\\\/02\\\/Bordo-Sand.jpg\",\"datePublished\":\"2025-03-27T15:40:16+00:00\",\"dateModified\":\"2025-05-06T08:57:35+00:00\",\"breadcrumb\":{\"@id\":\"https:\\\/\\\/lucalifestyle.com\\\/de\\\/pflanzkuebeln\\\/bordo\\\/#breadcrumb\"},\"inLanguage\":\"de\",\"potentialAction\":[{\"@type\":\"ReadAction\",\"target\":[\"https:\\\/\\\/lucalifestyle.com\\\/de\\\/pflanzkuebeln\\\/bordo\\\/\"]}]},{\"@type\":\"ImageObject\",\"inLanguage\":\"de\",\"@id\":\"https:\\\/\\\/lucalifestyle.com\\\/de\\\/pflanzkuebeln\\\/bordo\\\/#primaryimage\",\"url\":\"https:\\\/\\\/lucalifestyle.com\\\/wp-content\\\/uploads\\\/2024\\\/02\\\/Bordo-Sand.jpg\",\"contentUrl\":\"https:\\\/\\\/lucalifestyle.com\\\/wp-content\\\/uploads\\\/2024\\\/02\\\/Bordo-Sand.jpg\"},{\"@type\":\"BreadcrumbList\",\"@id\":\"https:\\\/\\\/lucalifestyle.com\\\/de\\\/pflanzkuebeln\\\/bordo\\\/#breadcrumb\",\"itemListElement\":[{\"@type\":\"ListItem\",\"position\":1,\"name\":\"Home\",\"item\":\"https:\\\/\\\/lucalifestyle.com\\\/de\\\/\"},{\"@type\":\"ListItem\",\"position\":2,\"name\":\"Kollektion\",\"item\":\"https:\\\/\\\/lucalifestyle.com\\\/de\\\/kollektion\\\/\"},{\"@type\":\"ListItem\",\"position\":3,\"name\":\"Pflanzk\u00fcbel\",\"item\":\"https:\\\/\\\/lucalifestyle.com\\\/de\\\/kollektion\\\/pflanzkuebeln\\\/\"},{\"@type\":\"ListItem\",\"position\":4,\"name\":\"Bordo\"}]},{\"@type\":\"WebSite\",\"@id\":\"https:\\\/\\\/lucalifestyle.com\\\/de\\\/#website\",\"url\":\"https:\\\/\\\/lucalifestyle.com\\\/de\\\/\",\"name\":\"Luca Lifestyle\",\"description\":\"Makes the world look better.\",\"publisher\":{\"@id\":\"https:\\\/\\\/lucalifestyle.com\\\/de\\\/#organization\"},\"alternateName\":\"Luca\",\"potentialAction\":[{\"@type\":\"SearchAction\",\"target\":{\"@type\":\"EntryPoint\",\"urlTemplate\":\"https:\\\/\\\/lucalifestyle.com\\\/de\\\/?s={search_term_string}\"},\"query-input\":{\"@type\":\"PropertyValueSpecification\",\"valueRequired\":true,\"valueName\":\"search_term_string\"}}],\"inLanguage\":\"de\"},{\"@type\":\"Organization\",\"@id\":\"https:\\\/\\\/lucalifestyle.com\\\/de\\\/#organization\",\"name\":\"Luca Lifestyle\",\"url\":\"https:\\\/\\\/lucalifestyle.com\\\/de\\\/\",\"logo\":{\"@type\":\"ImageObject\",\"inLanguage\":\"de\",\"@id\":\"https:\\\/\\\/lucalifestyle.com\\\/de\\\/#\\\/schema\\\/logo\\\/image\\\/\",\"url\":\"https:\\\/\\\/lucalifestyle.com\\\/wp-content\\\/uploads\\\/2026\\\/01\\\/Logo-Pinterest.jpg\",\"contentUrl\":\"https:\\\/\\\/lucalifestyle.com\\\/wp-content\\\/uploads\\\/2026\\\/01\\\/Logo-Pinterest.jpg\",\"width\":614,\"height\":648,\"caption\":\"Luca Lifestyle\"},\"image\":{\"@id\":\"https:\\\/\\\/lucalifestyle.com\\\/de\\\/#\\\/schema\\\/logo\\\/image\\\/\"},\"sameAs\":[\"https:\\\/\\\/www.facebook.com\\\/LucaLifestyle.nl\",\"https:\\\/\\\/www.instagram.com\\\/lucalifestyleofficial\\\/\",\"https:\\\/\\\/nl.pinterest.com\\\/lucalifestyle\\\/\",\"https:\\\/\\\/www.linkedin.com\\\/company\\\/luca-lifestyle\\\/\"]}]}<\/script>\n<!-- \/ Yoast SEO plugin. -->","yoast_head_json":{"title":"Bordo - Luca Lifestyle","robots":{"index":"index","follow":"follow","max-snippet":"max-snippet:-1","max-image-preview":"max-image-preview:large","max-video-preview":"max-video-preview:-1"},"canonical":"https:\/\/lucalifestyle.com\/de\/pflanzkuebeln\/bordo\/","og_locale":"de_DE","og_type":"article","og_title":"Bordo - Luca Lifestyle","og_description":"Bordo Die Bordo-Kollektion besteht aus einer Kombination aus raffinierten Texturen und nat\u00fcrlichen Farben. Die detaillierten Kanten verleihen den Pflanz-gef\u00e4\u00dfen einen einzigartigen Charakter innerhalb der Kollektion. Kollektion ansehen Sand Clay Earth Nachstehend finden Sie eine \u00dcbersicht \u00fcber alle unsere T\u00f6pfe in verschiedenen Formen und Farben. F\u00fcr detaillierte Informationen, wie Gr\u00f6\u00dfen und Gewichte, loggen Sie sich in&hellip;","og_url":"https:\/\/lucalifestyle.com\/de\/pflanzkuebeln\/bordo\/","og_site_name":"Luca Lifestyle","article_publisher":"https:\/\/www.facebook.com\/LucaLifestyle.nl","article_modified_time":"2025-05-06T08:57:35+00:00","og_image":[{"url":"https:\/\/lucalifestyle.com\/wp-content\/uploads\/2024\/02\/Bordo-Sand.jpg","type":"","width":"","height":""}],"twitter_card":"summary_large_image","twitter_misc":{"Gesch\u00e4tzte Lesezeit":"1\u00a0Minute"},"schema":{"@context":"https:\/\/schema.org","@graph":[{"@type":"WebPage","@id":"https:\/\/lucalifestyle.com\/de\/pflanzkuebeln\/bordo\/","url":"https:\/\/lucalifestyle.com\/de\/pflanzkuebeln\/bordo\/","name":"Bordo - Luca Lifestyle","isPartOf":{"@id":"https:\/\/lucalifestyle.com\/de\/#website"},"primaryImageOfPage":{"@id":"https:\/\/lucalifestyle.com\/de\/pflanzkuebeln\/bordo\/#primaryimage"},"image":{"@id":"https:\/\/lucalifestyle.com\/de\/pflanzkuebeln\/bordo\/#primaryimage"},"thumbnailUrl":"https:\/\/lucalifestyle.com\/wp-content\/uploads\/2024\/02\/Bordo-Sand.jpg","datePublished":"2025-03-27T15:40:16+00:00","dateModified":"2025-05-06T08:57:35+00:00","breadcrumb":{"@id":"https:\/\/lucalifestyle.com\/de\/pflanzkuebeln\/bordo\/#breadcrumb"},"inLanguage":"de","potentialAction":[{"@type":"ReadAction","target":["https:\/\/lucalifestyle.com\/de\/pflanzkuebeln\/bordo\/"]}]},{"@type":"ImageObject","inLanguage":"de","@id":"https:\/\/lucalifestyle.com\/de\/pflanzkuebeln\/bordo\/#primaryimage","url":"https:\/\/lucalifestyle.com\/wp-content\/uploads\/2024\/02\/Bordo-Sand.jpg","contentUrl":"https:\/\/lucalifestyle.com\/wp-content\/uploads\/2024\/02\/Bordo-Sand.jpg"},{"@type":"BreadcrumbList","@id":"https:\/\/lucalifestyle.com\/de\/pflanzkuebeln\/bordo\/#breadcrumb","itemListElement":[{"@type":"ListItem","position":1,"name":"Home","item":"https:\/\/lucalifestyle.com\/de\/"},{"@type":"ListItem","position":2,"name":"Kollektion","item":"https:\/\/lucalifestyle.com\/de\/kollektion\/"},{"@type":"ListItem","position":3,"name":"Pflanzk\u00fcbel","item":"https:\/\/lucalifestyle.com\/de\/kollektion\/pflanzkuebeln\/"},{"@type":"ListItem","position":4,"name":"Bordo"}]},{"@type":"WebSite","@id":"https:\/\/lucalifestyle.com\/de\/#website","url":"https:\/\/lucalifestyle.com\/de\/","name":"Luca Lifestyle","description":"Makes the world look better.","publisher":{"@id":"https:\/\/lucalifestyle.com\/de\/#organization"},"alternateName":"Luca","potentialAction":[{"@type":"SearchAction","target":{"@type":"EntryPoint","urlTemplate":"https:\/\/lucalifestyle.com\/de\/?s={search_term_string}"},"query-input":{"@type":"PropertyValueSpecification","valueRequired":true,"valueName":"search_term_string"}}],"inLanguage":"de"},{"@type":"Organization","@id":"https:\/\/lucalifestyle.com\/de\/#organization","name":"Luca Lifestyle","url":"https:\/\/lucalifestyle.com\/de\/","logo":{"@type":"ImageObject","inLanguage":"de","@id":"https:\/\/lucalifestyle.com\/de\/#\/schema\/logo\/image\/","url":"https:\/\/lucalifestyle.com\/wp-content\/uploads\/2026\/01\/Logo-Pinterest.jpg","contentUrl":"https:\/\/lucalifestyle.com\/wp-content\/uploads\/2026\/01\/Logo-Pinterest.jpg","width":614,"height":648,"caption":"Luca Lifestyle"},"image":{"@id":"https:\/\/lucalifestyle.com\/de\/#\/schema\/logo\/image\/"},"sameAs":["https:\/\/www.facebook.com\/LucaLifestyle.nl","https:\/\/www.instagram.com\/lucalifestyleofficial\/","https:\/\/nl.pinterest.com\/lucalifestyle\/","https:\/\/www.linkedin.com\/company\/luca-lifestyle\/"]}]}},"_links":{"self":[{"href":"https:\/\/lucalifestyle.com\/de\/wp-json\/wp\/v2\/pages\/12498","targetHints":{"allow":["GET"]}}],"collection":[{"href":"https:\/\/lucalifestyle.com\/de\/wp-json\/wp\/v2\/pages"}],"about":[{"href":"https:\/\/lucalifestyle.com\/de\/wp-json\/wp\/v2\/types\/page"}],"author":[{"embeddable":true,"href":"https:\/\/lucalifestyle.com\/de\/wp-json\/wp\/v2\/users\/20"}],"replies":[{"embeddable":true,"href":"https:\/\/lucalifestyle.com\/de\/wp-json\/wp\/v2\/comments?post=12498"}],"version-history":[{"count":0,"href":"https:\/\/lucalifestyle.com\/de\/wp-json\/wp\/v2\/pages\/12498\/revisions"}],"up":[{"embeddable":true,"href":"https:\/\/lucalifestyle.com\/de\/wp-json\/wp\/v2\/pages\/5197"}],"wp:attachment":[{"href":"https:\/\/lucalifestyle.com\/de\/wp-json\/wp\/v2\/media?parent=12498"}],"curies":[{"name":"wp","href":"https:\/\/api.w.org\/{rel}","templated":true}]}}