{"id":10846,"date":"2025-02-10T11:55:15","date_gmt":"2025-02-10T10:55:15","guid":{"rendered":"https:\/\/lucalifestyle.com\/home\/"},"modified":"2025-11-03T15:09:08","modified_gmt":"2025-11-03T14:09:08","slug":"home","status":"publish","type":"page","link":"https:\/\/lucalifestyle.com\/de\/","title":{"rendered":"Home"},"content":{"rendered":"\n\n\t<p>Makes the world look better.<\/p>\n\t<p>Since 2015<\/p>\n\t<p>Die Kollektionen<\/p>\n\t<p>Die Pflanzgef\u00e4\u00df-Kollektion von Luca Lifestyle bietet eine gro\u00dfe Vielfalt an Strukturen, Formen und Farben.<\/p>\n<p>Von der hellen Betonstruktur der Grigio-Serie, \u00fcber die grobe Tonstruktur der Terreno-Serie bis hin zur einzigartigen Bordo-Serie bietet die Kollektion f\u00fcr jeden etwas.<\/p>\n<p>Aufgrund der Materialzusammensetzung sind die Produkte in kleinen bis gro\u00dfen Gr\u00f6\u00dfen, bis zu 120 cm Durchmesser, erh\u00e4ltlich.<\/p>\n<p>Unsere Pflanzgef\u00e4\u00dfe verf\u00fcgen standardm\u00e4\u00dfig \u00fcber folgende Ausstattung:<\/p>\n\t\t\t<a href=\"https:\/\/lucalifestyle.com\/de\/kollektion\/pflanzkuebeln\/\" target=\"_self\"  role=\"button\">\n\t\t\t\t\t\tKollektionen Ansehen\n\t\t<\/a>\n\t\t\t<a href=\"https:\/\/lucalifestyle.com\/de\/kollektion\/pflanzkuebeln\/grigio\/\" target=\"_self\">\n\t\t\t\t\t\t\t<img loading=\"lazy\" decoding=\"async\" src=\"https:\/\/lucalifestyle.com\/wp-content\/uploads\/2025\/03\/Grigio-button.png\" alt=\"Grigio button\" width=\"100\" height=\"100\" \/>\n\t\t\t\t\tGrigio\n\t\t\t\t\t\t\t\t\t\t\t\n\t\t<\/a>\n\t\t\t<a href=\"https:\/\/lucalifestyle.com\/de\/kollektion\/pflanzkuebeln\/grigio-metallic\/\" target=\"_self\">\n\t\t\t\t\t\t\t<img loading=\"lazy\" decoding=\"async\" src=\"https:\/\/lucalifestyle.com\/wp-content\/uploads\/2025\/03\/Grigio-Metallic-button.png\" alt=\"Grigio Metallic button\" width=\"100\" height=\"100\" \/>\n\t\t\t\t\tGrigio Metallic\n\t\t\t\t\t\t\t\t\t\t\t\n\t\t<\/a>\n\t\t\t<a href=\"https:\/\/lucalifestyle.com\/de\/kollektion\/pflanzkuebeln\/terreno\/\" target=\"_self\">\n\t\t\t\t\t\t\t<img loading=\"lazy\" decoding=\"async\" src=\"https:\/\/lucalifestyle.com\/wp-content\/uploads\/2025\/03\/Terreno-button.png\" alt=\"Terreno button\" width=\"100\" height=\"100\" \/>\n\t\t\t\t\tTerreno\n\t\t\t\t\t\t\t\t\t\t\t\n\t\t<\/a>\n\t\t\t<a href=\"https:\/\/lucalifestyle.com\/de\/kollektion\/pflanzkuebeln\/bordo\/\" target=\"_self\">\n\t\t\t\t\t\t\t<img loading=\"lazy\" decoding=\"async\" src=\"https:\/\/lucalifestyle.com\/wp-content\/uploads\/2025\/03\/Bordo-button.png\" alt=\"Bordo button\" width=\"100\" height=\"100\" \/>\n\t\t\t\t\tBordo\n\t\t\t\t\t\t\t\t\t\t\t\n\t\t<\/a>\n\t\t\t<a href=\"https:\/\/lucalifestyle.com\/de\/kollektion\/pflanzkuebeln\/ruvido\/\" target=\"_self\">\n\t\t\t\t\t\t\t<img loading=\"lazy\" decoding=\"async\" src=\"https:\/\/lucalifestyle.com\/wp-content\/uploads\/2025\/03\/Ruvido-button.png\" alt=\"Ruvido button\" width=\"100\" height=\"100\" \/>\n\t\t\t\t\tRuvido\n\t\t\t\t\t\t\t\t\t\t\t\n\t\t<\/a>\n\t\t\t<a href=\"https:\/\/lucalifestyle.com\/de\/kollektion\/pflanzkuebeln\/argento\/\" target=\"_self\">\n\t\t\t\t\t\t\t<img loading=\"lazy\" decoding=\"async\" src=\"https:\/\/lucalifestyle.com\/wp-content\/uploads\/2025\/03\/Argento-button.png\" alt=\"Argento button\" width=\"100\" height=\"100\" \/>\n\t\t\t\t\tArgento\n\t\t\t\t\t\t\t\t\t\t\t\n\t\t<\/a>\n\t\t\t<a href=\"https:\/\/lucalifestyle.com\/de\/kollektion\/pflanzkuebeln\/stretto\/\" target=\"_self\">\n\t\t\t\t\t\t\t<img loading=\"lazy\" decoding=\"async\" src=\"https:\/\/lucalifestyle.com\/wp-content\/uploads\/2025\/03\/Stretto-button.png\" alt=\"Stretto button\" width=\"100\" height=\"100\" \/>\n\t\t\t\t\tStretto\n\t\t\t\t\t\t\t\t\t\t\t\n\t\t<\/a>\n\t\t\tHochwertige Qualit\u00e4t\n\t\t\t\t\t\t\t\t\t\t\t\n\t\t\t<p>Luca Lifestyle kombiniert das Beste aus 2 Welten: Pflanzgef\u00e4\u00dfe mit nat\u00fcrlichem Aussehen, aber mit der robusten und pflegeleichten Beschaffenheit von Polyester. Dadurch sind alle Produkte leicht, witterungsbest\u00e4ndig und k\u00f6nnen sowohl im Innen- als auch im Au\u00dfenbereich verwendet werden.<\/p>\n\t\t\tWeltweit verf\u00fcgbar\n\t\t\t\t\t\t\t\t\t\t\t\n\t\t\t<p>Unsere Produkte k\u00f6nnen weltweit per Direktcontainer aus unserer Fabrik in Vietnam oder direkt aus unserem eigenen Lager verschickt werden. In unserem Lager in Veen (Nordbrabant, Niederlande) ist der gr\u00f6\u00dfte Teil der Kollektion sofort verf\u00fcgbar.<\/p>\n\t\t\tAusgezeichneter Service\n\t\t\t\t\t\t\t\t\t\t\t\n\t\t\t<p>Unser erfahrenes Team ber\u00e4t Sie gerne bei der Zusammenstellung einer Kollektion, der richtigen Auswahl von Projekten und hilft bei anderen Fragen. Der pers\u00f6nliche Kontakt gew\u00e4hrleistet eine optimale Zusammenarbeit, auf die wir bei Luca Lifestyle gro\u00dfen Wert legen. Wir freuen uns, Ihnen zur Verf\u00fcgung zu stehen.<\/p>\n\t<p>Made with love, in Vietnam<\/p>\n\t<p>Luca Lifestyle bringt eine einzigartige Linie von Pflanzgef\u00e4\u00dfen auf den Markt, bei der Tradition und Innovation Hand in Hand gehen. Die Produktion erfolgt in Vietnam, einem Land mit einer langen Tradition in der Herstellung hochwertiger Pflanzgef\u00e4\u00dfe. Durch die eigene Produktionsst\u00e4tte garantiert Luca Lifestyle Qualit\u00e4t.<\/p>\n\t\t\t<a href=\"https:\/\/lucalifestyle.com\/de\/kollektion\/produktion\/\" target=\"_self\"  role=\"button\">\n\t\t\t\t\t\tProduktion Ansehen\n\t\t<\/a>\n\t<p>M\u00f6chten Sie mehr \u00fcber Luca Lifestyle erfahren?<\/p>\n\t<p>Klicken Sie <a href=\"https:\/\/lucalifestyle.com\/de\/uber\/\">hier<\/a>.<\/p>\n\t<p>Die Plattform<\/p>\n\t<p>Auf unserer Online-H\u00e4ndlerplattform k\u00f6nnen Sie Ihre Bestellungen ganz einfach verwalten. In unseren umfangreichen Katalogen finden Sie unsere Produkte in allen Formen, Gr\u00f6\u00dfen und Farben. Nat\u00fcrlich mit ausf\u00fchrlichen Spezifikationen und professionellen Bildern.<\/p>\n\n","protected":false},"excerpt":{"rendered":"<p>Makes the world look better. Since 2015 Die Kollektionen Die Pflanzgef\u00e4\u00df-Kollektion von Luca Lifestyle bietet eine gro\u00dfe Vielfalt an Strukturen, Formen und Farben. Von der hellen Betonstruktur der Grigio-Serie, \u00fcber die grobe Tonstruktur der Terreno-Serie bis hin zur einzigartigen Bordo-Serie bietet die Kollektion f\u00fcr jeden etwas. Aufgrund der Materialzusammensetzung sind die Produkte in kleinen bis&hellip;<\/p>\n","protected":false},"author":1,"featured_media":0,"parent":0,"menu_order":0,"comment_status":"closed","ping_status":"closed","template":"","meta":{"footnotes":""},"class_list":["post-10846","page","type-page","status-publish","hentry"],"yoast_head":"<!-- This site is optimized with the Yoast SEO plugin v27.3 - https:\/\/yoast.com\/product\/yoast-seo-wordpress\/ -->\n<title>Home - Luca Lifestyle<\/title>\n<meta name=\"robots\" content=\"index, follow, max-snippet:-1, max-image-preview:large, max-video-preview:-1\" \/>\n<link rel=\"canonical\" href=\"https:\/\/lucalifestyle.com\/de\/\" \/>\n<meta property=\"og:locale\" content=\"de_DE\" \/>\n<meta property=\"og:type\" content=\"article\" \/>\n<meta property=\"og:title\" content=\"Home - Luca Lifestyle\" \/>\n<meta property=\"og:description\" content=\"Makes the world look better. Since 2015 Die Kollektionen Die Pflanzgef\u00e4\u00df-Kollektion von Luca Lifestyle bietet eine gro\u00dfe Vielfalt an Strukturen, Formen und Farben. Von der hellen Betonstruktur der Grigio-Serie, \u00fcber die grobe Tonstruktur der Terreno-Serie bis hin zur einzigartigen Bordo-Serie bietet die Kollektion f\u00fcr jeden etwas. Aufgrund der Materialzusammensetzung sind die Produkte in kleinen bis&hellip;\" \/>\n<meta property=\"og:url\" content=\"https:\/\/lucalifestyle.com\/de\/\" \/>\n<meta property=\"og:site_name\" content=\"Luca Lifestyle\" \/>\n<meta property=\"article:publisher\" content=\"https:\/\/www.facebook.com\/LucaLifestyle.nl\" \/>\n<meta property=\"article:modified_time\" content=\"2025-11-03T14:09:08+00:00\" \/>\n<meta property=\"og:image\" content=\"https:\/\/lucalifestyle.com\/wp-content\/uploads\/2025\/03\/Grigio-button.png\" \/>\n<meta name=\"twitter:card\" content=\"summary_large_image\" \/>\n<meta name=\"twitter:label1\" content=\"Gesch\u00e4tzte Lesezeit\" \/>\n\t<meta name=\"twitter:data1\" content=\"2\u00a0Minuten\" \/>\n<script type=\"application\/ld+json\" class=\"yoast-schema-graph\">{\"@context\":\"https:\\\/\\\/schema.org\",\"@graph\":[{\"@type\":\"WebPage\",\"@id\":\"https:\\\/\\\/lucalifestyle.com\\\/de\\\/\",\"url\":\"https:\\\/\\\/lucalifestyle.com\\\/de\\\/\",\"name\":\"Home - Luca Lifestyle\",\"isPartOf\":{\"@id\":\"https:\\\/\\\/lucalifestyle.com\\\/de\\\/#website\"},\"primaryImageOfPage\":{\"@id\":\"https:\\\/\\\/lucalifestyle.com\\\/de\\\/#primaryimage\"},\"image\":{\"@id\":\"https:\\\/\\\/lucalifestyle.com\\\/de\\\/#primaryimage\"},\"thumbnailUrl\":\"https:\\\/\\\/lucalifestyle.com\\\/wp-content\\\/uploads\\\/2025\\\/03\\\/Grigio-button.png\",\"datePublished\":\"2025-02-10T10:55:15+00:00\",\"dateModified\":\"2025-11-03T14:09:08+00:00\",\"breadcrumb\":{\"@id\":\"https:\\\/\\\/lucalifestyle.com\\\/de\\\/#breadcrumb\"},\"inLanguage\":\"de\",\"potentialAction\":[{\"@type\":\"ReadAction\",\"target\":[\"https:\\\/\\\/lucalifestyle.com\\\/de\\\/\"]}]},{\"@type\":\"ImageObject\",\"inLanguage\":\"de\",\"@id\":\"https:\\\/\\\/lucalifestyle.com\\\/de\\\/#primaryimage\",\"url\":\"https:\\\/\\\/lucalifestyle.com\\\/wp-content\\\/uploads\\\/2025\\\/03\\\/Grigio-button.png\",\"contentUrl\":\"https:\\\/\\\/lucalifestyle.com\\\/wp-content\\\/uploads\\\/2025\\\/03\\\/Grigio-button.png\"},{\"@type\":\"BreadcrumbList\",\"@id\":\"https:\\\/\\\/lucalifestyle.com\\\/de\\\/#breadcrumb\",\"itemListElement\":[{\"@type\":\"ListItem\",\"position\":1,\"name\":\"Home\",\"item\":\"https:\\\/\\\/lucalifestyle.com\\\/de\\\/\"},{\"@type\":\"ListItem\",\"position\":2,\"name\":\"Home\"}]},{\"@type\":\"WebSite\",\"@id\":\"https:\\\/\\\/lucalifestyle.com\\\/de\\\/#website\",\"url\":\"https:\\\/\\\/lucalifestyle.com\\\/de\\\/\",\"name\":\"Luca Lifestyle\",\"description\":\"Makes the world look better.\",\"publisher\":{\"@id\":\"https:\\\/\\\/lucalifestyle.com\\\/de\\\/#organization\"},\"alternateName\":\"Luca\",\"potentialAction\":[{\"@type\":\"SearchAction\",\"target\":{\"@type\":\"EntryPoint\",\"urlTemplate\":\"https:\\\/\\\/lucalifestyle.com\\\/de\\\/?s={search_term_string}\"},\"query-input\":{\"@type\":\"PropertyValueSpecification\",\"valueRequired\":true,\"valueName\":\"search_term_string\"}}],\"inLanguage\":\"de\"},{\"@type\":\"Organization\",\"@id\":\"https:\\\/\\\/lucalifestyle.com\\\/de\\\/#organization\",\"name\":\"Luca Lifestyle\",\"url\":\"https:\\\/\\\/lucalifestyle.com\\\/de\\\/\",\"logo\":{\"@type\":\"ImageObject\",\"inLanguage\":\"de\",\"@id\":\"https:\\\/\\\/lucalifestyle.com\\\/de\\\/#\\\/schema\\\/logo\\\/image\\\/\",\"url\":\"https:\\\/\\\/lucalifestyle.com\\\/wp-content\\\/uploads\\\/2026\\\/01\\\/Logo-Pinterest.jpg\",\"contentUrl\":\"https:\\\/\\\/lucalifestyle.com\\\/wp-content\\\/uploads\\\/2026\\\/01\\\/Logo-Pinterest.jpg\",\"width\":614,\"height\":648,\"caption\":\"Luca Lifestyle\"},\"image\":{\"@id\":\"https:\\\/\\\/lucalifestyle.com\\\/de\\\/#\\\/schema\\\/logo\\\/image\\\/\"},\"sameAs\":[\"https:\\\/\\\/www.facebook.com\\\/LucaLifestyle.nl\",\"https:\\\/\\\/www.instagram.com\\\/lucalifestyleofficial\\\/\",\"https:\\\/\\\/nl.pinterest.com\\\/lucalifestyle\\\/\",\"https:\\\/\\\/www.linkedin.com\\\/company\\\/luca-lifestyle\\\/\"]}]}<\/script>\n<!-- \/ Yoast SEO plugin. -->","yoast_head_json":{"title":"Home - Luca Lifestyle","robots":{"index":"index","follow":"follow","max-snippet":"max-snippet:-1","max-image-preview":"max-image-preview:large","max-video-preview":"max-video-preview:-1"},"canonical":"https:\/\/lucalifestyle.com\/de\/","og_locale":"de_DE","og_type":"article","og_title":"Home - Luca Lifestyle","og_description":"Makes the world look better. Since 2015 Die Kollektionen Die Pflanzgef\u00e4\u00df-Kollektion von Luca Lifestyle bietet eine gro\u00dfe Vielfalt an Strukturen, Formen und Farben. Von der hellen Betonstruktur der Grigio-Serie, \u00fcber die grobe Tonstruktur der Terreno-Serie bis hin zur einzigartigen Bordo-Serie bietet die Kollektion f\u00fcr jeden etwas. Aufgrund der Materialzusammensetzung sind die Produkte in kleinen bis&hellip;","og_url":"https:\/\/lucalifestyle.com\/de\/","og_site_name":"Luca Lifestyle","article_publisher":"https:\/\/www.facebook.com\/LucaLifestyle.nl","article_modified_time":"2025-11-03T14:09:08+00:00","og_image":[{"url":"https:\/\/lucalifestyle.com\/wp-content\/uploads\/2025\/03\/Grigio-button.png","type":"","width":"","height":""}],"twitter_card":"summary_large_image","twitter_misc":{"Gesch\u00e4tzte Lesezeit":"2\u00a0Minuten"},"schema":{"@context":"https:\/\/schema.org","@graph":[{"@type":"WebPage","@id":"https:\/\/lucalifestyle.com\/de\/","url":"https:\/\/lucalifestyle.com\/de\/","name":"Home - Luca Lifestyle","isPartOf":{"@id":"https:\/\/lucalifestyle.com\/de\/#website"},"primaryImageOfPage":{"@id":"https:\/\/lucalifestyle.com\/de\/#primaryimage"},"image":{"@id":"https:\/\/lucalifestyle.com\/de\/#primaryimage"},"thumbnailUrl":"https:\/\/lucalifestyle.com\/wp-content\/uploads\/2025\/03\/Grigio-button.png","datePublished":"2025-02-10T10:55:15+00:00","dateModified":"2025-11-03T14:09:08+00:00","breadcrumb":{"@id":"https:\/\/lucalifestyle.com\/de\/#breadcrumb"},"inLanguage":"de","potentialAction":[{"@type":"ReadAction","target":["https:\/\/lucalifestyle.com\/de\/"]}]},{"@type":"ImageObject","inLanguage":"de","@id":"https:\/\/lucalifestyle.com\/de\/#primaryimage","url":"https:\/\/lucalifestyle.com\/wp-content\/uploads\/2025\/03\/Grigio-button.png","contentUrl":"https:\/\/lucalifestyle.com\/wp-content\/uploads\/2025\/03\/Grigio-button.png"},{"@type":"BreadcrumbList","@id":"https:\/\/lucalifestyle.com\/de\/#breadcrumb","itemListElement":[{"@type":"ListItem","position":1,"name":"Home","item":"https:\/\/lucalifestyle.com\/de\/"},{"@type":"ListItem","position":2,"name":"Home"}]},{"@type":"WebSite","@id":"https:\/\/lucalifestyle.com\/de\/#website","url":"https:\/\/lucalifestyle.com\/de\/","name":"Luca Lifestyle","description":"Makes the world look better.","publisher":{"@id":"https:\/\/lucalifestyle.com\/de\/#organization"},"alternateName":"Luca","potentialAction":[{"@type":"SearchAction","target":{"@type":"EntryPoint","urlTemplate":"https:\/\/lucalifestyle.com\/de\/?s={search_term_string}"},"query-input":{"@type":"PropertyValueSpecification","valueRequired":true,"valueName":"search_term_string"}}],"inLanguage":"de"},{"@type":"Organization","@id":"https:\/\/lucalifestyle.com\/de\/#organization","name":"Luca Lifestyle","url":"https:\/\/lucalifestyle.com\/de\/","logo":{"@type":"ImageObject","inLanguage":"de","@id":"https:\/\/lucalifestyle.com\/de\/#\/schema\/logo\/image\/","url":"https:\/\/lucalifestyle.com\/wp-content\/uploads\/2026\/01\/Logo-Pinterest.jpg","contentUrl":"https:\/\/lucalifestyle.com\/wp-content\/uploads\/2026\/01\/Logo-Pinterest.jpg","width":614,"height":648,"caption":"Luca Lifestyle"},"image":{"@id":"https:\/\/lucalifestyle.com\/de\/#\/schema\/logo\/image\/"},"sameAs":["https:\/\/www.facebook.com\/LucaLifestyle.nl","https:\/\/www.instagram.com\/lucalifestyleofficial\/","https:\/\/nl.pinterest.com\/lucalifestyle\/","https:\/\/www.linkedin.com\/company\/luca-lifestyle\/"]}]}},"_links":{"self":[{"href":"https:\/\/lucalifestyle.com\/de\/wp-json\/wp\/v2\/pages\/10846","targetHints":{"allow":["GET"]}}],"collection":[{"href":"https:\/\/lucalifestyle.com\/de\/wp-json\/wp\/v2\/pages"}],"about":[{"href":"https:\/\/lucalifestyle.com\/de\/wp-json\/wp\/v2\/types\/page"}],"author":[{"embeddable":true,"href":"https:\/\/lucalifestyle.com\/de\/wp-json\/wp\/v2\/users\/1"}],"replies":[{"embeddable":true,"href":"https:\/\/lucalifestyle.com\/de\/wp-json\/wp\/v2\/comments?post=10846"}],"version-history":[{"count":0,"href":"https:\/\/lucalifestyle.com\/de\/wp-json\/wp\/v2\/pages\/10846\/revisions"}],"wp:attachment":[{"href":"https:\/\/lucalifestyle.com\/de\/wp-json\/wp\/v2\/media?parent=10846"}],"curies":[{"name":"wp","href":"https:\/\/api.w.org\/{rel}","templated":true}]}}